{"id":9890,"date":"2025-01-20T08:37:16","date_gmt":"2025-01-20T08:37:16","guid":{"rendered":"https:\/\/lofimusic.com.es\/index.php\/producto\/b0dr8ytpkp_it\/"},"modified":"2025-01-20T08:37:16","modified_gmt":"2025-01-20T08:37:16","slug":"b0dr8ytpkp_it","status":"publish","type":"product","link":"https:\/\/lofimusic.com.es\/index.php\/producto\/b0dr8ytpkp_it\/","title":{"rendered":"B0DR8YTPKP_IT"},"content":{"rendered":"<p>&#8211; \u3010Processore Alder Lake-N100 di 12a generazione\u3011Il Mini PC \u00e8 dotato di un processore Alder Lake-N100 di 12a generazione con 4 core, 4 thread e una velocit\u00e0 massima di burst di 3,4 GHz, che offre un miglioramento delle prestazioni del 20% rispetto alle CPU N5105 e N5095. Ideale per le aziende, l&#8217;uso personale e l&#8217;intrattenimento domestico, garantisce un funzionamento fluido e tempi di risposta rapidi.<br \/>\n&#8211; \u3010Ampio spazio di archiviazione con opzioni di espansione\u3011Il mini PC N100 dispone di 16 GB di RAM DDR4 e 500 GB di SSD M.2. I 16 GB di memoria ad alte prestazioni e la velocit\u00e0 di archiviazione garantendo una risposta pi\u00f9 rapida per i giochi e l&#8217;elaborazione dei dati di progettazione.500 GB di unit\u00e0 SSD M.2 offrono un&#8217;ampia quantit\u00e0 di memoria per l&#8217;archiviazione di file di lavoro, video, giochi e altro ancora. \u00e8 supportata l&#8217;espansione di memoria fai-da-te, con l&#8217;SSD che supporta fino a 2 TB.<br \/>\n&#8211; \u3010Display a doppio schermo UHD a 4K@60 Hz\u3011Il pc fisso mini offre potenti prestazioni grafiche, supporta l&#8217;uscita 4K UHD ad alta definizione con una risoluzione di 4096 x 2160@60Hz, offrendo un&#8217;esperienza visiva di tipo teatrale. Le porte HD 2.0 a doppio schermo consentono un multitasking efficiente. Questo migliora la produttivit\u00e0 e l&#8217;efficienza fornendo pi\u00f9 spazio sullo schermo.<br \/>\n&#8211; \u3010Rete affidabile WiFi6 e BT5.2 veloce\u3011Questo MINI PC supporta la pi\u00f9 recente tecnologia di rete WIFI6 ed \u00e8 dotato di una velocit\u00e0 di trasmissione di rete di 1000Mbps. La rete stabile e affidabile e la trasmissione senza ritardi ci regalano un&#8217;esperienza di gioco fluida ed emozionante. Il Bluetooth 5.2 integrato consente di effettuare pi\u00f9 connessioni wireless, tra cui mouse, tastiera, apparecchiature di monitoraggio, stampante e display.<br \/>\n&#8211; \u3010Connettivit\u00e0 multifunzionale ed efficiente dissipazione del calore\u3011Il mini computer portatile \u00e8 dotato di 4 porte USB 3.2, 2 porte HD 2.0, 1 porta Gigabit Ethernet, 1 porta audio da 3,5 mm e 1 porta DC. Con dimensioni di 11,5 x 11,5 x 4,0 cm e un peso netto di 293 grammi, \u00e8 facile da trasportare. La ventola di raffreddamento integrata assicura una rapida ed efficace dissipazione del calore, in modo che il dispositivo possa continuare a funzionare in modo stabile.<\/p>\n","protected":false},"excerpt":{"rendered":"<p>pubblicit\u00e0SOAYAN N2 Mini PC, Alder Lake-N100, 16GB DDR4 RAM 500GB SSD Mini Computer con Win 11 pro, PC Fisso Mini Supporto WIFI6, BT5.2, 2 HD, 4 USB3.2, 4k Dual Display<\/p>\n","protected":false},"featured_media":9889,"comment_status":"open","ping_status":"closed","template":"","meta":[],"product_cat":[15],"product_tag":[],"class_list":{"0":"post-9890","1":"product","2":"type-product","3":"status-publish","4":"has-post-thumbnail","6":"product_cat-sin-categorizar","7":"nodate","8":"item-wrap","10":"first","11":"instock","12":"shipping-taxable","13":"product-type-external"},"_links":{"self":[{"href":"https:\/\/lofimusic.com.es\/index.php\/wp-json\/wp\/v2\/product\/9890","targetHints":{"allow":["GET"]}}],"collection":[{"href":"https:\/\/lofimusic.com.es\/index.php\/wp-json\/wp\/v2\/product"}],"about":[{"href":"https:\/\/lofimusic.com.es\/index.php\/wp-json\/wp\/v2\/types\/product"}],"replies":[{"embeddable":true,"href":"https:\/\/lofimusic.com.es\/index.php\/wp-json\/wp\/v2\/comments?post=9890"}],"wp:featuredmedia":[{"embeddable":true,"href":"https:\/\/lofimusic.com.es\/index.php\/wp-json\/wp\/v2\/media\/9889"}],"wp:attachment":[{"href":"https:\/\/lofimusic.com.es\/index.php\/wp-json\/wp\/v2\/media?parent=9890"}],"wp:term":[{"taxonomy":"product_cat","embeddable":true,"href":"https:\/\/lofimusic.com.es\/index.php\/wp-json\/wp\/v2\/product_cat?post=9890"},{"taxonomy":"product_tag","embeddable":true,"href":"https:\/\/lofimusic.com.es\/index.php\/wp-json\/wp\/v2\/product_tag?post=9890"}],"curies":[{"name":"wp","href":"https:\/\/api.w.org\/{rel}","templated":true}]}}