{"id":989,"date":"2024-09-14T03:24:05","date_gmt":"2024-09-14T03:24:05","guid":{"rendered":"https:\/\/lofimusic.com.es\/index.php\/producto\/b0chykf2f9_de\/"},"modified":"2024-09-14T03:24:05","modified_gmt":"2024-09-14T03:24:05","slug":"b0chykf2f9_de","status":"publish","type":"product","link":"https:\/\/lofimusic.com.es\/index.php\/producto\/b0chykf2f9_de\/","title":{"rendered":"B0CHYKF2F9_DE"},"content":{"rendered":"<p>&#8211; Bluetooth Kopfh\u00f6rer, Kopfh\u00f6rer Kabellos Bluetooth 5.3 In Ear Kopfh\u00f6rer Bluetooth<\/p>\n","protected":false},"excerpt":{"rendered":"<p>Werbung<br \/>\nBluetooth Kopfh\u00f6rer, Kopfh\u00f6rer Kabellos Bluetooth 5.3 In Ear Kopfh\u00f6rer Bluetooth<\/p>\n","protected":false},"featured_media":988,"comment_status":"open","ping_status":"closed","template":"","meta":[],"product_cat":[15],"product_tag":[],"class_list":{"0":"post-989","1":"product","2":"type-product","3":"status-publish","4":"has-post-thumbnail","6":"product_cat-sin-categorizar","7":"nodate","8":"item-wrap","10":"first","11":"instock","12":"shipping-taxable","13":"product-type-external"},"_links":{"self":[{"href":"https:\/\/lofimusic.com.es\/index.php\/wp-json\/wp\/v2\/product\/989","targetHints":{"allow":["GET"]}}],"collection":[{"href":"https:\/\/lofimusic.com.es\/index.php\/wp-json\/wp\/v2\/product"}],"about":[{"href":"https:\/\/lofimusic.com.es\/index.php\/wp-json\/wp\/v2\/types\/product"}],"replies":[{"embeddable":true,"href":"https:\/\/lofimusic.com.es\/index.php\/wp-json\/wp\/v2\/comments?post=989"}],"wp:featuredmedia":[{"embeddable":true,"href":"https:\/\/lofimusic.com.es\/index.php\/wp-json\/wp\/v2\/media\/988"}],"wp:attachment":[{"href":"https:\/\/lofimusic.com.es\/index.php\/wp-json\/wp\/v2\/media?parent=989"}],"wp:term":[{"taxonomy":"product_cat","embeddable":true,"href":"https:\/\/lofimusic.com.es\/index.php\/wp-json\/wp\/v2\/product_cat?post=989"},{"taxonomy":"product_tag","embeddable":true,"href":"https:\/\/lofimusic.com.es\/index.php\/wp-json\/wp\/v2\/product_tag?post=989"}],"curies":[{"name":"wp","href":"https:\/\/api.w.org\/{rel}","templated":true}]}}