{"id":9886,"date":"2025-01-20T05:05:14","date_gmt":"2025-01-20T05:05:14","guid":{"rendered":"https:\/\/lofimusic.com.es\/index.php\/producto\/b0dcvj9h58_es\/"},"modified":"2025-01-20T05:05:14","modified_gmt":"2025-01-20T05:05:14","slug":"b0dcvj9h58_es","status":"publish","type":"product","link":"https:\/\/lofimusic.com.es\/index.php\/producto\/b0dcvj9h58_es\/","title":{"rendered":"B0DCVJ9H58_ES"},"content":{"rendered":"<p>&#8211; [Contenido del kit]-El juego contiene 5 pares de mosquetones negros, que se pueden utilizar como par o como mosquetones de emergencia durante actividades al aire libre.<br \/>\n&#8211; [Duradero]-estos mosquetones est\u00e1n hechos de aleaci\u00f3n de aluminio de alta calidad, proceso de electroforesis, completo y brillante, cl\u00e1sico todo negro.<br \/>\n&#8211; [Seguridad]-El mosquet\u00f3n negro est\u00e1 equipado con un sistema de bloqueo por resorte para evitar la apertura accidental y garantizar la m\u00e1xima seguridad.<br \/>\n&#8211; [F\u00e1cil de usar]-Estos mosquetones son muy f\u00e1ciles de usar, se abren y cierran r\u00e1pidamente, perfectos para uso en exteriores.<br \/>\n&#8211; [Versatilidad]-Estos mosquetones se pueden utilizar para una variedad de actividades en interiores y exteriores, como acampar, pescar, hacer caminatas, columpios, llaveros y hamacas.<\/p>\n","protected":false},"excerpt":{"rendered":"<p>Publicidad YPYMOD 5 Pares Mosquetones, Ganchos de Aluminio Negro para Hamacas, Llaveros, Camping, Pesca, Columpios y Accesorios de Senderismo<\/p>\n","protected":false},"featured_media":9885,"comment_status":"open","ping_status":"closed","template":"","meta":[],"product_cat":[15],"product_tag":[],"class_list":{"0":"post-9886","1":"product","2":"type-product","3":"status-publish","4":"has-post-thumbnail","6":"product_cat-sin-categorizar","7":"nodate","8":"item-wrap","10":"first","11":"instock","12":"shipping-taxable","13":"product-type-external"},"_links":{"self":[{"href":"https:\/\/lofimusic.com.es\/index.php\/wp-json\/wp\/v2\/product\/9886","targetHints":{"allow":["GET"]}}],"collection":[{"href":"https:\/\/lofimusic.com.es\/index.php\/wp-json\/wp\/v2\/product"}],"about":[{"href":"https:\/\/lofimusic.com.es\/index.php\/wp-json\/wp\/v2\/types\/product"}],"replies":[{"embeddable":true,"href":"https:\/\/lofimusic.com.es\/index.php\/wp-json\/wp\/v2\/comments?post=9886"}],"wp:featuredmedia":[{"embeddable":true,"href":"https:\/\/lofimusic.com.es\/index.php\/wp-json\/wp\/v2\/media\/9885"}],"wp:attachment":[{"href":"https:\/\/lofimusic.com.es\/index.php\/wp-json\/wp\/v2\/media?parent=9886"}],"wp:term":[{"taxonomy":"product_cat","embeddable":true,"href":"https:\/\/lofimusic.com.es\/index.php\/wp-json\/wp\/v2\/product_cat?post=9886"},{"taxonomy":"product_tag","embeddable":true,"href":"https:\/\/lofimusic.com.es\/index.php\/wp-json\/wp\/v2\/product_tag?post=9886"}],"curies":[{"name":"wp","href":"https:\/\/api.w.org\/{rel}","templated":true}]}}