{"id":9884,"date":"2025-01-20T05:04:24","date_gmt":"2025-01-20T05:04:24","guid":{"rendered":"https:\/\/lofimusic.com.es\/index.php\/producto\/b0dpmrd1ms_es\/"},"modified":"2025-01-20T05:04:24","modified_gmt":"2025-01-20T05:04:24","slug":"b0dpmrd1ms_es","status":"publish","type":"product","link":"https:\/\/lofimusic.com.es\/index.php\/producto\/b0dpmrd1ms_es\/","title":{"rendered":"B0DPMRD1MS_ES"},"content":{"rendered":"<p>&#8211; Detalles del producto: recibir\u00e1 un paquete de 6 manijas de puertas de armarios con 12 tornillos.<br \/>\n&#8211; Especificaciones del producto: distancia central del agujero de la manija del mueble: 64 mm, longitud total de la manija: 80 mm, ancho: 40 mm.<br \/>\n&#8211; F\u00e1cil instalaci\u00f3n: es muy f\u00e1cil instalar estos mangos decorativos. Solo hay que perforar los muebles y luego apretarlos con un destornillador. El mango es muy adecuado para reemplazar o instalar nuevos equipos.<br \/>\n&#8211; Amplia compatibilidad: las manijas de los muebles son adecuadas para cualquier estilo Interior. Adecuado para armarios, armarios, cajones de c\u00f3moda, armarios, armarios y cajones de escritorio.<br \/>\n&#8211; Dise\u00f1o del producto: Dise\u00f1o simple y elegante se puede integrar en varios estilos de armarios, puertas de muebles y cajones, elegante y hermoso. Con un dise\u00f1o oculto, las manijas ocultas se instalan en puertas, cajones o armarios para ahorrar espacio.<\/p>\n","protected":false},"excerpt":{"rendered":"<p>Publicidad 6 Piezas Tiradores con 12 Tornillos para muebles Tiradores de puerta ocultos de aluminio de Caj\u00f3n Invisibles de Muebles,Mango Oculto para Armario,Cajones,Gabinete,Cocina-Negro<\/p>\n","protected":false},"featured_media":9883,"comment_status":"open","ping_status":"closed","template":"","meta":[],"product_cat":[15],"product_tag":[],"class_list":{"0":"post-9884","1":"product","2":"type-product","3":"status-publish","4":"has-post-thumbnail","6":"product_cat-sin-categorizar","7":"nodate","8":"item-wrap","10":"first","11":"instock","12":"shipping-taxable","13":"product-type-external"},"_links":{"self":[{"href":"https:\/\/lofimusic.com.es\/index.php\/wp-json\/wp\/v2\/product\/9884","targetHints":{"allow":["GET"]}}],"collection":[{"href":"https:\/\/lofimusic.com.es\/index.php\/wp-json\/wp\/v2\/product"}],"about":[{"href":"https:\/\/lofimusic.com.es\/index.php\/wp-json\/wp\/v2\/types\/product"}],"replies":[{"embeddable":true,"href":"https:\/\/lofimusic.com.es\/index.php\/wp-json\/wp\/v2\/comments?post=9884"}],"wp:featuredmedia":[{"embeddable":true,"href":"https:\/\/lofimusic.com.es\/index.php\/wp-json\/wp\/v2\/media\/9883"}],"wp:attachment":[{"href":"https:\/\/lofimusic.com.es\/index.php\/wp-json\/wp\/v2\/media?parent=9884"}],"wp:term":[{"taxonomy":"product_cat","embeddable":true,"href":"https:\/\/lofimusic.com.es\/index.php\/wp-json\/wp\/v2\/product_cat?post=9884"},{"taxonomy":"product_tag","embeddable":true,"href":"https:\/\/lofimusic.com.es\/index.php\/wp-json\/wp\/v2\/product_tag?post=9884"}],"curies":[{"name":"wp","href":"https:\/\/api.w.org\/{rel}","templated":true}]}}