{"id":9880,"date":"2025-01-20T05:03:33","date_gmt":"2025-01-20T05:03:33","guid":{"rendered":"https:\/\/lofimusic.com.es\/index.php\/producto\/b0bppd2rrl_es\/"},"modified":"2025-01-20T05:03:33","modified_gmt":"2025-01-20T05:03:33","slug":"b0bppd2rrl_es","status":"publish","type":"product","link":"https:\/\/lofimusic.com.es\/index.php\/producto\/b0bppd2rrl_es\/","title":{"rendered":"B0BPPD2RRL_ES"},"content":{"rendered":"<p>&#8211; Recibir\u00e1 seis hojas de Sierra de acero de alta velocidad de diferentes tama\u00f1os instaladas en c\u00e1scaras de espuma y dos barras de conexi\u00f3n. Herramientas giratorias adecuadas para la mayor\u00eda de las herramientas de potencia y talla.<br \/>\n&#8211; La hoja de Sierra est\u00e1 equipada con una barra de conexi\u00f3n para instalar la hoja de sierra, etc. a su vez, el orden de instalaci\u00f3n: tornillo &#8211; Junta &#8211; hoja de Sierra peque\u00f1a &#8211; Junta &#8211; tornillo, apriete el tornillo y complete la instalaci\u00f3n.<br \/>\n&#8211; Esta hoja de Sierra redonda est\u00e1 hecha de acero de alta velocidad de alta calidad. Es muy duradero y resistente a los terremotos, puede soportar choques extremos y cortar r\u00e1pido y sin problemas.<br \/>\n&#8211; Los dientes con intervalos uniformes son muy afilados, asegurando un corte r\u00e1pido y fluido, vibraciones estables, corte limpio y trabajo preciso. Mantenga firmemente y cuidadosamente la herramienta giratoria durante su uso para evitar lesiones.<br \/>\n&#8211; El Grupo de sierras de alta velocidad es el m\u00e1s adecuado para diy, carpinter\u00eda, mantenimiento dom\u00e9stico, artesan\u00edas, aficiones, joyas, suelos compuestos, metales no ferrosos, aluminio, pl\u00e1stico, resina epoxi y madera.<\/p>\n","protected":false},"excerpt":{"rendered":"<p>Publicidad 8 Piezas Mini Sierra Circular de Mano,Accesorios para Madera,Disco de Corte para Taladro,Accesorios para Taladro,Herramientas Rotativas Accesorios Hojas de Taladro de Disco de Sierra Circular<\/p>\n","protected":false},"featured_media":9879,"comment_status":"open","ping_status":"closed","template":"","meta":[],"product_cat":[15],"product_tag":[],"class_list":{"0":"post-9880","1":"product","2":"type-product","3":"status-publish","4":"has-post-thumbnail","6":"product_cat-sin-categorizar","7":"nodate","8":"item-wrap","10":"first","11":"instock","12":"shipping-taxable","13":"product-type-external"},"_links":{"self":[{"href":"https:\/\/lofimusic.com.es\/index.php\/wp-json\/wp\/v2\/product\/9880","targetHints":{"allow":["GET"]}}],"collection":[{"href":"https:\/\/lofimusic.com.es\/index.php\/wp-json\/wp\/v2\/product"}],"about":[{"href":"https:\/\/lofimusic.com.es\/index.php\/wp-json\/wp\/v2\/types\/product"}],"replies":[{"embeddable":true,"href":"https:\/\/lofimusic.com.es\/index.php\/wp-json\/wp\/v2\/comments?post=9880"}],"wp:featuredmedia":[{"embeddable":true,"href":"https:\/\/lofimusic.com.es\/index.php\/wp-json\/wp\/v2\/media\/9879"}],"wp:attachment":[{"href":"https:\/\/lofimusic.com.es\/index.php\/wp-json\/wp\/v2\/media?parent=9880"}],"wp:term":[{"taxonomy":"product_cat","embeddable":true,"href":"https:\/\/lofimusic.com.es\/index.php\/wp-json\/wp\/v2\/product_cat?post=9880"},{"taxonomy":"product_tag","embeddable":true,"href":"https:\/\/lofimusic.com.es\/index.php\/wp-json\/wp\/v2\/product_tag?post=9880"}],"curies":[{"name":"wp","href":"https:\/\/api.w.org\/{rel}","templated":true}]}}