{"id":9878,"date":"2025-01-20T05:03:20","date_gmt":"2025-01-20T05:03:20","guid":{"rendered":"https:\/\/lofimusic.com.es\/index.php\/producto\/b0dnw57fly_es\/"},"modified":"2025-01-20T05:03:20","modified_gmt":"2025-01-20T05:03:20","slug":"b0dnw57fly_es","status":"publish","type":"product","link":"https:\/\/lofimusic.com.es\/index.php\/producto\/b0dnw57fly_es\/","title":{"rendered":"B0DNW57FLY_ES"},"content":{"rendered":"<p>&#8211; \u3010Producto incluido\u3011Recibir\u00e1 una botella de spray repelente de gatos de 100 ml para satisfacer sus necesidades de uso diario.<br \/>\n&#8211; \u3010Eficaz y seguro\u3011El spray repelente para gatos est\u00e1 compuesto de agua, menta, lim\u00f3n, hamamelis, coptis y otros extractos de plantas naturales, que pueden evitar eficazmente que tu gato ara\u00f1e cualquier zona de tu casa. Sin alcohol y no t\u00f3xico, no contiene ning\u00fan qu\u00edmico, por lo que no debes preocuparte por da\u00f1ar a tu mascota.<br \/>\n&#8211; \u3010F\u00e1cil de usar\u3011Simplemente agite la botella suavemente y roc\u00ede el spray uniformemente sobre los art\u00edculos que las mascotas mastican con frecuencia o los lugares que no desea que los gatos toquen. Recomendamos rociar tres o cuatro veces al d\u00eda durante las primeras dos semanas y luego reducir la frecuencia a medida que mejora el comportamiento de su gato.<br \/>\n&#8211; \u3010Uso en interiores y exteriores\u3011El producto se puede utilizar en interiores y exteriores para evitar que los gatos mastiquen y ara\u00f1en objetos, incluidos cables, ropa, muebles, plantas, etc., y para disuadir malos comportamientos. Tambi\u00e9n es \u00fatil para entrenar a su gato para que evite ciertas \u00e1reas interiores y exteriores.<br \/>\n&#8211; \u3010Precauci\u00f3n\u3011El aerosol puede da\u00f1ar algunas superficies, incluidas superficies de madera, superficies pintadas, cuero, papel tapiz, etc. Aseg\u00farese de probar primero en un \u00e1rea peque\u00f1a y discreta de la superficie a rociar.<\/p>\n","protected":false},"excerpt":{"rendered":"<p>Publicidad Repelente Gatos 100ml,Spray Antiara\u00f1azos Gatos,Repelente para Gatos,Spray Repelente Gatos,Ahuyentador de Gatos,Ingredientes Naturales para Proteger Muebles,Plantas,Suelos,Adiestramiento de Gatos<\/p>\n","protected":false},"featured_media":9877,"comment_status":"open","ping_status":"closed","template":"","meta":[],"product_cat":[15],"product_tag":[],"class_list":{"0":"post-9878","1":"product","2":"type-product","3":"status-publish","4":"has-post-thumbnail","6":"product_cat-sin-categorizar","7":"nodate","8":"item-wrap","10":"first","11":"instock","12":"shipping-taxable","13":"product-type-external"},"_links":{"self":[{"href":"https:\/\/lofimusic.com.es\/index.php\/wp-json\/wp\/v2\/product\/9878","targetHints":{"allow":["GET"]}}],"collection":[{"href":"https:\/\/lofimusic.com.es\/index.php\/wp-json\/wp\/v2\/product"}],"about":[{"href":"https:\/\/lofimusic.com.es\/index.php\/wp-json\/wp\/v2\/types\/product"}],"replies":[{"embeddable":true,"href":"https:\/\/lofimusic.com.es\/index.php\/wp-json\/wp\/v2\/comments?post=9878"}],"wp:featuredmedia":[{"embeddable":true,"href":"https:\/\/lofimusic.com.es\/index.php\/wp-json\/wp\/v2\/media\/9877"}],"wp:attachment":[{"href":"https:\/\/lofimusic.com.es\/index.php\/wp-json\/wp\/v2\/media?parent=9878"}],"wp:term":[{"taxonomy":"product_cat","embeddable":true,"href":"https:\/\/lofimusic.com.es\/index.php\/wp-json\/wp\/v2\/product_cat?post=9878"},{"taxonomy":"product_tag","embeddable":true,"href":"https:\/\/lofimusic.com.es\/index.php\/wp-json\/wp\/v2\/product_tag?post=9878"}],"curies":[{"name":"wp","href":"https:\/\/api.w.org\/{rel}","templated":true}]}}