{"id":9876,"date":"2025-01-20T05:02:33","date_gmt":"2025-01-20T05:02:33","guid":{"rendered":"https:\/\/lofimusic.com.es\/index.php\/producto\/b0dqzx5m2g_es\/"},"modified":"2025-01-20T05:02:33","modified_gmt":"2025-01-20T05:02:33","slug":"b0dqzx5m2g_es","status":"publish","type":"product","link":"https:\/\/lofimusic.com.es\/index.php\/producto\/b0dqzx5m2g_es\/","title":{"rendered":"B0DQZX5M2G_ES"},"content":{"rendered":"<p>&#8211; \u3010Pantalla de 1080P y 3 Pulgadas\u3011 La resoluci\u00f3n del v\u00eddeo grabado puede alcanzar 1080P, lo que puede restaurar claramente cada detalle. El s\u00faper gran angular de 176 ayuda a ampliar su campo de visi\u00f3n, reducir los puntos ciegos y grabar el v\u00eddeo m\u00e1s completo del mundo. En caso de colisi\u00f3n o disputa, la pantalla de 3 pulgadas le permite ver la reproducci\u00f3n de video en la c\u00e1mara del tablero sin descargas adicionales, lo cual es muy conveniente.<br \/>\n&#8211; \u3010S\u00faper Visi\u00f3n Nocturna, Conducci\u00f3n m\u00e1s Segura de Noche\u3011 Esta grabadora de conducci\u00f3n est\u00e1 equipada con una lente de 6 capas, una apertura de 1,8 y tecnolog\u00eda WDR para equilibrar el brillo de la c\u00e1mara en entornos brillantes u oscuros, haciendo que las im\u00e1genes capturadas de noche sean m\u00e1s claras y mejorando la seguridad al conducir de noche.<br \/>\n&#8211; \u3010Sensor de Gravedad y Monitoreo de Estacionamiento las 24 Horas\u3011 La c\u00e1mara del veh\u00edculo tiene un sensor de gravedad incorporado cuando el veh\u00edculo choca o el frenado de emergencia produce una gran vibraci\u00f3n, la grabadora de conducci\u00f3n comenzar\u00e1 a grabar video de emergencia autom\u00e1ticamente y bloquear\u00e1 el video cuando se conecte a trav\u00e9s de un kit de hardware (cable reductor). se puede utilizar la funci\u00f3n de monitoreo de estacionamiento las 24 horas (Consejo: el juego de hardware no est\u00e1 incluido en el paquete y debe comprarse por separado).<br \/>\n&#8211; \u3010Grabaci\u00f3n en bucle\u3011 La grabadora de conducci\u00f3n adopta el modo de grabaci\u00f3n en bucle. Puede elegir el tiempo de grabaci\u00f3n de video de 1\/3\/5 minutos. Cuando la tarjeta de memoria de 64G est\u00e9 llena, el primer video grabado se eliminar\u00e1 autom\u00e1ticamente para dejar espacio de almacenamiento para videos nuevos (los videos bloqueados no se eliminar\u00e1n).<br \/>\n&#8211; \u3010Accesorios Mejorados\u3011 Hemos equipado esta grabadora de conducci\u00f3n con una tarjeta de memoria de 64 GB, que puede grabar durante hasta 3 semanas. La estructura compacta no bloquear\u00e1 la realizaci\u00f3n. El soporte de ventosa reforzado garantiza la estabilidad y el dise\u00f1o es giratorio 360\u00b0. Le permite ajustar la direcci\u00f3n y el \u00e1ngulo en cualquier momento.<\/p>\n","protected":false},"excerpt":{"rendered":"<p>Publicidad Dashcam, Dash CAM Coche 1080P, Pantalla de 3&#8243; Camara Vigilancia Coche con Tarjeta SD 64GB, Camara Grabadora 176\u00b0 Gran Angular, Visi\u00f3n Nocturn, Sensor G, Monitor de Aparcamiento, Grabaci\u00f3n en Bucle<\/p>\n","protected":false},"featured_media":9875,"comment_status":"open","ping_status":"closed","template":"","meta":[],"product_cat":[15],"product_tag":[],"class_list":{"0":"post-9876","1":"product","2":"type-product","3":"status-publish","4":"has-post-thumbnail","6":"product_cat-sin-categorizar","7":"nodate","8":"item-wrap","10":"first","11":"instock","12":"shipping-taxable","13":"product-type-external"},"_links":{"self":[{"href":"https:\/\/lofimusic.com.es\/index.php\/wp-json\/wp\/v2\/product\/9876","targetHints":{"allow":["GET"]}}],"collection":[{"href":"https:\/\/lofimusic.com.es\/index.php\/wp-json\/wp\/v2\/product"}],"about":[{"href":"https:\/\/lofimusic.com.es\/index.php\/wp-json\/wp\/v2\/types\/product"}],"replies":[{"embeddable":true,"href":"https:\/\/lofimusic.com.es\/index.php\/wp-json\/wp\/v2\/comments?post=9876"}],"wp:featuredmedia":[{"embeddable":true,"href":"https:\/\/lofimusic.com.es\/index.php\/wp-json\/wp\/v2\/media\/9875"}],"wp:attachment":[{"href":"https:\/\/lofimusic.com.es\/index.php\/wp-json\/wp\/v2\/media?parent=9876"}],"wp:term":[{"taxonomy":"product_cat","embeddable":true,"href":"https:\/\/lofimusic.com.es\/index.php\/wp-json\/wp\/v2\/product_cat?post=9876"},{"taxonomy":"product_tag","embeddable":true,"href":"https:\/\/lofimusic.com.es\/index.php\/wp-json\/wp\/v2\/product_tag?post=9876"}],"curies":[{"name":"wp","href":"https:\/\/api.w.org\/{rel}","templated":true}]}}