{"id":9872,"date":"2025-01-19T16:36:55","date_gmt":"2025-01-19T16:36:55","guid":{"rendered":"https:\/\/lofimusic.com.es\/index.php\/producto\/b0dbdyppft_fr\/"},"modified":"2025-01-19T16:36:55","modified_gmt":"2025-01-19T16:36:55","slug":"b0dbdyppft_fr","status":"publish","type":"product","link":"https:\/\/lofimusic.com.es\/index.php\/producto\/b0dbdyppft_fr\/","title":{"rendered":"B0DBDYPPFT_FR"},"content":{"rendered":"<p>&#8211; \u3010PARFUM PHEROMONE POUR FEMME\u3011Parfum Pheromone pour Femme d\u00e9gage un ar\u00f4me f\u00e9minin et sensuel. Le parfum est sexy et agr\u00e9able, cr\u00e9ant une atmosph\u00e8re d&#8217;\u00e9l\u00e9gance, d&#8217;amour-propre et d&#8217;authenticit\u00e9. Fascinant et irr\u00e9sistible pour les autres. Venom flavor parfum Le parfum est livr\u00e9 avec un applicateur roll-on pour une application facile et pr\u00e9cise et minimise les d\u00e9chets.<br \/>\n&#8211; \u3010DESIGN BEAU ET SIMPLE\u3011 Il parfum femme a seulement la taille d&#8217;un rouge \u00e0 l\u00e8vres et peut \u00eatre rang\u00e9 dans un sac, une poche, une voiture ou une armoire \u00e0 glace \u00e0 la maison \u00e0 tout moment sans prendre de place. Le parfum au pheromone pour femme est mini et portable. Le design unique du parfum est fait d&#8217;un mat\u00e9riau robuste, difficile \u00e0 casser ou \u00e0 \u00e9cailler, r\u00e9sistant aux gouttes et aux fuites.<br \/>\n&#8211; \u3010VOUS REND CHARMANT\u3011Parfum Femme La sensation de battement de c\u0153ur, avec amour et parfum, vous rend charmant ! Ce parfum pheromone n&#8217;a pas de limite d&#8217;\u00e2ge ! Peut influencer l\u2019humeur et aider \u00e0 accro\u00eetre l\u2019intimit\u00e9 avec votre partenaire. Venom parfum Adapt\u00e9 \u00e0 chaque saison, il peut am\u00e9liorer consid\u00e9rablement la confiance de l&#8217;utilisateur.<br \/>\n&#8211; \u3010ROLLERBALL PARFUM, FACILE \u00c0 UTILISER\u3011Le parfum feromone pour femme utilise les meilleurs ingr\u00e9dients et a un parfum de longue dur\u00e9e. Appliquez le parfum sur vos poignets, votre cou, derri\u00e8re les oreilles, \u00e0 l&#8217;int\u00e9rieur des coudes et \u00e0 d&#8217;autres endroits pour aider le parfum \u00e0 se propager et r\u00e9duire la sensibilit\u00e9. Le venom flavor parfum se fond dans votre peau pour cr\u00e9er un parfum unique et durable.<br \/>\n&#8211; \u3010CADEAU PARFAIT\u3011Parfums femme C&#8217;est le cadeau parfait pour votre amoureux ou partenaire. Le parfum pheromone pour femme se r\u00e9pandra naturellement dans le nez de l&#8217;autre personne lorsque vous expirez, parfait pour un rendez-vous romantique en soir\u00e9e. Il vous enveloppe d&#8217;une couche d&#8217;ingr\u00e9dients parfum\u00e9s charmants et romantiques, laissant un ar\u00f4me agr\u00e9able qui laisse une impression durable.<\/p>\n","protected":false},"excerpt":{"rendered":"<p>publicit\u00e9Naturas Bouqutis Parfum Pheromone pour Femme, Parfum Femme, Parfums Ph\u00e9romones, Venom Parfum, Eau de Parfum Femme, Parfum roll-on, Parfum Longue Dur\u00e9e-20 ml<\/p>\n","protected":false},"featured_media":9871,"comment_status":"open","ping_status":"closed","template":"","meta":[],"product_cat":[15],"product_tag":[],"class_list":{"0":"post-9872","1":"product","2":"type-product","3":"status-publish","4":"has-post-thumbnail","6":"product_cat-sin-categorizar","7":"nodate","8":"item-wrap","10":"first","11":"instock","12":"shipping-taxable","13":"product-type-external"},"_links":{"self":[{"href":"https:\/\/lofimusic.com.es\/index.php\/wp-json\/wp\/v2\/product\/9872","targetHints":{"allow":["GET"]}}],"collection":[{"href":"https:\/\/lofimusic.com.es\/index.php\/wp-json\/wp\/v2\/product"}],"about":[{"href":"https:\/\/lofimusic.com.es\/index.php\/wp-json\/wp\/v2\/types\/product"}],"replies":[{"embeddable":true,"href":"https:\/\/lofimusic.com.es\/index.php\/wp-json\/wp\/v2\/comments?post=9872"}],"wp:featuredmedia":[{"embeddable":true,"href":"https:\/\/lofimusic.com.es\/index.php\/wp-json\/wp\/v2\/media\/9871"}],"wp:attachment":[{"href":"https:\/\/lofimusic.com.es\/index.php\/wp-json\/wp\/v2\/media?parent=9872"}],"wp:term":[{"taxonomy":"product_cat","embeddable":true,"href":"https:\/\/lofimusic.com.es\/index.php\/wp-json\/wp\/v2\/product_cat?post=9872"},{"taxonomy":"product_tag","embeddable":true,"href":"https:\/\/lofimusic.com.es\/index.php\/wp-json\/wp\/v2\/product_tag?post=9872"}],"curies":[{"name":"wp","href":"https:\/\/api.w.org\/{rel}","templated":true}]}}