{"id":9866,"date":"2025-01-19T16:36:46","date_gmt":"2025-01-19T16:36:46","guid":{"rendered":"https:\/\/lofimusic.com.es\/index.php\/producto\/b0dnq3jz3b_fr-2\/"},"modified":"2025-01-19T16:36:46","modified_gmt":"2025-01-19T16:36:46","slug":"b0dnq3jz3b_fr-2","status":"publish","type":"product","link":"https:\/\/lofimusic.com.es\/index.php\/producto\/b0dnq3jz3b_fr-2\/","title":{"rendered":"B0DNQ3JZ3B_FR"},"content":{"rendered":"<p>&#8211; Design ergonomique : cette tondeuse \u00e0 poils du visage est con\u00e7ue de mani\u00e8re ergonomique pour une prise en main confortable et une coupe pr\u00e9cise des poils nasaux et des \u00e9couteurs.<br \/>\n&#8211; Acier inoxydable hygi\u00e9nique : les lames en acier inoxydable garantissent une coupe propre et hygi\u00e9nique sans irritation.<br \/>\n&#8211; Fonctionnement silencieux : le moteur \u00e9lectrique \u00e0 faible bruit permet une utilisation discr\u00e8te et sans tracas.<br \/>\n&#8211; Charge USB-Type C : recharge rapide et pratique via le port USB-Type C pour plus de portabilit\u00e9.<br \/>\n&#8211; T\u00eate pivotante : la t\u00eate pivotante \u00e0 360\u00b0 facilite l&#8217;acc\u00e8s aux zones difficiles pour une coupe compl\u00e8te.<\/p>\n","protected":false},"excerpt":{"rendered":"<p>publicit\u00e9Tondeuse rechargeable 2 en 1 pour femmes, tondeuse pour les poils du nez, tondeuse professionnelle pour les sourcils et le visage avec un moteur puissant et des lames \u00e0 double tranchant<\/p>\n","protected":false},"featured_media":9865,"comment_status":"open","ping_status":"closed","template":"","meta":[],"product_cat":[15],"product_tag":[],"class_list":{"0":"post-9866","1":"product","2":"type-product","3":"status-publish","4":"has-post-thumbnail","6":"product_cat-sin-categorizar","7":"nodate","8":"item-wrap","10":"first","11":"instock","12":"shipping-taxable","13":"product-type-external"},"_links":{"self":[{"href":"https:\/\/lofimusic.com.es\/index.php\/wp-json\/wp\/v2\/product\/9866","targetHints":{"allow":["GET"]}}],"collection":[{"href":"https:\/\/lofimusic.com.es\/index.php\/wp-json\/wp\/v2\/product"}],"about":[{"href":"https:\/\/lofimusic.com.es\/index.php\/wp-json\/wp\/v2\/types\/product"}],"replies":[{"embeddable":true,"href":"https:\/\/lofimusic.com.es\/index.php\/wp-json\/wp\/v2\/comments?post=9866"}],"wp:featuredmedia":[{"embeddable":true,"href":"https:\/\/lofimusic.com.es\/index.php\/wp-json\/wp\/v2\/media\/9865"}],"wp:attachment":[{"href":"https:\/\/lofimusic.com.es\/index.php\/wp-json\/wp\/v2\/media?parent=9866"}],"wp:term":[{"taxonomy":"product_cat","embeddable":true,"href":"https:\/\/lofimusic.com.es\/index.php\/wp-json\/wp\/v2\/product_cat?post=9866"},{"taxonomy":"product_tag","embeddable":true,"href":"https:\/\/lofimusic.com.es\/index.php\/wp-json\/wp\/v2\/product_tag?post=9866"}],"curies":[{"name":"wp","href":"https:\/\/api.w.org\/{rel}","templated":true}]}}