{"id":9864,"date":"2025-01-19T16:33:43","date_gmt":"2025-01-19T16:33:43","guid":{"rendered":"https:\/\/lofimusic.com.es\/index.php\/producto\/b0dql5gy65_fr\/"},"modified":"2025-01-19T16:33:43","modified_gmt":"2025-01-19T16:33:43","slug":"b0dql5gy65_fr","status":"publish","type":"product","link":"https:\/\/lofimusic.com.es\/index.php\/producto\/b0dql5gy65_fr\/","title":{"rendered":"B0DQL5GY65_FR"},"content":{"rendered":"<p>&#8211; Double fonction : tondeuse 2 en 1 pour couper les poils du nez, des oreilles et des sourcils en toute s\u00e9curit\u00e9 et confortablement.<br \/>\n&#8211; Rechargeable et portable : batterie rechargeable par USB pour une utilisation sans fil et portable, id\u00e9ale pour les voyages et l&#8217;utilisation partout.<br \/>\n&#8211; Lames doubles : lames en acier inoxydable doubles et tranchantes pour une coupe pr\u00e9cise et efficace des poils.<br \/>\n&#8211; \u00c9tanch\u00e9it\u00e9 IPX7 : design \u00e9tanche IPX7 qui permet une utilisation sous la douche ou le bain sans souci.<br \/>\n&#8211; Puissance et s\u00e9curit\u00e9 : moteur de 10 000 tr\/min pour une coupe rapide et douce, avec protection contre la surchauffe pour plus de s\u00e9curit\u00e9.<\/p>\n","protected":false},"excerpt":{"rendered":"<p>publicit\u00e9Tondeuse \u00e0 cheveux rechargeable 2 en 1 pour sourcils et poils du visage, 10 000 tr\/min, avec brosse de nettoyage et c\u00e2ble USB<\/p>\n","protected":false},"featured_media":9863,"comment_status":"open","ping_status":"closed","template":"","meta":[],"product_cat":[15],"product_tag":[],"class_list":{"0":"post-9864","1":"product","2":"type-product","3":"status-publish","4":"has-post-thumbnail","6":"product_cat-sin-categorizar","7":"nodate","8":"item-wrap","10":"first","11":"instock","12":"shipping-taxable","13":"product-type-external"},"_links":{"self":[{"href":"https:\/\/lofimusic.com.es\/index.php\/wp-json\/wp\/v2\/product\/9864","targetHints":{"allow":["GET"]}}],"collection":[{"href":"https:\/\/lofimusic.com.es\/index.php\/wp-json\/wp\/v2\/product"}],"about":[{"href":"https:\/\/lofimusic.com.es\/index.php\/wp-json\/wp\/v2\/types\/product"}],"replies":[{"embeddable":true,"href":"https:\/\/lofimusic.com.es\/index.php\/wp-json\/wp\/v2\/comments?post=9864"}],"wp:featuredmedia":[{"embeddable":true,"href":"https:\/\/lofimusic.com.es\/index.php\/wp-json\/wp\/v2\/media\/9863"}],"wp:attachment":[{"href":"https:\/\/lofimusic.com.es\/index.php\/wp-json\/wp\/v2\/media?parent=9864"}],"wp:term":[{"taxonomy":"product_cat","embeddable":true,"href":"https:\/\/lofimusic.com.es\/index.php\/wp-json\/wp\/v2\/product_cat?post=9864"},{"taxonomy":"product_tag","embeddable":true,"href":"https:\/\/lofimusic.com.es\/index.php\/wp-json\/wp\/v2\/product_tag?post=9864"}],"curies":[{"name":"wp","href":"https:\/\/api.w.org\/{rel}","templated":true}]}}