{"id":9858,"date":"2025-01-19T16:33:35","date_gmt":"2025-01-19T16:33:35","guid":{"rendered":"https:\/\/lofimusic.com.es\/index.php\/producto\/b0dqpx3962_fr\/"},"modified":"2025-01-19T16:33:35","modified_gmt":"2025-01-19T16:33:35","slug":"b0dqpx3962_fr","status":"publish","type":"product","link":"https:\/\/lofimusic.com.es\/index.php\/producto\/b0dqpx3962_fr\/","title":{"rendered":"B0DQPX3962_FR"},"content":{"rendered":"<p>&#8211; Polyvalence : tondeuse 2 en 1 portable et rechargeable, id\u00e9ale pour couper les poils du nez, les sourcils et autres zones du corps.<br \/>\n&#8211; Design ergonomique : corps fin et compact pour une manipulation confortable et un acc\u00e8s facile \u00e0 toutes les zones.<br \/>\n&#8211; \u00c9tanche : vous pouvez l&#8217;utiliser m\u00eame sous la douche sans souci.<br \/>\n&#8211; Nettoyage facile : t\u00eate amovible qui permet un nettoyage rapide et efficace.<br \/>\n&#8211; Contenu : comprend une tondeuse \u00e0 cheveux, une t\u00eate de nez, une t\u00eate \u00e0 sourcils, une brosse de nettoyage et un c\u00e2ble USB de charge.<\/p>\n","protected":false},"excerpt":{"rendered":"<p>publicit\u00e9Tondeuse pour nez et sourcils 2 en 1 rechargeable, portable et imperm\u00e9able, avec brosse de nettoyage et c\u00e2ble USB<\/p>\n","protected":false},"featured_media":9857,"comment_status":"open","ping_status":"closed","template":"","meta":[],"product_cat":[15],"product_tag":[],"class_list":{"0":"post-9858","1":"product","2":"type-product","3":"status-publish","4":"has-post-thumbnail","6":"product_cat-sin-categorizar","7":"nodate","8":"item-wrap","10":"first","11":"instock","12":"shipping-taxable","13":"product-type-external"},"_links":{"self":[{"href":"https:\/\/lofimusic.com.es\/index.php\/wp-json\/wp\/v2\/product\/9858","targetHints":{"allow":["GET"]}}],"collection":[{"href":"https:\/\/lofimusic.com.es\/index.php\/wp-json\/wp\/v2\/product"}],"about":[{"href":"https:\/\/lofimusic.com.es\/index.php\/wp-json\/wp\/v2\/types\/product"}],"replies":[{"embeddable":true,"href":"https:\/\/lofimusic.com.es\/index.php\/wp-json\/wp\/v2\/comments?post=9858"}],"wp:featuredmedia":[{"embeddable":true,"href":"https:\/\/lofimusic.com.es\/index.php\/wp-json\/wp\/v2\/media\/9857"}],"wp:attachment":[{"href":"https:\/\/lofimusic.com.es\/index.php\/wp-json\/wp\/v2\/media?parent=9858"}],"wp:term":[{"taxonomy":"product_cat","embeddable":true,"href":"https:\/\/lofimusic.com.es\/index.php\/wp-json\/wp\/v2\/product_cat?post=9858"},{"taxonomy":"product_tag","embeddable":true,"href":"https:\/\/lofimusic.com.es\/index.php\/wp-json\/wp\/v2\/product_tag?post=9858"}],"curies":[{"name":"wp","href":"https:\/\/api.w.org\/{rel}","templated":true}]}}