{"id":9856,"date":"2025-01-19T16:28:35","date_gmt":"2025-01-19T16:28:35","guid":{"rendered":"https:\/\/lofimusic.com.es\/index.php\/producto\/b0dhvdz744_fr\/"},"modified":"2025-01-19T16:28:35","modified_gmt":"2025-01-19T16:28:35","slug":"b0dhvdz744_fr","status":"publish","type":"product","link":"https:\/\/lofimusic.com.es\/index.php\/producto\/b0dhvdz744_fr\/","title":{"rendered":"B0DHVDZ744_FR"},"content":{"rendered":"<p>&#8211; \u2776\u3010Application Polyvalente\u3011Mise \u00e0 jour 2025 : Porte automatique extra-large (28 x 24 cm) pour poulailler avec moteur renforc\u00e9 et cadre \u00e9largi, id\u00e9ale pour poules, canards et oies. Parfaite pour les grands enclos, elle offre un acc\u00e8s facile pour toutes les volailles.<br \/>\n&#8211; \u2777\u3010R\u00e9sistance aux Intemp\u00e9ries\u3011Con\u00e7ue en aluminium robuste, cette porte est r\u00e9sistante \u00e0 la corrosion et aux conditions climatiques extr\u00eames. Son moteur 2025 fonctionne efficacement entre -20\u00b0C et 60\u00b0C, garantissant des performances optimales, m\u00eame dans les environnements les plus difficiles.<br \/>\n&#8211; \u2778\u3010Contr\u00f4le Facile et Fiable\u3011Avec son \u00e9cran haute visibilit\u00e9 et sa minuterie stable, vous pouvez programmer facilement les horaires d\u2019ouverture et de fermeture. Ce syst\u00e8me automatis\u00e9 assure un fonctionnement r\u00e9gulier et fiable, r\u00e9duit les interventions manuelles et respecte le rythme naturel des volailles, optimisant ainsi la gestion du poulailler et \u00e9conomisant du temps.<br \/>\n&#8211; \u2779\u3010M\u00e9canisme de S\u00e9curit\u00e9\u3011Le capteur int\u00e9gr\u00e9 d\u00e9tecte les obstacles et interrompt imm\u00e9diatement la fermeture. La porte se soul\u00e8ve de 3 cm et attend 10 secondes avant de r\u00e9essayer jusqu\u2019\u00e0 trois fois. Si l&#8217;obstacle persiste, la porte reste entrouverte et tente de se fermer \u00e0 nouveau toutes les deux heures pour \u00e9conomiser de l\u2019\u00e9nergie.<br \/>\n&#8211; \u277a\u3010Fonctionnement Fiable \u00e0 Piles\u3011Cette porte automatique fonctionne jusqu&#8217;\u00e0 six mois avec trois piles AA (non incluses). Son compartiment \u00e0 piles avec verrouillage rotatif permet un remplacement rapide en une minute. Une alerte de batterie faible vous avertit lorsqu\u2019il est temps de changer les piles.<\/p>\n","protected":false},"excerpt":{"rendered":"<p>publicit\u00e9INNOLAND Porte Automatique Poulailler &#8211; Grande avec Minuterie du Soir\/Matin, Porte Poulailler Automatique en Alliage d&#8217;aluminium, Porte Poulailler Anti-pincement Fonctionne \u00e0 Piles<\/p>\n","protected":false},"featured_media":9855,"comment_status":"open","ping_status":"closed","template":"","meta":[],"product_cat":[15],"product_tag":[],"class_list":{"0":"post-9856","1":"product","2":"type-product","3":"status-publish","4":"has-post-thumbnail","6":"product_cat-sin-categorizar","7":"nodate","8":"item-wrap","10":"first","11":"instock","12":"shipping-taxable","13":"product-type-external"},"_links":{"self":[{"href":"https:\/\/lofimusic.com.es\/index.php\/wp-json\/wp\/v2\/product\/9856","targetHints":{"allow":["GET"]}}],"collection":[{"href":"https:\/\/lofimusic.com.es\/index.php\/wp-json\/wp\/v2\/product"}],"about":[{"href":"https:\/\/lofimusic.com.es\/index.php\/wp-json\/wp\/v2\/types\/product"}],"replies":[{"embeddable":true,"href":"https:\/\/lofimusic.com.es\/index.php\/wp-json\/wp\/v2\/comments?post=9856"}],"wp:featuredmedia":[{"embeddable":true,"href":"https:\/\/lofimusic.com.es\/index.php\/wp-json\/wp\/v2\/media\/9855"}],"wp:attachment":[{"href":"https:\/\/lofimusic.com.es\/index.php\/wp-json\/wp\/v2\/media?parent=9856"}],"wp:term":[{"taxonomy":"product_cat","embeddable":true,"href":"https:\/\/lofimusic.com.es\/index.php\/wp-json\/wp\/v2\/product_cat?post=9856"},{"taxonomy":"product_tag","embeddable":true,"href":"https:\/\/lofimusic.com.es\/index.php\/wp-json\/wp\/v2\/product_tag?post=9856"}],"curies":[{"name":"wp","href":"https:\/\/api.w.org\/{rel}","templated":true}]}}