{"id":9854,"date":"2025-01-19T16:28:32","date_gmt":"2025-01-19T16:28:32","guid":{"rendered":"https:\/\/lofimusic.com.es\/index.php\/producto\/b0dhz7ybzm_fr\/"},"modified":"2025-01-19T16:28:32","modified_gmt":"2025-01-19T16:28:32","slug":"b0dhz7ybzm_fr","status":"publish","type":"product","link":"https:\/\/lofimusic.com.es\/index.php\/producto\/b0dhz7ybzm_fr\/","title":{"rendered":"B0DHZ7YBZM_FR"},"content":{"rendered":"<p>&#8211; \ud83d\udc95\u30106 en 1 Appareil Massage Visage , Obtenez des Effets de Qualit\u00e9 spa \u00e0 la Maison\u3011Ibtyzo appareil radiofr\u00e9quence visage Lifting a 3 modes, notamment : EMS, RF, COOL. Pour les soins de la peau du visage et des yeux. Faites plaisir \u00e0 votre peau avec 6 fonctions de massage sp\u00e9cialis\u00e9es et des modes d\u2019\u00e9clairage pour vous faire dorloter quotidiennement \u00e0 la maison<br \/>\n&#8211; \ud83d\udc95\u3010EMS Mode \u3011Ibtyzo appareil anti rides visage utilise une technique EMS avanc\u00e9e pour aider \u00e0 stimuler la r\u00e9g\u00e9n\u00e9ration du collag\u00e8ne et rajeunir la vitalit\u00e9 de la peau, lisse efficacement les rides et ridules, atteint une fermet\u00e9 durable. Tenez-vous-en \u00e0 l\u2019appareil Itbyzo pour une apparence plus \u00e9clatante et plus ferme<br \/>\n&#8211; \ud83d\udc95\u3010RF Mode pour le Lifting et le Contournage\u3011 RF mode comprend la conception de la rouge lumi\u00e8re th\u00e9rapie qui offre une puissance douce aux zones de peau d\u00e9licate et rel\u00e2ch\u00e9e, revitalisant rapidement votre teint. Dans ce mode, la t\u00eate de massage \u00e9met une chaleur douce pour aider \u00e0 ouvrir les pores et am\u00e9liore la p\u00e9n\u00e9tration des s\u00e9rums et des essences en profondeur dans la peau<br \/>\n&#8211; \ud83d\udc95\u3010Mode COOL\u3011En s\u00e9lectionnant ce mode, la fonction de froid compress peut r\u00e9duire les poches du visage, le r\u00e9tr\u00e9cissement des pores et l\u2019apaisement des rougeurs. Dans le m\u00eame temps, la bleu lumi\u00e8re th\u00e9rapie peut aider \u00e0 calmer les antibact\u00e9riens, r\u00e9duire l\u2019acn\u00e9, r\u00e9parer et renforcer la barri\u00e8re cutan\u00e9e pour un teint \u00e9clatant<br \/>\n&#8211; \ud83d\udc95\u3010Conception Ergonomique\u3011Ce masseur visage a la poign\u00e9e et le bouton ergonomiques assurent un r\u00e9glage facile et une utilisation confortable. Avec sa batterie rechargeable de 1100 mAh au design l\u00e9ger, vous pouvez l\u2019emporter partout o\u00f9 vous allez et profiter de soins de la peau \u00e0 la maison ou en voyage<br \/>\n&#8211; \ud83d\udc95\u3010Cadeau Parfait\u3011L\u2019apparence luxueuse et l\u2019emballage cadeau exquis font de cet appareil un cadeau parfait pour les amoureux, les petites amies et les m\u00e8res lors de toutes les f\u00eates : Saint-Valentin, anniversaires, f\u00eate des m\u00e8res, No\u00ebl<\/p>\n","protected":false},"excerpt":{"rendered":"<p>publicit\u00e9Appareil Radiofr\u00e9quence Lifting Visage, Ibtyzo Appareil Visage Lifting EMS Appareil Anti Rides Visage 6 en 1 RF Masseur Visage Radiofr\u00e9quence Visage Bleu Rouge Lumi\u00e8re Visage Massage visage Anti-\u00e2ge<\/p>\n","protected":false},"featured_media":9853,"comment_status":"open","ping_status":"closed","template":"","meta":[],"product_cat":[15],"product_tag":[],"class_list":{"0":"post-9854","1":"product","2":"type-product","3":"status-publish","4":"has-post-thumbnail","6":"product_cat-sin-categorizar","7":"nodate","8":"item-wrap","10":"first","11":"instock","12":"shipping-taxable","13":"product-type-external"},"_links":{"self":[{"href":"https:\/\/lofimusic.com.es\/index.php\/wp-json\/wp\/v2\/product\/9854","targetHints":{"allow":["GET"]}}],"collection":[{"href":"https:\/\/lofimusic.com.es\/index.php\/wp-json\/wp\/v2\/product"}],"about":[{"href":"https:\/\/lofimusic.com.es\/index.php\/wp-json\/wp\/v2\/types\/product"}],"replies":[{"embeddable":true,"href":"https:\/\/lofimusic.com.es\/index.php\/wp-json\/wp\/v2\/comments?post=9854"}],"wp:featuredmedia":[{"embeddable":true,"href":"https:\/\/lofimusic.com.es\/index.php\/wp-json\/wp\/v2\/media\/9853"}],"wp:attachment":[{"href":"https:\/\/lofimusic.com.es\/index.php\/wp-json\/wp\/v2\/media?parent=9854"}],"wp:term":[{"taxonomy":"product_cat","embeddable":true,"href":"https:\/\/lofimusic.com.es\/index.php\/wp-json\/wp\/v2\/product_cat?post=9854"},{"taxonomy":"product_tag","embeddable":true,"href":"https:\/\/lofimusic.com.es\/index.php\/wp-json\/wp\/v2\/product_tag?post=9854"}],"curies":[{"name":"wp","href":"https:\/\/api.w.org\/{rel}","templated":true}]}}