{"id":9852,"date":"2025-01-19T16:28:29","date_gmt":"2025-01-19T16:28:29","guid":{"rendered":"https:\/\/lofimusic.com.es\/index.php\/producto\/b0d3pz7xwd_fr\/"},"modified":"2025-01-19T16:28:29","modified_gmt":"2025-01-19T16:28:29","slug":"b0d3pz7xwd_fr","status":"publish","type":"product","link":"https:\/\/lofimusic.com.es\/index.php\/producto\/b0d3pz7xwd_fr\/","title":{"rendered":"B0D3PZ7XWD_FR"},"content":{"rendered":"<p>&#8211; \u3010Lumi\u00e8re infrarouge de s\u00e9curit\u00e9\u3011: Cette lampe infrarouge professionnelle est fabriqu\u00e9e \u00e0 partir de mat\u00e9riaux de haute qualit\u00e9 et a une longue dur\u00e9e de vie. Il contient une puce de lumi\u00e8re rouge de 660 nm et une puce proche infrarouge de 850 nm, qui est la meilleure combinaison de longueurs d&#8217;onde en science. La lampe infrarouge de 660 nm fonctionne en augmentant la production d&#8217;\u00e9nergie, r\u00e9solvant divers probl\u00e8mes avec la cuticule. La lampe \u00e0 lumi\u00e8re rouge de 850 nm est invisible \u00e0 l&#8217;\u0153il nu, elle peut p\u00e9n\u00e9trer nos diff\u00e9rents types de cuticules et p\u00e9n\u00e9trer profond\u00e9ment dans les os et les muscles pour soulager la fatigue plus profonde.<br \/>\n&#8211; \u3010Grande couverture de zone\u3011: Notre lampe infrarouge comprend 18 grandes perles LED et des lampes de gu\u00e9rison \u00e0 lumi\u00e8re rouge LED, qui se composent de 9 LED \u00e0 lumi\u00e8re rouge de 660 nm et de 9 LED proches infrarouges de 850 nm et fournissent la longueur d&#8217;onde la plus appropri\u00e9e pour la gu\u00e9rison par lumi\u00e8re rouge. Chaque perle a une lentille incurv\u00e9e \u00e0 60 degr\u00e9s, qui offre plus de luminosit\u00e9 et est 30 % plus lumineuse que les autres lampes, ce qui rend la lumi\u00e8re rouge plus efficace. Vous pouvez donc profiter du soleil \u00e0 la maison, faire des exercices simples et profiter d&#8217;un rayonnement lumineux \u00e0 tout moment et n&#8217;importe o\u00f9.<br \/>\n&#8211; \u3010Support r\u00e9glable et base en m\u00e9tal durable\u3011 : notre lampe infrarouge utilise du m\u00e9tal robuste. La base en m\u00e9tal de 6,3 pouces de diam\u00e8tre offre un support stable, le support r\u00e9glable (10 pouces-16,5 pouces) d\u00e9verrouille plus de sc\u00e9narios d&#8217;application et le bo\u00eetier de l&#8217;ampoule en aluminium offre une excellente dissipation de la chaleur. La base robuste offre un support stable et vous permet de placer la lampe sur n&#8217;importe quelle surface plane pour l&#8217;utiliser.<br \/>\n&#8211; \u3010Utilisation flexible\u3011 : l&#8217;arc de rotation de la t\u00eate de la lampe peut \u00eatre pli\u00e9 \u00e0 360 \u00b0 librement, s&#8217;adapte \u00e0 diff\u00e9rents angles et illumine de mani\u00e8re flexible diff\u00e9rentes parties du corps. Et il dispose d&#8217;un cordon d&#8217;alimentation suffisamment long (9,2 pieds\/2,8 m\u00e8tres) pour placer ce produit de mani\u00e8re flexible \u00e0 diff\u00e9rents endroits. La longue lumi\u00e8re rouge peut facilement \u00e9clairer plusieurs parties de votre corps. La gu\u00e9rison par lumi\u00e8re rouge vous offre une grande commodit\u00e9 et vous pouvez profiter de la lumi\u00e8re rouge \u00e0 la maison.<br \/>\n&#8211; \u3010Large application\u3011: Cette lampe infrarouge est le meilleur choix de cadeau pour votre famille et vos amis, c&#8217;est la lampe \u00e0 lumi\u00e8re rouge qui peut apporter sant\u00e9 et bonne vie \u00e0 votre famille et vos amis ! Cette lumi\u00e8re rouge polyvalente convient \u00e0 une vari\u00e9t\u00e9 de sc\u00e9narios et convient \u00e0 plusieurs parties du corps, vous permettant ainsi de passer la journ\u00e9e sans aucun probl\u00e8me ! Convient pour la maison, le salon de beaut\u00e9 et le spa. Si vous avez des questions, veuillez nous envoyer un e-mail et nous vous r\u00e9pondrons dans les 24 heures.<\/p>\n","protected":false},"excerpt":{"rendered":"<p>publicit\u00e9Lampe Infrarouge, 54W Lumi\u00e8re Infrarouge Chauffante, lumi\u00e8re infrarouge \u00e0 usage domestique, avec support de bureau r\u00e9glable, 18 LED 660 nm rouge et 850 nm proche infrarouge\uff0cLumi\u00e8re infrarouge<\/p>\n","protected":false},"featured_media":9851,"comment_status":"open","ping_status":"closed","template":"","meta":[],"product_cat":[15],"product_tag":[],"class_list":{"0":"post-9852","1":"product","2":"type-product","3":"status-publish","4":"has-post-thumbnail","6":"product_cat-sin-categorizar","7":"nodate","8":"item-wrap","10":"first","11":"instock","12":"shipping-taxable","13":"product-type-external"},"_links":{"self":[{"href":"https:\/\/lofimusic.com.es\/index.php\/wp-json\/wp\/v2\/product\/9852","targetHints":{"allow":["GET"]}}],"collection":[{"href":"https:\/\/lofimusic.com.es\/index.php\/wp-json\/wp\/v2\/product"}],"about":[{"href":"https:\/\/lofimusic.com.es\/index.php\/wp-json\/wp\/v2\/types\/product"}],"replies":[{"embeddable":true,"href":"https:\/\/lofimusic.com.es\/index.php\/wp-json\/wp\/v2\/comments?post=9852"}],"wp:featuredmedia":[{"embeddable":true,"href":"https:\/\/lofimusic.com.es\/index.php\/wp-json\/wp\/v2\/media\/9851"}],"wp:attachment":[{"href":"https:\/\/lofimusic.com.es\/index.php\/wp-json\/wp\/v2\/media?parent=9852"}],"wp:term":[{"taxonomy":"product_cat","embeddable":true,"href":"https:\/\/lofimusic.com.es\/index.php\/wp-json\/wp\/v2\/product_cat?post=9852"},{"taxonomy":"product_tag","embeddable":true,"href":"https:\/\/lofimusic.com.es\/index.php\/wp-json\/wp\/v2\/product_tag?post=9852"}],"curies":[{"name":"wp","href":"https:\/\/api.w.org\/{rel}","templated":true}]}}