{"id":9850,"date":"2025-01-19T16:28:22","date_gmt":"2025-01-19T16:28:22","guid":{"rendered":"https:\/\/lofimusic.com.es\/index.php\/producto\/b0d5ck7cpy_fr-2\/"},"modified":"2025-01-19T16:28:22","modified_gmt":"2025-01-19T16:28:22","slug":"b0d5ck7cpy_fr-2","status":"publish","type":"product","link":"https:\/\/lofimusic.com.es\/index.php\/producto\/b0d5ck7cpy_fr-2\/","title":{"rendered":"B0D5CK7CPY_FR"},"content":{"rendered":"<p>&#8211; \u3010Ampoule de 275 W \u3011La lampe \u00e0 lumi\u00e8re rouge avec lampe chauffante utilise un tube de lampe de grande puissance de 275 W \u00e0 haut rendement et \u00e0 vitesse de chauffage rapide. Le rayonnement infrarouge a un fort pouvoir de p\u00e9n\u00e9tration, il p\u00e9n\u00e8tre dans les tissus musculaires, soulage rapidement les douleurs musculaires et vous aide \u00e0 retrouver votre vitalit\u00e9 et votre sant\u00e9.<br \/>\n&#8211; \u3010Temp\u00e9rature r\u00e9glable \u3011La temp\u00e9rature de la lampe infrarouge est ajustable et peut \u00eatre r\u00e9gl\u00e9e entre 40 \u00b0C et 100 \u00b0C pour r\u00e9pondre \u00e0 vos diff\u00e9rents besoins de chauffage. Il suffit de l&#8217;utiliser pendant 5 \u00e0 10 minutes par jour. Jusqu&#8217;\u00e0 20 minutes par s\u00e9ance, \u00e0 raison de 4 fois par semaine. Acc\u00e9l\u00e8re la circulation sanguine, soulage les douleurs et la fatigue.<br \/>\n&#8211; \u3010Applicable \u00e0 Diff\u00e9rentes Parties \u3011la lampe chauffante convient \u00e0 diff\u00e9rentes parties du corps, telles que les articulations, les jambes, la taille, le dos, les \u00e9paules, l&#8217;abdomen, etc. La puissance calorique \u00e9lev\u00e9e de 275 W\uff0cQue ce soit pour la relaxation musculaire apr\u00e8s l&#8217;exercice ou pour les soins quotidiens \u00e0 la maison, elle r\u00e9pond \u00e0 tous vos besoins.<br \/>\n&#8211; \u3010Stable et Portable \u3011Lampe \u00e0 lumi\u00e8re rouge Le support du tube peut \u00eatre librement pli\u00e9 et ajust\u00e9 \u00e0 360\u00b0 pour s&#8217;adapter \u00e0 diff\u00e9rentes hauteurs et directions et \u00e9clairer de mani\u00e8re flexible diff\u00e9rentes parties du corps. La base de la phototh\u00e9rapie proche infrarouge est solide. Portable et pr\u00eat \u00e0 l&#8217;emploi, il est tr\u00e8s pratique \u00e0 utiliser.<br \/>\n&#8211; \u3010S\u00e9curit\u00e9 \u3011la lampe \u00e0 infrarouge professionnelle est fabriqu\u00e9e \u00e0 partir de mat\u00e9riaux s\u00fbrs et de haute qualit\u00e9 et a une longue dur\u00e9e de vie. La conception des trous de dissipation de la chaleur \u00e0 360 degr\u00e9s permet une dissipation rapide de la chaleur, est durable et ne se d\u00e9forme pas facilement. Le couvercle ext\u00e9rieur en acier inoxydable permet d&#8217;\u00e9viter les br\u00fblures caus\u00e9es par les temp\u00e9ratures \u00e9lev\u00e9es pendant l&#8217;utilisation.<\/p>\n","protected":false},"excerpt":{"rendered":"<p>publicit\u00e9Cozion Lampe Infrarouge, Lampe \u00e0 Lumi\u00e8re Rouge 275W, Lampe Chauffante \u00e0 Temp\u00e9rature R\u00e9glable Avec Grille De Protection, Th\u00e9rapie Par La Lumi\u00e8re Rouge Pour Apaiser Les Tensions Musculaires<\/p>\n","protected":false},"featured_media":9849,"comment_status":"open","ping_status":"closed","template":"","meta":[],"product_cat":[15],"product_tag":[],"class_list":{"0":"post-9850","1":"product","2":"type-product","3":"status-publish","4":"has-post-thumbnail","6":"product_cat-sin-categorizar","7":"nodate","8":"item-wrap","10":"first","11":"instock","12":"shipping-taxable","13":"product-type-external"},"_links":{"self":[{"href":"https:\/\/lofimusic.com.es\/index.php\/wp-json\/wp\/v2\/product\/9850","targetHints":{"allow":["GET"]}}],"collection":[{"href":"https:\/\/lofimusic.com.es\/index.php\/wp-json\/wp\/v2\/product"}],"about":[{"href":"https:\/\/lofimusic.com.es\/index.php\/wp-json\/wp\/v2\/types\/product"}],"replies":[{"embeddable":true,"href":"https:\/\/lofimusic.com.es\/index.php\/wp-json\/wp\/v2\/comments?post=9850"}],"wp:featuredmedia":[{"embeddable":true,"href":"https:\/\/lofimusic.com.es\/index.php\/wp-json\/wp\/v2\/media\/9849"}],"wp:attachment":[{"href":"https:\/\/lofimusic.com.es\/index.php\/wp-json\/wp\/v2\/media?parent=9850"}],"wp:term":[{"taxonomy":"product_cat","embeddable":true,"href":"https:\/\/lofimusic.com.es\/index.php\/wp-json\/wp\/v2\/product_cat?post=9850"},{"taxonomy":"product_tag","embeddable":true,"href":"https:\/\/lofimusic.com.es\/index.php\/wp-json\/wp\/v2\/product_tag?post=9850"}],"curies":[{"name":"wp","href":"https:\/\/api.w.org\/{rel}","templated":true}]}}