{"id":9846,"date":"2025-01-19T15:48:13","date_gmt":"2025-01-19T15:48:13","guid":{"rendered":"https:\/\/lofimusic.com.es\/index.php\/producto\/b0bx4grz3f_de\/"},"modified":"2025-01-19T15:48:13","modified_gmt":"2025-01-19T15:48:13","slug":"b0bx4grz3f_de","status":"publish","type":"product","link":"https:\/\/lofimusic.com.es\/index.php\/producto\/b0bx4grz3f_de\/","title":{"rendered":"B0BX4GRZ3F_DE"},"content":{"rendered":"<p>&#8211; [ Maximaler UV- und Schutz ]: Der Autofensterschutz f\u00fcr Babys ist aus einem robusten Nylongewebe mit 95 GSM hergestellt. Dieser dehnbare Sonnenschutz f\u00fcr Autofenster bietet vollst\u00e4ndige Verdunkelung mit UV-Schutz und verhindert, dass Ihre Kinder einen Sonnenbrand bekommen. Es ist auch ein gro\u00dfartiger Autofensterschirm f\u00fcr das Camping.<br \/>\n&#8211; [Fenster hoch- und runterkurbeln]: Der Autoscheibenschutz f\u00fcr Babys ist absolut atmungsaktiv und bleibt im Au\u00dfenbereich des Fensterrahmens. So k\u00f6nnen Sie die Fenster immer noch hoch- und runterkurbeln und die Brise von drau\u00dfen genie\u00dfen, w\u00e4hrend Sie vor der Sonne gesch\u00fctzt sind.<br \/>\n&#8211; [ End-to-End-Abdeckung ]: Car Window Shade Covers bestehen aus 95GSM Nylon &amp; Spandex Mesh mit strapazierf\u00e4higem Gummi, das die Autofenster abdeckt und 100%igen Sonnenschutz f\u00fcr Sie und Ihre Familie bietet. Auto-Sonnenschutz wird eine Privatsph\u00e4re Raum f\u00fcr die Sitz Passagiere zu schaffen.<br \/>\n&#8211; [ Passt f\u00fcr die meisten gro\u00dfen SUVs ]: Stretchable Auto Camping Fenster Bildschirme k\u00f6nnen in den meisten gro\u00dfen SUV, Jeep und LKW mit rechteckigen Fenstern passen. Auto-Fensterschirm Individuelles Design Messen dehnt sich auf 47,00\u201c X 21,00\u201c.<br \/>\n&#8211; [ Effizient und wiederverwendbar ]: Das kompakte und verstellbare Design erm\u00f6glicht es Ihnen, Seitenfenster-Sonnenschirme innerhalb von Sekunden zu installieren! Das Gummiband ist vielseitig und leicht zu ziehen und zu dehnen. Wenn es nicht ben\u00f6tigt wird, passt es bequem in das Handschuhfach oder wo auch immer Sie es brauchen.<\/p>\n","protected":false},"excerpt":{"rendered":"<p>Werbung<br \/>\nAuto-Sonnenschutz f\u00fcr Kinder (Pack of Two) \u2013 dehnbar &amp; atmungsaktiv Fenster f\u00fcr Sonnenschutz Sonnenschutz Auto Fenster Schatten All-Round Schutz f\u00fcr Kinder \u2013 passend f\u00fcr die meisten Fahrzeuge<\/p>\n","protected":false},"featured_media":9845,"comment_status":"open","ping_status":"closed","template":"","meta":[],"product_cat":[15],"product_tag":[],"class_list":{"0":"post-9846","1":"product","2":"type-product","3":"status-publish","4":"has-post-thumbnail","6":"product_cat-sin-categorizar","7":"nodate","8":"item-wrap","10":"first","11":"instock","12":"shipping-taxable","13":"product-type-external"},"_links":{"self":[{"href":"https:\/\/lofimusic.com.es\/index.php\/wp-json\/wp\/v2\/product\/9846","targetHints":{"allow":["GET"]}}],"collection":[{"href":"https:\/\/lofimusic.com.es\/index.php\/wp-json\/wp\/v2\/product"}],"about":[{"href":"https:\/\/lofimusic.com.es\/index.php\/wp-json\/wp\/v2\/types\/product"}],"replies":[{"embeddable":true,"href":"https:\/\/lofimusic.com.es\/index.php\/wp-json\/wp\/v2\/comments?post=9846"}],"wp:featuredmedia":[{"embeddable":true,"href":"https:\/\/lofimusic.com.es\/index.php\/wp-json\/wp\/v2\/media\/9845"}],"wp:attachment":[{"href":"https:\/\/lofimusic.com.es\/index.php\/wp-json\/wp\/v2\/media?parent=9846"}],"wp:term":[{"taxonomy":"product_cat","embeddable":true,"href":"https:\/\/lofimusic.com.es\/index.php\/wp-json\/wp\/v2\/product_cat?post=9846"},{"taxonomy":"product_tag","embeddable":true,"href":"https:\/\/lofimusic.com.es\/index.php\/wp-json\/wp\/v2\/product_tag?post=9846"}],"curies":[{"name":"wp","href":"https:\/\/api.w.org\/{rel}","templated":true}]}}