{"id":9844,"date":"2025-01-19T15:48:10","date_gmt":"2025-01-19T15:48:10","guid":{"rendered":"https:\/\/lofimusic.com.es\/index.php\/producto\/b0dphntf1d_de\/"},"modified":"2025-01-19T15:48:10","modified_gmt":"2025-01-19T15:48:10","slug":"b0dphntf1d_de","status":"publish","type":"product","link":"https:\/\/lofimusic.com.es\/index.php\/producto\/b0dphntf1d_de\/","title":{"rendered":"B0DPHNTF1D_DE"},"content":{"rendered":"<p>&#8211; Nackenstrecker f\u00fcr B\u00fcroangestellte, Studenten, Autofahrer und Menschen, die ihren Kopf f\u00fcr l\u00e4ngere Zeit beugen m\u00fcssen.<br \/>\n&#8211; Elastisches Material mit hoher Dichte, weich und bequem, mehrere Massagepunkte sorgen f\u00fcr eine wohltuende Massage, um die Muskeln zu entspannen und Stress abzubauen.<br \/>\n&#8211; C-Kurve Design kann perfekt Ihren Hals passen und nat\u00fcrlich unterst\u00fctzen Sie Ihren Hals, Kopf und Schultern.<br \/>\n&#8211; Entspannen Sie Ihren Nacken 10 Minuten am Tag, um Nackenschmerzen wirksam zu lindern.<\/p>\n","protected":false},"excerpt":{"rendered":"<p>Werbung<br \/>\nBLABOK Nackendehner Multifunktionale &#8211; entlastet Nacken und Schulter, zur Nackenstreckung und Entspannung<\/p>\n","protected":false},"featured_media":9843,"comment_status":"open","ping_status":"closed","template":"","meta":[],"product_cat":[15],"product_tag":[],"class_list":{"0":"post-9844","1":"product","2":"type-product","3":"status-publish","4":"has-post-thumbnail","6":"product_cat-sin-categorizar","7":"nodate","8":"item-wrap","10":"first","11":"instock","12":"shipping-taxable","13":"product-type-external"},"_links":{"self":[{"href":"https:\/\/lofimusic.com.es\/index.php\/wp-json\/wp\/v2\/product\/9844","targetHints":{"allow":["GET"]}}],"collection":[{"href":"https:\/\/lofimusic.com.es\/index.php\/wp-json\/wp\/v2\/product"}],"about":[{"href":"https:\/\/lofimusic.com.es\/index.php\/wp-json\/wp\/v2\/types\/product"}],"replies":[{"embeddable":true,"href":"https:\/\/lofimusic.com.es\/index.php\/wp-json\/wp\/v2\/comments?post=9844"}],"wp:featuredmedia":[{"embeddable":true,"href":"https:\/\/lofimusic.com.es\/index.php\/wp-json\/wp\/v2\/media\/9843"}],"wp:attachment":[{"href":"https:\/\/lofimusic.com.es\/index.php\/wp-json\/wp\/v2\/media?parent=9844"}],"wp:term":[{"taxonomy":"product_cat","embeddable":true,"href":"https:\/\/lofimusic.com.es\/index.php\/wp-json\/wp\/v2\/product_cat?post=9844"},{"taxonomy":"product_tag","embeddable":true,"href":"https:\/\/lofimusic.com.es\/index.php\/wp-json\/wp\/v2\/product_tag?post=9844"}],"curies":[{"name":"wp","href":"https:\/\/api.w.org\/{rel}","templated":true}]}}