{"id":9842,"date":"2025-01-19T15:44:13","date_gmt":"2025-01-19T15:44:13","guid":{"rendered":"https:\/\/lofimusic.com.es\/index.php\/producto\/b0dhvdz744_de\/"},"modified":"2025-01-19T15:44:13","modified_gmt":"2025-01-19T15:44:13","slug":"b0dhvdz744_de","status":"publish","type":"product","link":"https:\/\/lofimusic.com.es\/index.php\/producto\/b0dhvdz744_de\/","title":{"rendered":"B0DHVDZ744_DE"},"content":{"rendered":"<p>&#8211; \u2776\u3010Breitere Anwendbarkeit\u30112025 Upgrade: Extra Gro\u00dfe H\u00fchnerklappe Elektrisch (28 x 24 cm) \u2013 Neuer, Stabilerer Motor &amp; Vergr\u00f6\u00dferter T\u00fcrrahmen f\u00fcr H\u00fchner, Enten &amp; G\u00e4nse. Perfekt f\u00fcr gr\u00f6\u00dfere St\u00e4lle &amp; Komfortables Ein- und Ausgehen.<br \/>\n&#8211; \u2777\u3010MAXIMALE WETTERBEST\u00c4NDIGKEIT\u3011Robuste Aluminiumkonstruktion, korrosions- und wetterfest. Der 2025-Motor funktioniert zuverl\u00e4ssig bei Temperaturen von -20\u2103 bis 60\u2103 und garantiert auch unter extremen Bedingungen beste Leistung.Bedingungen beste Leistung.<br \/>\n&#8211; \u2778\u3010EINFACHE STEUERUNG\u3011Mit der praktischen Timer-Funktion und dem benutzerfreundlichen, hochkontrastreichen Display k\u00f6nnen Sie die \u00d6ffnungs- und Schlie\u00dfzeiten der automatischen H\u00fchnerklappe einfach einstellen, was das t\u00e4gliche Management vereinfacht und den nat\u00fcrlichen Rhythmus Ihrer Tiere f\u00f6rdert \u2013 auch bei wechselnden Lichtverh\u00e4ltnissen und f\u00fcr weniger technikaffine Nutzer geeignet.<br \/>\n&#8211; \u2779\u3010SICHERHEITSMECHANISMUS\u3011Ein integrierter Sensor stoppt den Schlie\u00dfvorgang bei einem Hindernis. Die T\u00fcr hebt sich automatisch um 3 cm und pausiert 10 Sekunden. Bei weiterhin vorhandenem Hindernis wiederholt sich der Vorgang dreimal. Bleibt das Hindernis bestehen, bleibt die T\u00fcr in der Mitte und schlie\u00dft alle zwei Stunden erneut, um Energie zu sparen.<br \/>\n&#8211; \u277a\u3010BATTERIEBETRIEBEN\u3011Genie\u00dfen Sie eine konstante und zuverl\u00e4ssige Leistung mit unserer batteriebetriebenen H\u00fchnerklappent\u00fcr. Diese h\u00fchnerklappe automatisch l\u00e4uft bis zu sechs Monate lang mit drei AA-Batterien (nicht inbegriffen, Bitte kaufen Sie 3 Alkaline-AA-Batterien separat). Die T\u00fcr ist zudem mit einer Batteriestandanzeige ausgestattet und verf\u00fcgt \u00fcber ein benutzerfreundliches Batteriefach mit Drehverschluss, das einen schnellen Batteriewechsel in nur einer Minute erm\u00f6glicht.<\/p>\n","protected":false},"excerpt":{"rendered":"<p>Werbung<br \/>\nINNOLAND Automatische H\u00fchnerklappe &#8211; Gro\u00dfe mit Zeit\/Handmodus Einklemmschutz, elektrische H\u00fchnerklappe automatisch, Aluminiumlegierung H\u00fchnert\u00fcr | Wasserdicht Gro\u00dfes Display | Batteriewarnung<\/p>\n","protected":false},"featured_media":9841,"comment_status":"open","ping_status":"closed","template":"","meta":[],"product_cat":[15],"product_tag":[],"class_list":{"0":"post-9842","1":"product","2":"type-product","3":"status-publish","4":"has-post-thumbnail","6":"product_cat-sin-categorizar","7":"nodate","8":"item-wrap","10":"first","11":"instock","12":"shipping-taxable","13":"product-type-external"},"_links":{"self":[{"href":"https:\/\/lofimusic.com.es\/index.php\/wp-json\/wp\/v2\/product\/9842","targetHints":{"allow":["GET"]}}],"collection":[{"href":"https:\/\/lofimusic.com.es\/index.php\/wp-json\/wp\/v2\/product"}],"about":[{"href":"https:\/\/lofimusic.com.es\/index.php\/wp-json\/wp\/v2\/types\/product"}],"replies":[{"embeddable":true,"href":"https:\/\/lofimusic.com.es\/index.php\/wp-json\/wp\/v2\/comments?post=9842"}],"wp:featuredmedia":[{"embeddable":true,"href":"https:\/\/lofimusic.com.es\/index.php\/wp-json\/wp\/v2\/media\/9841"}],"wp:attachment":[{"href":"https:\/\/lofimusic.com.es\/index.php\/wp-json\/wp\/v2\/media?parent=9842"}],"wp:term":[{"taxonomy":"product_cat","embeddable":true,"href":"https:\/\/lofimusic.com.es\/index.php\/wp-json\/wp\/v2\/product_cat?post=9842"},{"taxonomy":"product_tag","embeddable":true,"href":"https:\/\/lofimusic.com.es\/index.php\/wp-json\/wp\/v2\/product_tag?post=9842"}],"curies":[{"name":"wp","href":"https:\/\/api.w.org\/{rel}","templated":true}]}}