{"id":9840,"date":"2025-01-19T15:44:12","date_gmt":"2025-01-19T15:44:12","guid":{"rendered":"https:\/\/lofimusic.com.es\/index.php\/producto\/b0d4vdlwm7_de\/"},"modified":"2025-01-19T15:44:12","modified_gmt":"2025-01-19T15:44:12","slug":"b0d4vdlwm7_de","status":"publish","type":"product","link":"https:\/\/lofimusic.com.es\/index.php\/producto\/b0d4vdlwm7_de\/","title":{"rendered":"B0D4VDLWM7_DE"},"content":{"rendered":"<p>&#8211; \ud835\udfd1 \ud835\udc08\ud835\udc0d \ud835\udfcf \ud835\udc12\ud835\udc02\ud835\udc07\u00d6\ud835\udc0d\ud835\udc07\ud835\udc04\ud835\udc08\ud835\udc13\ud835\udc12\ud835\udc0c\ud835\udc00\ud835\udc12\ud835\udc02\ud835\udc07\ud835\udc08\ud835\udc0d\ud835\udc04: Cozion Schlankheitsmaschine integriert 3 fortschrittliche Modi von Infrarot, EMS-Mikrostrom und Ultraschall, die 5 Funktionen von Klopfen, Massieren, Kneten, Gua Sha und Fettreduktion bieten. Es kann Ihre unterschiedlichen Bed\u00fcrfnisse erf\u00fcllen, egal ob es um lokale Konturierung oder Tiefenpflege geht, alles in einem Ger\u00e4t.<br \/>\n&#8211; \ud835\udc08\ud835\udc0d\ud835\udc05\ud835\udc11\ud835\udc00\ud835\udc11\ud835\udc0e\ud835\udc13\ud835\udc0c\ud835\udc0e\ud835\udc03\ud835\udc14\ud835\udc12: Durch die Abgabe von Ferninfrarotstrahlen dringt es tief in die unterste Hautschicht ein, beschleunigt den Energiestoffwechsel und erh\u00f6ht die Funktionalit\u00e4t. Die sanfte Erw\u00e4rmung lindert nicht nur Muskelschmerzen, sondern verbessert auch effektiv die Qualit\u00e4t Ihrer Haut und macht sie straffer und glatter.<br \/>\n&#8211; \ud835\udc04\ud835\udc0c\ud835\udc12-\ud835\udc0c\ud835\udc08\ud835\udc0a\ud835\udc11\ud835\udc0e\ud835\udc12\ud835\udc13\ud835\udc11\ud835\udc0e\ud835\udc0c-\ud835\udc0c\ud835\udc0e\ud835\udc03\ud835\udc14\ud835\udc12: Der Mikrostrom-Modus simuliert die nat\u00fcrliche Muskelkontraktion, aktiviert die tiefen Muskelfasern, verbessert die Muskelfestigkeit und reduziert die Fettansammlung. Langfristiger Gebrauch kann die K\u00f6rperkurven deutlich verbessern und helfen, die ideale K\u00f6rperform zu erreichen.<br \/>\n&#8211; \ud835\udc14\ud835\udc0b\ud835\udc13\ud835\udc11\ud835\udc00\ud835\udc12\ud835\udc02\ud835\udc07\ud835\udc00\ud835\udc0b\ud835\udc0b\ud835\udc0c\ud835\udc0e\ud835\udc03\ud835\udc14\ud835\udc12: Mit Hilfe der Hochfrequenz-Vibrationstechnologie dringt er tief in die subkutane Fettschicht ein, baut sie ab und f\u00f6rdert die Durchblutung des K\u00f6rpers. Gleichzeitig hat Ultraschall auch eine gute Durchl\u00e4ssigkeit, die N\u00e4hrstoffe effektiver in die untere Hautschicht transportieren und die Aufnahme \u00e4therischer \u00d6le verbessern kann.<br \/>\n&#8211; \ud835\udc0c\ud835\udc0e\ud835\udc03\ud835\udc04\ud835\udc11\ud835\udc0d\ud835\udc04\ud835\udc12 \ud835\udc03\ud835\udc04\ud835\udc12\ud835\udc08\ud835\udc06\ud835\udc0d &amp; \ud835\udc01\ud835\udc04\ud835\udc10\ud835\udc14\ud835\udc04\ud835\udc0c\ud835\udc0b\ud835\udc08\ud835\udc02\ud835\udc07\ud835\udc04 \ud835\udc01\ud835\udc04\ud835\udc03\ud835\udc08\ud835\udc04\ud835\udc0d\ud835\udc14\ud835\udc0d\ud835\udc06: Ausgestattet mit einem hochaufl\u00f6senden LCD-Display, einfach und intuitiv zu bedienen. Mehrere Einstellungsm\u00f6glichkeiten k\u00f6nnen an die individuellen Bed\u00fcrfnisse angepasst werden, um Komfort und Effektivit\u00e4t bei jeder Anwendung zu gew\u00e4hrleisten.<\/p>\n","protected":false},"excerpt":{"rendered":"<p>Werbung<br \/>\nAnti Cellulite Massageger\u00e4t Elektrisch,Handgehaltene K\u00f6rperformungsmaschine f\u00fcr Bauch, Taille, Arm, Bein und Hintern<\/p>\n","protected":false},"featured_media":9839,"comment_status":"open","ping_status":"closed","template":"","meta":[],"product_cat":[15],"product_tag":[],"class_list":{"0":"post-9840","1":"product","2":"type-product","3":"status-publish","4":"has-post-thumbnail","6":"product_cat-sin-categorizar","7":"nodate","8":"item-wrap","10":"first","11":"instock","12":"shipping-taxable","13":"product-type-external"},"_links":{"self":[{"href":"https:\/\/lofimusic.com.es\/index.php\/wp-json\/wp\/v2\/product\/9840","targetHints":{"allow":["GET"]}}],"collection":[{"href":"https:\/\/lofimusic.com.es\/index.php\/wp-json\/wp\/v2\/product"}],"about":[{"href":"https:\/\/lofimusic.com.es\/index.php\/wp-json\/wp\/v2\/types\/product"}],"replies":[{"embeddable":true,"href":"https:\/\/lofimusic.com.es\/index.php\/wp-json\/wp\/v2\/comments?post=9840"}],"wp:featuredmedia":[{"embeddable":true,"href":"https:\/\/lofimusic.com.es\/index.php\/wp-json\/wp\/v2\/media\/9839"}],"wp:attachment":[{"href":"https:\/\/lofimusic.com.es\/index.php\/wp-json\/wp\/v2\/media?parent=9840"}],"wp:term":[{"taxonomy":"product_cat","embeddable":true,"href":"https:\/\/lofimusic.com.es\/index.php\/wp-json\/wp\/v2\/product_cat?post=9840"},{"taxonomy":"product_tag","embeddable":true,"href":"https:\/\/lofimusic.com.es\/index.php\/wp-json\/wp\/v2\/product_tag?post=9840"}],"curies":[{"name":"wp","href":"https:\/\/api.w.org\/{rel}","templated":true}]}}