{"id":9838,"date":"2025-01-19T15:44:09","date_gmt":"2025-01-19T15:44:09","guid":{"rendered":"https:\/\/lofimusic.com.es\/index.php\/producto\/b0dm8xxbrc_de\/"},"modified":"2025-01-19T15:44:09","modified_gmt":"2025-01-19T15:44:09","slug":"b0dm8xxbrc_de","status":"publish","type":"product","link":"https:\/\/lofimusic.com.es\/index.php\/producto\/b0dm8xxbrc_de\/","title":{"rendered":"B0DM8XXBRC_DE"},"content":{"rendered":"<p>&#8211; \ud835\udc19\ud835\udc2b\ud835\udc30\ud835\udc2e\ud835\udc25\ud835\udc1d\ud835\udc2e \ud835\udc06\ud835\udc1e\ud835\udc2c\ud835\udc22\ud835\udc1c\ud835\udc21\ud835\udc2d\ud835\udc2c\ud835\udc26\ud835\udc1a\ud835\udc2c\ud835\udc2c\ud835\udc1a\ud835\udc20\ud835\udc1e\ud835\udc20\ud835\udc1e\ud835\udc2b\u00e4\ud835\udc2d ist ein wiederaufladbares, tragbares und leicht zu reinigendes Anti-Aging Hautstraffungsger\u00e4t mit dem professionelle Beauty Spa zuhause genie\u00dfen kann. Hier wird Jadestein Werkstoff, Phototherapie und EMS-Technologie kombiniert, stimuliert die Produktion von Kollagen- und Elastinfasern, gl\u00e4ttet die Haut und reduziert des Gesichts, Hals und K\u00f6rper feine Linien und Falten zu reduzieren, die Gesichtskonturen anzuheben sowie die Haut zu erneuern und zu regenerieren.<br \/>\n&#8211; \ud835\udc16\ud835\udc22\ud835\udc2b\ud835\udc24\ud835\udc2c\ud835\udc1a\ud835\udc26\ud835\udc24\ud835\udc1e\ud835\udc22\ud835\udc2d \ud835\udc2f\ud835\udc28\ud835\udc27 \ud835\udc09\ud835\udc1a\ud835\udc1d\ud835\udc1e\ud835\udc2c\ud835\udc2d\ud835\udc1e\ud835\udc22\ud835\udc27: Elektrisches Gesichtsmassageger\u00e4t besteht aus nat\u00fcrlichem Rosa Quarz Jadestein, der eine gute W\u00e4rmeleitf\u00e4higkeit besitzt und w\u00e4hrend der Anwendung eine sanfte W\u00e4rme abgibt, die eine beruhigende und bes\u00e4nftigende Wirkung hat und das Gesamterlebnis der Gesichtsbehandlung verbessert. Er verbessert die Blutzirkulation und die Lymphdrainage, hilft Schwellungen und Falten zu reduzieren und verleiht der Haut ein glattes und straffes Gef\u00fchl.<br \/>\n&#8211; \ud835\udfd2 \ud835\udc0c\ud835\udc28\ud835\udc1d\ud835\udc22 \ud835\udc05\ud835\udc1a\ud835\udc1c\ud835\udc1e \ud835\udc0b\ud835\udc22\ud835\udc1f\ud835\udc2d\ud835\udc22\ud835\udc27\ud835\udc20 \ud835\udc06\ud835\udc1e\ud835\udc2b\u00e4\ud835\udc2d: \u2776Aufhellungs- und Verj\u00fcngungsmodus:Rotes Licht 660nm + Vibration+ Heizung,hellt die Haut auf und verbessert die Hautstruktur.\u2777Hebemodus:blaues Licht 465nm + ems + Vibration,straffen die Haut und gl\u00e4tten die Falten.\u2778Hydratations- und Reparaturmodus:gelbes Licht 590nm + Vibration + Heizung,Konvergenz der Poren, Regulierung des Hauttalgs.\u2779beruhigender und bes\u00e4nftigender Modus:violettes Licht 450nm+ Vibration+ EMS + Heizung,beruhigt und regeneriert R\u00f6tungen.<br \/>\n&#8211; \ud835\udc15\ud835\udc1e\ud835\udc2b\ud835\udc30\ud835\udc1e\ud835\udc27\ud835\udc1d\ud835\udc2e\ud835\udc27\ud835\udc20\ud835\udc2c\ud835\udc26\ud835\udc1e\ud835\udc2d\ud835\udc21\ud835\udc28\ud835\udc1d\ud835\udc1e \ud835\udfcf: Erst das Gesicht mit Reinigungsmittel waschen, Gesichtsgel (Gel, Serum, Lotion, Creme) auf die Haut auftragen, um eine Leitung zu erzeugen und dann ca. 8 Minuten in Streich- bzw. Kreisbewegungen die Gesichtshaut bearbeiten, nach 8 Minuten schaltet sich das Ger\u00e4t automatisch aus.<br \/>\n&#8211; \ud835\udc15\ud835\udc1e\ud835\udc2b\ud835\udc30\ud835\udc1e\ud835\udc27\ud835\udc1d\ud835\udc2e\ud835\udc27\ud835\udc20\ud835\udc2c\ud835\udc26\ud835\udc1e\ud835\udc2d\ud835\udc21\ud835\udc28\ud835\udc1d\ud835\udc1e \ud835\udfd0: Befeuchten Sie nach dem Waschen Ihres Gesichts ein Wattepad mit essence water und legen Sie es auf das Massageger\u00e4t.Durch die Auswahl des entsprechenden Modus und der entsprechenden Funktion k\u00f6nnen Sie ganz einfach Ihre t\u00e4gliche Hautpflegeroutine durchf\u00fchren, die f\u00fcr alle Hauttypen geeignet ist und den Benutzern hilft, eine gesunde Haut zu erhalten.<\/p>\n","protected":false},"excerpt":{"rendered":"<p>Werbung<br \/>\nGesichtsmassage Gegen Falten EMS mit Rosa Quarz Jadestein Massagesteine, Vibration et W\u00e4rme, Face Lifting Ger\u00e4t mit LED Rotlicht Face Massager F\u00fcr Augenschwellungen Hautstraffung von Gesicht<\/p>\n","protected":false},"featured_media":9837,"comment_status":"open","ping_status":"closed","template":"","meta":[],"product_cat":[15],"product_tag":[],"class_list":{"0":"post-9838","1":"product","2":"type-product","3":"status-publish","4":"has-post-thumbnail","6":"product_cat-sin-categorizar","7":"nodate","8":"item-wrap","10":"first","11":"instock","12":"shipping-taxable","13":"product-type-external"},"_links":{"self":[{"href":"https:\/\/lofimusic.com.es\/index.php\/wp-json\/wp\/v2\/product\/9838","targetHints":{"allow":["GET"]}}],"collection":[{"href":"https:\/\/lofimusic.com.es\/index.php\/wp-json\/wp\/v2\/product"}],"about":[{"href":"https:\/\/lofimusic.com.es\/index.php\/wp-json\/wp\/v2\/types\/product"}],"replies":[{"embeddable":true,"href":"https:\/\/lofimusic.com.es\/index.php\/wp-json\/wp\/v2\/comments?post=9838"}],"wp:featuredmedia":[{"embeddable":true,"href":"https:\/\/lofimusic.com.es\/index.php\/wp-json\/wp\/v2\/media\/9837"}],"wp:attachment":[{"href":"https:\/\/lofimusic.com.es\/index.php\/wp-json\/wp\/v2\/media?parent=9838"}],"wp:term":[{"taxonomy":"product_cat","embeddable":true,"href":"https:\/\/lofimusic.com.es\/index.php\/wp-json\/wp\/v2\/product_cat?post=9838"},{"taxonomy":"product_tag","embeddable":true,"href":"https:\/\/lofimusic.com.es\/index.php\/wp-json\/wp\/v2\/product_tag?post=9838"}],"curies":[{"name":"wp","href":"https:\/\/api.w.org\/{rel}","templated":true}]}}