{"id":9836,"date":"2025-01-19T15:44:09","date_gmt":"2025-01-19T15:44:09","guid":{"rendered":"https:\/\/lofimusic.com.es\/index.php\/producto\/b0cnsrjm1d_de\/"},"modified":"2025-01-19T15:44:09","modified_gmt":"2025-01-19T15:44:09","slug":"b0cnsrjm1d_de","status":"publish","type":"product","link":"https:\/\/lofimusic.com.es\/index.php\/producto\/b0cnsrjm1d_de\/","title":{"rendered":"B0CNSRJM1D_DE"},"content":{"rendered":"<p>&#8211; HOCHEFFIZIENTE HEIZUNG: Diese 100W w\u00e4rmelampe kann sicher und stabil heizen. Die infrarot-gl\u00fchbirne strahlt optimale nahinfrarot-wellenl\u00e4ngen von 600 nm bis 1400 nm aus. Die rotlichtlampe bietet direkte, zugfreie w\u00e4rme f\u00fcr tier und mensch.<br \/>\n&#8211; EINFACHE UND DAUERHAFTE VERWENDUNG: Passend f\u00fcr standard E26\/E27 fassung, 220~240V, einfach einzurichten und zu verwenden. Genie\u00dfen sie die leichte heizung zu hause, wann immer sie wollen. Diese langlebige gl\u00fchbirne leuchtet bis zu 5000 stunden lang, dauerhaft zu verwenden.<br \/>\n&#8211; NOT DISRUPTING SLEEP:Rotlichtlampen bieten die richtige Menge an W\u00e4rme schwaches rotes Licht, das den normalen Zyklus der Aktivit\u00e4t nicht st\u00f6rt. Das weiche rote Licht ist sowohl f\u00fcr den Tag als auch f\u00fcr die Nacht geeignet und erm\u00f6glicht es den Tieren, sich auszuruhen und aufzuw\u00e4rmen.<br \/>\n&#8211; Weite Anwendung: Die rote W\u00e4rmelampe ist perfekt f\u00fcr Senioren, Sportler, Frauen und M\u00e4nner. Auch ideal f\u00fcr H\u00fchner, Katzen, Hunde, V\u00f6gel usw., die W\u00e4rme brauchen.<br \/>\n&#8211; Keine Sorgen nach dem Verkauf\uff1aCozion rote Gl\u00fchbirne haben irgendwelche Probleme, kontaktieren Sie uns bitte, unser Kundendienstpersonal wird alle Probleme f\u00fcr Sie innerhalb von 24 Stunden l\u00f6sen.<\/p>\n","protected":false},"excerpt":{"rendered":"<p>Werbung<br \/>\nCozion Rotlichtlampe 100 Watt Infrarotlampe W\u00e4rmelampe Birne Infrarotlampe Rotlichtlampe Infrarotlicht<\/p>\n","protected":false},"featured_media":9835,"comment_status":"open","ping_status":"closed","template":"","meta":[],"product_cat":[15],"product_tag":[],"class_list":{"0":"post-9836","1":"product","2":"type-product","3":"status-publish","4":"has-post-thumbnail","6":"product_cat-sin-categorizar","7":"nodate","8":"item-wrap","10":"first","11":"instock","12":"shipping-taxable","13":"product-type-external"},"_links":{"self":[{"href":"https:\/\/lofimusic.com.es\/index.php\/wp-json\/wp\/v2\/product\/9836","targetHints":{"allow":["GET"]}}],"collection":[{"href":"https:\/\/lofimusic.com.es\/index.php\/wp-json\/wp\/v2\/product"}],"about":[{"href":"https:\/\/lofimusic.com.es\/index.php\/wp-json\/wp\/v2\/types\/product"}],"replies":[{"embeddable":true,"href":"https:\/\/lofimusic.com.es\/index.php\/wp-json\/wp\/v2\/comments?post=9836"}],"wp:featuredmedia":[{"embeddable":true,"href":"https:\/\/lofimusic.com.es\/index.php\/wp-json\/wp\/v2\/media\/9835"}],"wp:attachment":[{"href":"https:\/\/lofimusic.com.es\/index.php\/wp-json\/wp\/v2\/media?parent=9836"}],"wp:term":[{"taxonomy":"product_cat","embeddable":true,"href":"https:\/\/lofimusic.com.es\/index.php\/wp-json\/wp\/v2\/product_cat?post=9836"},{"taxonomy":"product_tag","embeddable":true,"href":"https:\/\/lofimusic.com.es\/index.php\/wp-json\/wp\/v2\/product_tag?post=9836"}],"curies":[{"name":"wp","href":"https:\/\/api.w.org\/{rel}","templated":true}]}}