{"id":9834,"date":"2025-01-19T15:35:17","date_gmt":"2025-01-19T15:35:17","guid":{"rendered":"https:\/\/lofimusic.com.es\/index.php\/producto\/b0d4vdlwm7_it\/"},"modified":"2025-01-19T15:35:17","modified_gmt":"2025-01-19T15:35:17","slug":"b0d4vdlwm7_it","status":"publish","type":"product","link":"https:\/\/lofimusic.com.es\/index.php\/producto\/b0d4vdlwm7_it\/","title":{"rendered":"B0D4VDLWM7_IT"},"content":{"rendered":"<p>&#8211; \ud835\udc04\ud835\udc1f\ud835\udc1f\ud835\udc1e\ud835\udc24\ud835\udc2d\ud835\udc22\ud835\udc2f &amp; \ud835\udc0a\ud835\udc28\ud835\udc26\ud835\udc1f\ud835\udc28\ud835\udc2b\ud835\udc2d\ud835\udc1a\ud835\udc1b\ud835\udc1e\ud835\udc25\uff1aWir bem\u00fchen uns, die Qualit\u00e4t durch experimentelle Vergleiche zu verbessern, bevor Cozion Massageger\u00e4t ergonomisches Design und Ultraschalltechnologie verwendet, um effektiv und bequemer zu sein.<br \/>\n&#8211; \ud835\udfd1 \ud835\udc0c\ud835\udc28\ud835\udc1d\ud835\udc22\uff1aDer abgerundete Massagekopf dieses Massageger\u00e4ts bietet eine gr\u00f6\u00dfere Arbeitsfl\u00e4che f\u00fcr einen ausgepr\u00e4gteren Konturierungseffekt; Es verf\u00fcgt auch \u00fcber 3 Modi: Rotlicht- und EMS-Mikrostromfunktion, die effektiv Dehnungsstreifen aufhellt und Cellulite entfernt.<br \/>\n&#8211; \ud835\udfd3 \ud835\udc05\ud835\udc2e\ud835\udc27\ud835\udc24\ud835\udc2d\ud835\udc22\ud835\udc28\ud835\udc27\ud835\udc1e\ud835\udc27\uff1a Das elektrische Cellulite-Massageger\u00e4t verf\u00fcgt \u00fcber 5 Funktionen (Klopfen, Massieren, Kneten, Gua Sha, Gewichtsabnahme), die K\u00f6rperkonturierung und Hautstraffung integrieren, es ist das perfekte Geschenk f\u00fcr postnatale M\u00fctter, \u00dcbergewichtige und Sch\u00f6nheitsliebhaber, um ihre K\u00f6rperform wiederherzustellen und zu erhalten.<br \/>\n&#8211; \ud835\udc12\ud835\udc29\ud835\udc1a\ud835\udc2b\ud835\udc1e\ud835\udc27 \ud835\udc12\ud835\udc22\ud835\udc1e \ud835\udc19\ud835\udc1e\ud835\udc22\ud835\udc2d \ud835\udc2e\ud835\udc27\ud835\udc1d \ud835\udc06\ud835\udc1e\ud835\udc25\ud835\udc1d\uff1a Das Anti-Cellulite-Massageger\u00e4t vereint K\u00f6rperkonturierung und Hautstraffung. Es kann Ihnen helfen, Ihr Selbstvertrauen wiederzuerlangen. Sie k\u00f6nnen es ganz einfach zu Hause verwenden, ohne zus\u00e4tzliche Zeit und Geld in Sch\u00f6nheitszentren zu verbringen.<br \/>\n&#8211; \ud835\udc13\ud835\udc22\ud835\udc29\ud835\udc29\uff1aWir empfehlen Ihnen dringend, leitf\u00e4higes Gel aufzutragen, w\u00e4hrend Sie das Cellulite-Massageger\u00e4t verwenden, um bessere und schnellere Ergebnisse zu erzielen. (Hinweis: Leitf\u00e4higes Gel ist nicht im Paket enthalten!)<\/p>\n","protected":false},"excerpt":{"rendered":"<p>pubblicit\u00e03-IN-1 Massaggiatore Anticellulite Elettrico,Dispositivo di Rimozione Della Cellulite,Strumento di Bellezza a Ultrasuoni con EMS e Luce Infrarossa,Adatto per Rassodare il Corpo<\/p>\n","protected":false},"featured_media":9833,"comment_status":"open","ping_status":"closed","template":"","meta":[],"product_cat":[15],"product_tag":[],"class_list":{"0":"post-9834","1":"product","2":"type-product","3":"status-publish","4":"has-post-thumbnail","6":"product_cat-sin-categorizar","7":"nodate","8":"item-wrap","10":"first","11":"instock","12":"shipping-taxable","13":"product-type-external"},"_links":{"self":[{"href":"https:\/\/lofimusic.com.es\/index.php\/wp-json\/wp\/v2\/product\/9834","targetHints":{"allow":["GET"]}}],"collection":[{"href":"https:\/\/lofimusic.com.es\/index.php\/wp-json\/wp\/v2\/product"}],"about":[{"href":"https:\/\/lofimusic.com.es\/index.php\/wp-json\/wp\/v2\/types\/product"}],"replies":[{"embeddable":true,"href":"https:\/\/lofimusic.com.es\/index.php\/wp-json\/wp\/v2\/comments?post=9834"}],"wp:featuredmedia":[{"embeddable":true,"href":"https:\/\/lofimusic.com.es\/index.php\/wp-json\/wp\/v2\/media\/9833"}],"wp:attachment":[{"href":"https:\/\/lofimusic.com.es\/index.php\/wp-json\/wp\/v2\/media?parent=9834"}],"wp:term":[{"taxonomy":"product_cat","embeddable":true,"href":"https:\/\/lofimusic.com.es\/index.php\/wp-json\/wp\/v2\/product_cat?post=9834"},{"taxonomy":"product_tag","embeddable":true,"href":"https:\/\/lofimusic.com.es\/index.php\/wp-json\/wp\/v2\/product_tag?post=9834"}],"curies":[{"name":"wp","href":"https:\/\/api.w.org\/{rel}","templated":true}]}}