{"id":9830,"date":"2025-01-19T15:35:06","date_gmt":"2025-01-19T15:35:06","guid":{"rendered":"https:\/\/lofimusic.com.es\/index.php\/producto\/b091dqbcds_it\/"},"modified":"2025-01-19T15:35:06","modified_gmt":"2025-01-19T15:35:06","slug":"b091dqbcds_it","status":"publish","type":"product","link":"https:\/\/lofimusic.com.es\/index.php\/producto\/b091dqbcds_it\/","title":{"rendered":"B091DQBCDS_IT"},"content":{"rendered":"<p>&#8211; Testine Generiche Per Spazzolini &#8211; Queste testine generiche per spazzolino da denti sono perfettamente compatibili con i manici dello spazzolino elettrico OralB, soddisfano i pi\u00f9 elevati standard di sicurezza e salute.<br \/>\n&#8211; Pulito Efficace &#8211; Rimuovere fino a 5 volte quanto placca come un normale spazzolino manuale. Pulire pi\u00f9 in profondit\u00e0 e rimuovere pi\u00f9 placca di un normale spazzolino manuale. Pu\u00f2 penetrare aree difficili da raggiungere.<br \/>\n&#8211; Compatibilit\u00e0 Fantastica &#8211; Adatto a tutti i manici degli spazzolini elettrici Oral B, ad eccezione degli spazzolini Oral B sonic.<br \/>\n&#8211; Funzioni di Testine Ricambio &#8211; Sbiancamento dei denti, le setole curvate di precisione abbracciano l&#8217;intera superficie di un dente e le setole penetrano in profondit\u00e0 negli spazi interdentali per pulire e sbiancare, rimuovere efficacemente le macchie e rompere la placca, iniziare il tuo brillante sorriso.<br \/>\n&#8211; Anelli Colorati &#8211; Ogni testina ha un colore diverso per un\u2019identificazione facile, comodo per un uso famigliare.<\/p>\n","protected":false},"excerpt":{"rendered":"<p>pubblicit\u00e0Testine Spazzolino Elettrico Compatibile Con Orale B Spazzolini Elettrici Ricaricabile \u2013 Testine di Ricambio Adatto Cross Action, Vitality, Sensitive, Professional Care, ecc, di HSYTEK (8)<\/p>\n","protected":false},"featured_media":9829,"comment_status":"open","ping_status":"closed","template":"","meta":[],"product_cat":[15],"product_tag":[],"class_list":{"0":"post-9830","1":"product","2":"type-product","3":"status-publish","4":"has-post-thumbnail","6":"product_cat-sin-categorizar","7":"nodate","8":"item-wrap","10":"first","11":"instock","12":"shipping-taxable","13":"product-type-external"},"_links":{"self":[{"href":"https:\/\/lofimusic.com.es\/index.php\/wp-json\/wp\/v2\/product\/9830","targetHints":{"allow":["GET"]}}],"collection":[{"href":"https:\/\/lofimusic.com.es\/index.php\/wp-json\/wp\/v2\/product"}],"about":[{"href":"https:\/\/lofimusic.com.es\/index.php\/wp-json\/wp\/v2\/types\/product"}],"replies":[{"embeddable":true,"href":"https:\/\/lofimusic.com.es\/index.php\/wp-json\/wp\/v2\/comments?post=9830"}],"wp:featuredmedia":[{"embeddable":true,"href":"https:\/\/lofimusic.com.es\/index.php\/wp-json\/wp\/v2\/media\/9829"}],"wp:attachment":[{"href":"https:\/\/lofimusic.com.es\/index.php\/wp-json\/wp\/v2\/media?parent=9830"}],"wp:term":[{"taxonomy":"product_cat","embeddable":true,"href":"https:\/\/lofimusic.com.es\/index.php\/wp-json\/wp\/v2\/product_cat?post=9830"},{"taxonomy":"product_tag","embeddable":true,"href":"https:\/\/lofimusic.com.es\/index.php\/wp-json\/wp\/v2\/product_tag?post=9830"}],"curies":[{"name":"wp","href":"https:\/\/api.w.org\/{rel}","templated":true}]}}