{"id":9828,"date":"2025-01-19T11:59:19","date_gmt":"2025-01-19T11:59:19","guid":{"rendered":"https:\/\/lofimusic.com.es\/index.php\/producto\/b0dgt2mkd7_fr\/"},"modified":"2025-01-19T11:59:19","modified_gmt":"2025-01-19T11:59:19","slug":"b0dgt2mkd7_fr","status":"publish","type":"product","link":"https:\/\/lofimusic.com.es\/index.php\/producto\/b0dgt2mkd7_fr\/","title":{"rendered":"B0DGT2MKD7_FR"},"content":{"rendered":"<p>&#8211; Charge Ultra-Rapide pour iPhone : Chargeur pour iPhone offre une puissance allant jusqu\u2019\u00e0 20 W. Rechargez votre iPhone 14 de 0 % \u00e0 58 % en seulement 30 minutes, soit trois fois plus rapidement qu\u2019un chargeur d\u2019origine de 5 W. Une fois que la batterie de l\u2019iPhone atteint 80 %, le chargeur r\u00e9duit intelligemment la vitesse de charge pour prot\u00e9ger la batterie, \u00e9vitant ainsi toute surcharge, tout comme un chargeur d\u2019origine Apple.<br \/>\n&#8211; C\u00e2ble USB-C vers Lightning Certifi\u00e9 : Ce c\u00e2ble USB-C vers Lightning est certifi\u00e9 et int\u00e8gre la puce d\u2019origine C94, garantissant un chargement rapide et efficace des appareils iOS tout en pr\u00e9servant la dur\u00e9e de vie de votre batterie.<br \/>\n&#8211; Protections de S\u00e9curit\u00e9 Avanc\u00e9es : Le chargeur USB-C est \u00e9quip\u00e9 de dispositifs de protection contre les surtensions, les surintensit\u00e9s, la surchauffe et les courts-circuits, garantissant une charge s\u00e9curis\u00e9e. De plus, le c\u00e2ble Lightning USB-C a r\u00e9sist\u00e9 \u00e0 plus de 15 000 tests de flexion, assurant une durabilit\u00e9 exceptionnelle.<br \/>\n&#8211; Compatibilit\u00e9 \u00c9tendue : Chargeur mural est \u00e9quip\u00e9 d&#8217;un c\u00e2ble de charge de 2m de long et offre une charge rapide et efficace pour iPhone 14\/iPhone 14 Plus\/iPhone 14 Pro\/iPhone 14 Pro Max\/iPhone 13\/iPhone 13 Mini\/iPhone 13 Pro\/iPhone 13 Pro Max\/iPhone 12\/iPhone 12 Mini\/iPhone 12 Pro\/iPhone 12 Pro Max\/SE 2020\/iPhone 11\/iPhone 11 Pro\/iPhone 11 Pro Max\/XS\/XS Max\/XR\/X\/8 Plus.<br \/>\n&#8211; Contenu de l\u2019Emballage : Cette offre 1 chargeurs USB-C de 20 W et 1 c\u00e2bles USB-C vers Lightning. Nous proposons un service client r\u00e9actif et une garantie de qualit\u00e9 pour tous vos besoins en mati\u00e8re de recharge.<\/p>\n","protected":false},"excerpt":{"rendered":"<p>publicit\u00e9Chargeur Rapide USB C pour iPhone 14,2M Long Cable de Type C vers Lightning et USBC Fast Bloc Adaptateur Prise Murale Alimentation pour Apple iPhone 14 Pro Max\/14 Plus\/13 Pro\/12 Mini\/11\/SE\/XS\/iPad Air<\/p>\n","protected":false},"featured_media":9827,"comment_status":"open","ping_status":"closed","template":"","meta":[],"product_cat":[15],"product_tag":[],"class_list":{"0":"post-9828","1":"product","2":"type-product","3":"status-publish","4":"has-post-thumbnail","6":"product_cat-sin-categorizar","7":"nodate","8":"item-wrap","10":"first","11":"instock","12":"shipping-taxable","13":"product-type-external"},"_links":{"self":[{"href":"https:\/\/lofimusic.com.es\/index.php\/wp-json\/wp\/v2\/product\/9828","targetHints":{"allow":["GET"]}}],"collection":[{"href":"https:\/\/lofimusic.com.es\/index.php\/wp-json\/wp\/v2\/product"}],"about":[{"href":"https:\/\/lofimusic.com.es\/index.php\/wp-json\/wp\/v2\/types\/product"}],"replies":[{"embeddable":true,"href":"https:\/\/lofimusic.com.es\/index.php\/wp-json\/wp\/v2\/comments?post=9828"}],"wp:featuredmedia":[{"embeddable":true,"href":"https:\/\/lofimusic.com.es\/index.php\/wp-json\/wp\/v2\/media\/9827"}],"wp:attachment":[{"href":"https:\/\/lofimusic.com.es\/index.php\/wp-json\/wp\/v2\/media?parent=9828"}],"wp:term":[{"taxonomy":"product_cat","embeddable":true,"href":"https:\/\/lofimusic.com.es\/index.php\/wp-json\/wp\/v2\/product_cat?post=9828"},{"taxonomy":"product_tag","embeddable":true,"href":"https:\/\/lofimusic.com.es\/index.php\/wp-json\/wp\/v2\/product_tag?post=9828"}],"curies":[{"name":"wp","href":"https:\/\/api.w.org\/{rel}","templated":true}]}}