{"id":9818,"date":"2025-01-18T23:02:27","date_gmt":"2025-01-18T23:02:27","guid":{"rendered":"https:\/\/lofimusic.com.es\/index.php\/producto\/b0dbvd8wgp_es\/"},"modified":"2025-01-18T23:02:27","modified_gmt":"2025-01-18T23:02:27","slug":"b0dbvd8wgp_es","status":"publish","type":"product","link":"https:\/\/lofimusic.com.es\/index.php\/producto\/b0dbvd8wgp_es\/","title":{"rendered":"B0DBVD8WGP_ES"},"content":{"rendered":"<p>&#8211; Compatibilidad Universal \u27a4 Este cargador est\u00e1 equipado con 6 tipos diferentes de conectores, incluyendo DC5,5&#215;2,5mm, DC5,5&#215;2,1mm, una toma de aire integrada de 9mm, una toma de aire de 12mm, RCA\/3P-XLR\/IEC. Es compatible con una amplia gama de scooters el\u00e9ctricos, bicicletas el\u00e9ctricas, scooters autoequilibrados como el Xiaomi M365, Segway Ninebot ES1, ES2, ES3, ES4, scooters de dos ruedas, hoverboards, scooters de movilidad, etc. Por favor, verifique la compatibilidad con su modelo y el tama\u00f1o del conector de la bater\u00eda antes de la compra.<br \/>\n&#8211; Materiales de Alta Calidad \u27a4 Fabricado con materiales resistentes a altas temperaturas como ABS y PC, con conectores de aleaci\u00f3n de aluminio y n\u00facleo de cobre puro. Incorpora un disipador t\u00e9rmico de aluminio para una \u00f3ptima disipaci\u00f3n del calor, asegurando una carga r\u00e1pida y segura mientras previene la oxidaci\u00f3n y el \u00f3xido.<br \/>\n&#8211; Seguridad Avanzada \u27a4 Equipado con un m\u00f3dulo de protecci\u00f3n inteligente, este cargador ofrece una seguridad reforzada con protecciones contra sobretensiones, sobrecorrientes, sobrecalentamientos y cortocircuitos. El ventilador integrado asegura una eficiente disipaci\u00f3n del calor, lo que puede generar un ligero ruido durante su funcionamiento.<br \/>\n&#8211; Indicador LED de Carga \u27a4 Equipado con un indicador LED de carga, este cargador muestra claramente el estado de carga de la bater\u00eda. La luz roja indica carga en curso, mientras que la luz verde se\u00f1ala que la bater\u00eda est\u00e1 completamente cargada, desconectada o no en carga. Detiene autom\u00e1ticamente la carga cuando la bater\u00eda est\u00e1 llena, optimizando as\u00ed la eficiencia energ\u00e9tica. Entrada AC100-240V 50\/60Hz, salida DC 42V2A.<br \/>\n&#8211; Port\u00e1til y f\u00e1cil de almacenar\u27a4El cargador de scooter el\u00e9ctrico es de tama\u00f1o peque\u00f1o, lo que permite un almacenamiento compacto y seguro para un f\u00e1cil transporte sin riesgo de da\u00f1os o p\u00e9rdidas, lo que es especialmente pr\u00e1ctico cuando viaja o transporta con frecuencia su scooter el\u00e9ctrico.<\/p>\n","protected":false},"excerpt":{"rendered":"<p>Publicidad Cargador Patinete El\u00e9ctrico, Cargador Universal 42V 2A para Bater\u00eda de Litio de 36V con 6 Conectores, Compatible con Xiaomi M365, Ninebot, Hoverboards, Patinetes El\u00e9ctricos y Monociclos<\/p>\n","protected":false},"featured_media":9817,"comment_status":"open","ping_status":"closed","template":"","meta":[],"product_cat":[15],"product_tag":[],"class_list":{"0":"post-9818","1":"product","2":"type-product","3":"status-publish","4":"has-post-thumbnail","6":"product_cat-sin-categorizar","7":"nodate","8":"item-wrap","10":"first","11":"instock","12":"shipping-taxable","13":"product-type-external"},"_links":{"self":[{"href":"https:\/\/lofimusic.com.es\/index.php\/wp-json\/wp\/v2\/product\/9818","targetHints":{"allow":["GET"]}}],"collection":[{"href":"https:\/\/lofimusic.com.es\/index.php\/wp-json\/wp\/v2\/product"}],"about":[{"href":"https:\/\/lofimusic.com.es\/index.php\/wp-json\/wp\/v2\/types\/product"}],"replies":[{"embeddable":true,"href":"https:\/\/lofimusic.com.es\/index.php\/wp-json\/wp\/v2\/comments?post=9818"}],"wp:featuredmedia":[{"embeddable":true,"href":"https:\/\/lofimusic.com.es\/index.php\/wp-json\/wp\/v2\/media\/9817"}],"wp:attachment":[{"href":"https:\/\/lofimusic.com.es\/index.php\/wp-json\/wp\/v2\/media?parent=9818"}],"wp:term":[{"taxonomy":"product_cat","embeddable":true,"href":"https:\/\/lofimusic.com.es\/index.php\/wp-json\/wp\/v2\/product_cat?post=9818"},{"taxonomy":"product_tag","embeddable":true,"href":"https:\/\/lofimusic.com.es\/index.php\/wp-json\/wp\/v2\/product_tag?post=9818"}],"curies":[{"name":"wp","href":"https:\/\/api.w.org\/{rel}","templated":true}]}}