{"id":9816,"date":"2025-01-18T20:09:17","date_gmt":"2025-01-18T20:09:17","guid":{"rendered":"https:\/\/lofimusic.com.es\/index.php\/producto\/b0dp8vszlm_de\/"},"modified":"2025-01-18T20:09:17","modified_gmt":"2025-01-18T20:09:17","slug":"b0dp8vszlm_de","status":"publish","type":"product","link":"https:\/\/lofimusic.com.es\/index.php\/producto\/b0dp8vszlm_de\/","title":{"rendered":"B0DP8VSZLM_DE"},"content":{"rendered":"<p>&#8211; LANGE LEBENSDAUER DES WIEDERAUFLADBAREN AKKUS: Diese wiederaufladbare Stirnlampe hat einen eingebauten 2500mAh Lithium-Polymer-Akku mit hoher Kapazit\u00e4t, der in nur 5 Stunden vollst\u00e4ndig aufgeladen werden kann und 7-84 Stunden ununterbrochen in verschiedenen Lichtmodi funktioniert, was die Kosten f\u00fcr den Batteriewechsel spart.<br \/>\n&#8211; 270\u00b0 BREITER STRAHL UND BEWEGUNGSSENSOR: Unsere Scheinwerfer haben einen 270\u00b0 breiten Lichtkegel und sind nach vorne gerichtet, was das Problem der seitlichen Strahlen, die reflektierend sein k\u00f6nnen, stark reduziert, so dass Sie eine bessere Sicht haben. Diese Scheinwerfer sind mit einem Bewegungssensor ausgestattet, mit dem sich der Lichtmodus durch einfaches Winken mit der Hand innerhalb der Reichweite des Sensors umschalten l\u00e4sst.<br \/>\n&#8211; GERINGES GEWICHT UND KOMFORTABEL: Die Stirnlampe ist leicht und kompakt und passt problemlos in Ihre Tasche. Das Stirnband ist atmungsaktiv und angenehm zu tragen. Die Stirnlampe ist sowohl f\u00fcr Erwachsene als auch f\u00fcr Kinder geeignet, da das Stirnband an den Kopfumfang angepasst werden kann.<br \/>\n&#8211; 14 Beleuchtungsmodi: Die Stirnlampe kann auch im Sensormodus auf die gleichen 7 Beleuchtungsmodi umgeschaltet werden, um den Anforderungen verschiedener Szenarien gerecht zu werden. 7 Beleuchtungsmodi: XPE Mittel, XPE Hoch, COB Mittel, COB Hoch, COB + XPE Mittel, COB + XPE Hoch, COB + XPE SOS-Modus.<br \/>\n&#8211; MULTI-PURPOSE FUNKTION: Die Stirnlampe hat IPX4 wasserdicht Bewertung, auch die pl\u00f6tzliche regen oder Schnee wird nicht Ihre Outdoor-Aktivit\u00e4ten beeinflussen, ist es die perfekte Outdoor-Ausr\u00fcstung.<\/p>\n","protected":false},"excerpt":{"rendered":"<p>WerbungMoKo 270\u00b0 Wide View LED Stirnlampe, Kopf-Taschenlampe wiederaufladbar, IPX4 wasserdicht leichte Stirnlampe mit langer Laufzeit-2500mAh, 7 Modi mit Bewegungssensor f\u00fcr Laufen Camping Angeln, Schwarz<\/p>\n","protected":false},"featured_media":9815,"comment_status":"open","ping_status":"closed","template":"","meta":[],"product_cat":[15],"product_tag":[],"class_list":{"0":"post-9816","1":"product","2":"type-product","3":"status-publish","4":"has-post-thumbnail","6":"product_cat-sin-categorizar","7":"nodate","8":"item-wrap","10":"first","11":"instock","12":"shipping-taxable","13":"product-type-external"},"_links":{"self":[{"href":"https:\/\/lofimusic.com.es\/index.php\/wp-json\/wp\/v2\/product\/9816","targetHints":{"allow":["GET"]}}],"collection":[{"href":"https:\/\/lofimusic.com.es\/index.php\/wp-json\/wp\/v2\/product"}],"about":[{"href":"https:\/\/lofimusic.com.es\/index.php\/wp-json\/wp\/v2\/types\/product"}],"replies":[{"embeddable":true,"href":"https:\/\/lofimusic.com.es\/index.php\/wp-json\/wp\/v2\/comments?post=9816"}],"wp:featuredmedia":[{"embeddable":true,"href":"https:\/\/lofimusic.com.es\/index.php\/wp-json\/wp\/v2\/media\/9815"}],"wp:attachment":[{"href":"https:\/\/lofimusic.com.es\/index.php\/wp-json\/wp\/v2\/media?parent=9816"}],"wp:term":[{"taxonomy":"product_cat","embeddable":true,"href":"https:\/\/lofimusic.com.es\/index.php\/wp-json\/wp\/v2\/product_cat?post=9816"},{"taxonomy":"product_tag","embeddable":true,"href":"https:\/\/lofimusic.com.es\/index.php\/wp-json\/wp\/v2\/product_tag?post=9816"}],"curies":[{"name":"wp","href":"https:\/\/api.w.org\/{rel}","templated":true}]}}