{"id":9814,"date":"2025-01-18T19:27:38","date_gmt":"2025-01-18T19:27:38","guid":{"rendered":"https:\/\/lofimusic.com.es\/index.php\/producto\/b0dhd96bcz_it\/"},"modified":"2025-01-18T19:27:38","modified_gmt":"2025-01-18T19:27:38","slug":"b0dhd96bcz_it","status":"publish","type":"product","link":"https:\/\/lofimusic.com.es\/index.php\/producto\/b0dhd96bcz_it\/","title":{"rendered":"B0DHD96BCZ_IT"},"content":{"rendered":"<p>&#8211; \ud83d\udc87\u200d\u2640\ufe0f Capelli pi\u00f9 forti e sani: Il nostro integratore a base di Biotina, Zinco, Selenio e Vitamina B12 \u00e8 studiato per contrastare la caduta dei capelli e stimolare una crescita sana. Ogni compressa agisce dall&#8217;interno, nutrendo il cuoio capelluto e rinforzando la fibra capillare, per capelli pi\u00f9 spessi e luminosi.<br \/>\n&#8211; \ud83c\udf1f Unghie pi\u00f9 resistenti: Grazie alla sinergia tra Biotina, Zinco e Selenio, il nostro integratore contribuisce al rafforzamento delle unghie, rendendole meno fragili e prevenendo la rottura. Un trattamento completo per la bellezza delle tue mani, visibilmente pi\u00f9 forti e curate giorno dopo giorno.<br \/>\n&#8211; \ud83d\udc8a Vitamina B12 per la salute generale: La Vitamina B12 non solo sostiene il metabolismo energetico, ma favorisce anche il benessere della pelle e la rigenerazione cellulare. Una combinazione perfetta per mantenere una pelle idratata, elastica e luminosa, combattendo l&#8217;invecchiamento precoce.<br \/>\n&#8211; \ud83c\uddee\ud83c\uddf9 Made in Italy e di alta qualit\u00e0: Il nostro integratore \u00e8 prodotto in Italia, secondo i pi\u00f9 alti standard di qualit\u00e0 e sicurezza. Formulato senza OGM, glutine o lattosio, \u00e8 adatto anche a chi segue diete particolari o ha intolleranze, garantendo un prodotto sicuro e naturale.<br \/>\n&#8211; \ud83d\udcc5 180 compresse per un trattamento completo: Con una confezione da 180 compresse, hai a disposizione una fornitura per sei mesi. Basta una compressa al giorno per prendersi cura della bellezza e della salute di capelli, unghie e pelle in modo semplice ed efficace.<br \/>\n&#8211; \ud83d\udc4c Facile da integrare nella tua routine: Grazie alla formulazione pratica in compresse, il nostro integratore \u00e8 facile da assumere. Aggiungilo alla tua routine quotidiana per notare risultati visibili in poche settimane, senza sforzo e senza cambiare le tue abitudini. Perfetto per chi \u00e8 sempre in movimento!<\/p>\n","protected":false},"excerpt":{"rendered":"<p>pubblicit\u00e0Integratori Per Capelli Biotina Crescita Veloce Pelle Unghie Donna Uomo Anticaduta con Zinco Selenio Vitamina B12 Alta Concentrazione Made in Italy 180 Compresse Confezione Smart<\/p>\n","protected":false},"featured_media":9813,"comment_status":"open","ping_status":"closed","template":"","meta":[],"product_cat":[15],"product_tag":[],"class_list":{"0":"post-9814","1":"product","2":"type-product","3":"status-publish","4":"has-post-thumbnail","6":"product_cat-sin-categorizar","7":"nodate","8":"item-wrap","10":"first","11":"instock","12":"shipping-taxable","13":"product-type-external"},"_links":{"self":[{"href":"https:\/\/lofimusic.com.es\/index.php\/wp-json\/wp\/v2\/product\/9814","targetHints":{"allow":["GET"]}}],"collection":[{"href":"https:\/\/lofimusic.com.es\/index.php\/wp-json\/wp\/v2\/product"}],"about":[{"href":"https:\/\/lofimusic.com.es\/index.php\/wp-json\/wp\/v2\/types\/product"}],"replies":[{"embeddable":true,"href":"https:\/\/lofimusic.com.es\/index.php\/wp-json\/wp\/v2\/comments?post=9814"}],"wp:featuredmedia":[{"embeddable":true,"href":"https:\/\/lofimusic.com.es\/index.php\/wp-json\/wp\/v2\/media\/9813"}],"wp:attachment":[{"href":"https:\/\/lofimusic.com.es\/index.php\/wp-json\/wp\/v2\/media?parent=9814"}],"wp:term":[{"taxonomy":"product_cat","embeddable":true,"href":"https:\/\/lofimusic.com.es\/index.php\/wp-json\/wp\/v2\/product_cat?post=9814"},{"taxonomy":"product_tag","embeddable":true,"href":"https:\/\/lofimusic.com.es\/index.php\/wp-json\/wp\/v2\/product_tag?post=9814"}],"curies":[{"name":"wp","href":"https:\/\/api.w.org\/{rel}","templated":true}]}}