{"id":9812,"date":"2025-01-18T11:26:37","date_gmt":"2025-01-18T11:26:37","guid":{"rendered":"https:\/\/lofimusic.com.es\/index.php\/producto\/b0dj8nytv7_es\/"},"modified":"2025-01-18T11:26:37","modified_gmt":"2025-01-18T11:26:37","slug":"b0dj8nytv7_es","status":"publish","type":"product","link":"https:\/\/lofimusic.com.es\/index.php\/producto\/b0dj8nytv7_es\/","title":{"rendered":"B0DJ8NYTV7_ES"},"content":{"rendered":"<p>&#8211; Dise\u00f1o elegante: cada vela tiene una cadena de luces de hadas envolventes, lo que se suma a la belleza de las velas tradicionales y crea un ambiente c\u00e1lido y rom\u00e1ntico \u00fanico, perfecto para la decoraci\u00f3n del hogar, bodas y todo tipo de decoraciones navide\u00f1as<br \/>\n&#8211; Control remoto y temporizador: puede encender y apagar f\u00e1cilmente las velas, los modos intermitentes y el brillo. Despu\u00e9s de configurar el temporizador a 2H \/ 4H \/ 6H \/ 8H, la vela del control remoto funciona autom\u00e1ticamente todos los d\u00edas<br \/>\n&#8211; Dynamic Flame 3D: Con el \u00faltimo desarrollo de Dynamic Flame 3D, ser\u00e1 una innovaci\u00f3n y una revoluci\u00f3n verdaderamente asombrosas que har\u00e1n que las velas se balanceen y parpadeen como velas reales, y el efecto de llama realista gratuito y hermoso captar\u00e1 su atenci\u00f3n al instante<br \/>\n&#8211; Seguro y duradero: el dise\u00f1o elegante hace que estas velas LED se vean muy bien, alimentadas por bater\u00edas y sin riesgo de llamas abiertas, y pueden durar m\u00e1s de 500 horas con una bater\u00eda de calidad. No teme al humo, a las llamas y al goteo de cera y es muy relajante. Especialmente en familias con ni\u00f1os o mascotas<br \/>\n&#8211; Conjunto conveniente: El juego de velas LED incluye 3 velas de cono LED (2 x 25 cm), 3 bases negras, un control remoto y un manual de usuario, si no est\u00e1 satisfecho o tiene alguna pregunta, no dude en contactarnos<\/p>\n","protected":false},"excerpt":{"rendered":"<p>Publicidad Da by Vela LED con control remoto y temporizador, cono a bater\u00eda Vela LED con guirnalda de luz, mecha din\u00e1mica 3D, juego de 3, marfil con 3 bases negras para la decoraci\u00f3n del hogar<\/p>\n","protected":false},"featured_media":9811,"comment_status":"open","ping_status":"closed","template":"","meta":[],"product_cat":[15],"product_tag":[],"class_list":{"0":"post-9812","1":"product","2":"type-product","3":"status-publish","4":"has-post-thumbnail","6":"product_cat-sin-categorizar","7":"nodate","8":"item-wrap","10":"first","11":"instock","12":"shipping-taxable","13":"product-type-external"},"_links":{"self":[{"href":"https:\/\/lofimusic.com.es\/index.php\/wp-json\/wp\/v2\/product\/9812","targetHints":{"allow":["GET"]}}],"collection":[{"href":"https:\/\/lofimusic.com.es\/index.php\/wp-json\/wp\/v2\/product"}],"about":[{"href":"https:\/\/lofimusic.com.es\/index.php\/wp-json\/wp\/v2\/types\/product"}],"replies":[{"embeddable":true,"href":"https:\/\/lofimusic.com.es\/index.php\/wp-json\/wp\/v2\/comments?post=9812"}],"wp:featuredmedia":[{"embeddable":true,"href":"https:\/\/lofimusic.com.es\/index.php\/wp-json\/wp\/v2\/media\/9811"}],"wp:attachment":[{"href":"https:\/\/lofimusic.com.es\/index.php\/wp-json\/wp\/v2\/media?parent=9812"}],"wp:term":[{"taxonomy":"product_cat","embeddable":true,"href":"https:\/\/lofimusic.com.es\/index.php\/wp-json\/wp\/v2\/product_cat?post=9812"},{"taxonomy":"product_tag","embeddable":true,"href":"https:\/\/lofimusic.com.es\/index.php\/wp-json\/wp\/v2\/product_tag?post=9812"}],"curies":[{"name":"wp","href":"https:\/\/api.w.org\/{rel}","templated":true}]}}