{"id":9810,"date":"2025-01-18T11:26:06","date_gmt":"2025-01-18T11:26:06","guid":{"rendered":"https:\/\/lofimusic.com.es\/index.php\/producto\/b0d4qg838k_es\/"},"modified":"2025-01-18T11:26:06","modified_gmt":"2025-01-18T11:26:06","slug":"b0d4qg838k_es","status":"publish","type":"product","link":"https:\/\/lofimusic.com.es\/index.php\/producto\/b0d4qg838k_es\/","title":{"rendered":"B0D4QG838K_ES"},"content":{"rendered":"<p>&#8211; El amplificador de bater\u00eda m\u00e1s potente: con una corriente m\u00e1xima de 2000A, especialmente dise\u00f1ado para veh\u00edculos de alta cilindrada (hasta 10L Diesel o All Gas). Puede arrancar todos los coches con bater\u00eda de 12V en segundos. Adecuado para autom\u00f3viles, camiones, motocicletas, motos acu\u00e1ticas, cortadoras de c\u00e9sped, yates, camionetas, motos de nieve, etc. Es ideal para la resoluci\u00f3n de problemas de emergencia.<br \/>\n&#8211; Este no es solo un arrancador de baterias de coche,sino tambi\u00e9n un Power Bank con una capacidad de 12800 mAh, compatible con IOS y Android.Con dos puertos de salida y una entrada USB-C.Puede cargar r\u00e1pidamente dos dispositivos simult\u00e1neamente,como tel\u00e9fonos inteligentes,tablets,c\u00e1maras, Kindles,etc. Este banco de energ\u00eda cargar\u00e1 su dispositivo m\u00f3vil m\u00e1s r\u00e1pido que un cargador est\u00e1ndar.<br \/>\n&#8211; Este arrancador de coches tiene 4 modos de luz LED que se pueden cambiar: linterna \/ estrobosc\u00f3pico \/ SOS \/ advertencia. Por ello, es de gran ayuda para largas distancias, aventuras al aire libre, para el d\u00eda a d\u00eda, cualquier emergencia, viajes, etc.<br \/>\n&#8211; Este arrancador de baterias de coche cuenta con un sistema de protecci\u00f3n inteligente: el cable inteligente incluido protege contra cortocircuitos, sobrecalentamientos, sobretensiones, sobrecargas, descargas profundas, sobreintensidades, polarizaciones inversas. Se producir\u00e1n sonidos de advertencia y parpadeos en las luces para indicar errores, lo que lo convierte en un dispositivo seguro y confiable. (Longitud: aprox. 42 cm)<br \/>\n&#8211; Amplia gama de accesorios :1 x arrancador de coche VoltSugre,1 x abrazaderas inteligentes,1 x cable USB a type-c,1 x manual de usuario. Adem\u00e1s, lea las instrucciones cuidadosamente antes de usar para evitar un funcionamiento incorrecto. Si hay alg\u00fan problema con el producto, p\u00f3ngase en contacto con nosotros. Como parte de la garant\u00eda, ofrecemos dos a\u00f1os de devoluciones y cambios gratuitos.<\/p>\n","protected":false},"excerpt":{"rendered":"<p>Publicidad VoltSurge Arrancador de Coches,2000A Arrancador de Baterias de Coche (para 7L Gasolina o 5.5L Diesel),con Dos Salidas<\/p>\n","protected":false},"featured_media":9809,"comment_status":"open","ping_status":"closed","template":"","meta":[],"product_cat":[15],"product_tag":[],"class_list":{"0":"post-9810","1":"product","2":"type-product","3":"status-publish","4":"has-post-thumbnail","6":"product_cat-sin-categorizar","7":"nodate","8":"item-wrap","10":"first","11":"instock","12":"shipping-taxable","13":"product-type-external"},"_links":{"self":[{"href":"https:\/\/lofimusic.com.es\/index.php\/wp-json\/wp\/v2\/product\/9810","targetHints":{"allow":["GET"]}}],"collection":[{"href":"https:\/\/lofimusic.com.es\/index.php\/wp-json\/wp\/v2\/product"}],"about":[{"href":"https:\/\/lofimusic.com.es\/index.php\/wp-json\/wp\/v2\/types\/product"}],"replies":[{"embeddable":true,"href":"https:\/\/lofimusic.com.es\/index.php\/wp-json\/wp\/v2\/comments?post=9810"}],"wp:featuredmedia":[{"embeddable":true,"href":"https:\/\/lofimusic.com.es\/index.php\/wp-json\/wp\/v2\/media\/9809"}],"wp:attachment":[{"href":"https:\/\/lofimusic.com.es\/index.php\/wp-json\/wp\/v2\/media?parent=9810"}],"wp:term":[{"taxonomy":"product_cat","embeddable":true,"href":"https:\/\/lofimusic.com.es\/index.php\/wp-json\/wp\/v2\/product_cat?post=9810"},{"taxonomy":"product_tag","embeddable":true,"href":"https:\/\/lofimusic.com.es\/index.php\/wp-json\/wp\/v2\/product_tag?post=9810"}],"curies":[{"name":"wp","href":"https:\/\/api.w.org\/{rel}","templated":true}]}}