{"id":9808,"date":"2025-01-18T10:48:52","date_gmt":"2025-01-18T10:48:52","guid":{"rendered":"https:\/\/lofimusic.com.es\/index.php\/producto\/b0dnk9nt88_es\/"},"modified":"2025-01-18T10:48:52","modified_gmt":"2025-01-18T10:48:52","slug":"b0dnk9nt88_es","status":"publish","type":"product","link":"https:\/\/lofimusic.com.es\/index.php\/producto\/b0dnk9nt88_es\/","title":{"rendered":"B0DNK9NT88_ES"},"content":{"rendered":"<p>&#8211; Consejos de uso: Antes de usar un l\u00e1piz de cejas l\u00edquido para crear cejas naturales, es necesario agitarlo primero para disolver completamente el l\u00edquido en el l\u00e1piz, de modo que el l\u00e1piz pueda dibujar hermosos colores normalmente<br \/>\n&#8211; L\u00e1piz de cejas con 4 puntas divididas: La punta en forma de horquilla del l\u00e1piz de cejas de cuatro puntas crea cejas de aspecto natural sin esfuerzo y se mantiene todo el d\u00eda para el maquillaje de ojos<br \/>\n&#8211; 3 colores: marr\u00f3n claro, negro, marr\u00f3n oscuro. Los colores oscuros son adecuados para el cabello negro, oscuro o rubio, mientras que el color claro es para el cabello m\u00e1s claro. Haz un hermoso contorno<br \/>\n&#8211; Funci\u00f3n resistente al agua y a las manchas: El l\u00e1piz de cejas resistente al agua y de larga duraci\u00f3n no necesita habilidades especiales ni un maquillador para que tu maquillaje dure. No suda, no llueve ni practica deportes acu\u00e1ticos para desvanecerse. Adecuado para fitness, nataci\u00f3n, running<br \/>\n&#8211; Sin residuos: El l\u00e1piz de cejas sin afilar es c\u00f3modo y pr\u00e1ctico para dibujar y colorear. Se puede lavar f\u00e1cilmente con desmaquillador o limpiador de aceite y no deja residuos<br \/>\n&#8211; Pincel en el interior: hay un pincel de doble punta en el interior para que lo uses con el l\u00e1piz l\u00edquido para cejas para crear cejas de aspecto natural<\/p>\n","protected":false},"excerpt":{"rendered":"<p>Publicidad L\u00e1piz de cejas, resistente al agua, 2 en 1, l\u00e1piz de cejas de doble punta con microblading, (Marr\u00f3n oscuro)<\/p>\n","protected":false},"featured_media":9807,"comment_status":"open","ping_status":"closed","template":"","meta":[],"product_cat":[15],"product_tag":[],"class_list":{"0":"post-9808","1":"product","2":"type-product","3":"status-publish","4":"has-post-thumbnail","6":"product_cat-sin-categorizar","7":"nodate","8":"item-wrap","10":"first","11":"instock","12":"shipping-taxable","13":"product-type-external"},"_links":{"self":[{"href":"https:\/\/lofimusic.com.es\/index.php\/wp-json\/wp\/v2\/product\/9808","targetHints":{"allow":["GET"]}}],"collection":[{"href":"https:\/\/lofimusic.com.es\/index.php\/wp-json\/wp\/v2\/product"}],"about":[{"href":"https:\/\/lofimusic.com.es\/index.php\/wp-json\/wp\/v2\/types\/product"}],"replies":[{"embeddable":true,"href":"https:\/\/lofimusic.com.es\/index.php\/wp-json\/wp\/v2\/comments?post=9808"}],"wp:featuredmedia":[{"embeddable":true,"href":"https:\/\/lofimusic.com.es\/index.php\/wp-json\/wp\/v2\/media\/9807"}],"wp:attachment":[{"href":"https:\/\/lofimusic.com.es\/index.php\/wp-json\/wp\/v2\/media?parent=9808"}],"wp:term":[{"taxonomy":"product_cat","embeddable":true,"href":"https:\/\/lofimusic.com.es\/index.php\/wp-json\/wp\/v2\/product_cat?post=9808"},{"taxonomy":"product_tag","embeddable":true,"href":"https:\/\/lofimusic.com.es\/index.php\/wp-json\/wp\/v2\/product_tag?post=9808"}],"curies":[{"name":"wp","href":"https:\/\/api.w.org\/{rel}","templated":true}]}}