{"id":9806,"date":"2025-01-18T10:40:17","date_gmt":"2025-01-18T10:40:17","guid":{"rendered":"https:\/\/lofimusic.com.es\/index.php\/producto\/b0dj8ky32g_es\/"},"modified":"2025-01-18T10:40:17","modified_gmt":"2025-01-18T10:40:17","slug":"b0dj8ky32g_es","status":"publish","type":"product","link":"https:\/\/lofimusic.com.es\/index.php\/producto\/b0dj8ky32g_es\/","title":{"rendered":"B0DJ8KY32G_ES"},"content":{"rendered":"<p>&#8211; Dise\u00f1o elegante: cada vela tiene una hermosa forma y la belleza de las velas tradicionales, creando un ambiente c\u00e1lido y rom\u00e1ntico \u00fanico, perfecto para la decoraci\u00f3n del hogar, bodas y todo tipo de decoraciones navide\u00f1as<br \/>\n&#8211; Control remoto y temporizador: puede encender y apagar f\u00e1cilmente las velas, los modos intermitentes y el brillo. Despu\u00e9s de configurar el temporizador a 2H \/ 4H \/ 6H \/ 8H, la vela del control remoto funciona autom\u00e1ticamente todos los d\u00edas<br \/>\n&#8211; Llama din\u00e1mica 3D: Da by Se desarrolla la \u00faltima llama din\u00e1mica 3D, que ser\u00e1 una innovaci\u00f3n y revoluci\u00f3n verdaderamente asombrosas, hace que la vela se balancee y parpadee como una vela real, y el efecto de llama realista gratuito y hermoso captar\u00e1 inmediatamente su atenci\u00f3n<br \/>\n&#8211; Seguro y duradero: el dise\u00f1o elegante hace que estas velas LED se vean muy bien, alimentadas por bater\u00edas y sin riesgo de llamas abiertas, y pueden durar m\u00e1s de 500 horas con una bater\u00eda de calidad. No teme al humo, a las llamas y al goteo de cera y es muy relajante. Especialmente en familias con ni\u00f1os o mascotas<br \/>\n&#8211; Conjunto conveniente: El juego de velas LED incluye 6 velas de cono LED (2 x 25 cm), 6 bases negras, un control remoto y un manual de usuario, si no est\u00e1 satisfecho o tiene alguna pregunta, no dude en contactarnos<\/p>\n","protected":false},"excerpt":{"rendered":"<p>Publicidad Da by Vela LED con control remoto y temporizador, vela LED de cono alimentada por bater\u00eda, mecha din\u00e1mica 3D, juego de 6, marfil, 6 bases negras, adecuada para la decoraci\u00f3n del hogar<\/p>\n","protected":false},"featured_media":9805,"comment_status":"open","ping_status":"closed","template":"","meta":[],"product_cat":[15],"product_tag":[],"class_list":{"0":"post-9806","1":"product","2":"type-product","3":"status-publish","4":"has-post-thumbnail","6":"product_cat-sin-categorizar","7":"nodate","8":"item-wrap","10":"first","11":"instock","12":"shipping-taxable","13":"product-type-external"},"_links":{"self":[{"href":"https:\/\/lofimusic.com.es\/index.php\/wp-json\/wp\/v2\/product\/9806","targetHints":{"allow":["GET"]}}],"collection":[{"href":"https:\/\/lofimusic.com.es\/index.php\/wp-json\/wp\/v2\/product"}],"about":[{"href":"https:\/\/lofimusic.com.es\/index.php\/wp-json\/wp\/v2\/types\/product"}],"replies":[{"embeddable":true,"href":"https:\/\/lofimusic.com.es\/index.php\/wp-json\/wp\/v2\/comments?post=9806"}],"wp:featuredmedia":[{"embeddable":true,"href":"https:\/\/lofimusic.com.es\/index.php\/wp-json\/wp\/v2\/media\/9805"}],"wp:attachment":[{"href":"https:\/\/lofimusic.com.es\/index.php\/wp-json\/wp\/v2\/media?parent=9806"}],"wp:term":[{"taxonomy":"product_cat","embeddable":true,"href":"https:\/\/lofimusic.com.es\/index.php\/wp-json\/wp\/v2\/product_cat?post=9806"},{"taxonomy":"product_tag","embeddable":true,"href":"https:\/\/lofimusic.com.es\/index.php\/wp-json\/wp\/v2\/product_tag?post=9806"}],"curies":[{"name":"wp","href":"https:\/\/api.w.org\/{rel}","templated":true}]}}