{"id":9800,"date":"2025-01-17T15:50:36","date_gmt":"2025-01-17T15:50:36","guid":{"rendered":"https:\/\/lofimusic.com.es\/index.php\/producto\/b0c1g8f6h7_es-4\/"},"modified":"2025-01-17T15:50:36","modified_gmt":"2025-01-17T15:50:36","slug":"b0c1g8f6h7_es-4","status":"publish","type":"product","link":"https:\/\/lofimusic.com.es\/index.php\/producto\/b0c1g8f6h7_es-4\/","title":{"rendered":"B0C1G8F6H7_ES"},"content":{"rendered":"<p>&#8211; Material &#8211; B\u00f3xer: 100% algod\u00f3n; Almohadilla absorbente: 70 % viscosa + 30 % poli\u00e9ster. Nuestros calzoncillos b\u00f3xer para hombre son c\u00f3modos, transpirables y se ajustan perfectamente a tus piernas<br \/>\n&#8211; Estructura Absorbente de Cuatro Capas: Capa de drenaje\/capa de absorci\u00f3n de agua\/capa a prueba de fugas\/superficie de algod\u00f3n separada. Proporciona m\u00faltiples protecciones para garantizar que la orina no se escape<br \/>\n&#8211; Lavables y Reutilizables: Hecho de algod\u00f3n lavable. No te preocupes por que se deforme despu\u00e9s del lavado. Debido al grosor de la almohadilla absorbente, es necesario secarla durante un cierto per\u00edodo de tiempo<br \/>\n&#8211; Dise\u00f1o para Hombres: Para evitar mejor las fugas de orina, sin apertura frontal, Adecuado para personas con incontinencia leve y personas que conducen durante mucho tiempo, salen por un tiempo o personas que necesitan cirug\u00eda<br \/>\n&#8211; Nota Especial: No se recomienda su uso mientras se duerme durante mucho tiempo. Y si tiene incontinencia grave, no lo use. Es mejor comprar seg\u00fan el volumen de p\u00e9rdida de orina. Puede contener hasta 300 ml de orina a la vez. Gracias<\/p>\n","protected":false},"excerpt":{"rendered":"<p>Publicidad 3 Paquetes Calzoncillos Boxer para Incontinencia de Hombre con Almohadilla Absorbente 300 ML Volumen de Orina Algod\u00f3n Lavable Reutilizable Calzoncillos para incontinencia Negro Talla S<\/p>\n","protected":false},"featured_media":9799,"comment_status":"open","ping_status":"closed","template":"","meta":[],"product_cat":[15],"product_tag":[],"class_list":{"0":"post-9800","1":"product","2":"type-product","3":"status-publish","4":"has-post-thumbnail","6":"product_cat-sin-categorizar","7":"nodate","8":"item-wrap","10":"first","11":"instock","12":"shipping-taxable","13":"product-type-external"},"_links":{"self":[{"href":"https:\/\/lofimusic.com.es\/index.php\/wp-json\/wp\/v2\/product\/9800","targetHints":{"allow":["GET"]}}],"collection":[{"href":"https:\/\/lofimusic.com.es\/index.php\/wp-json\/wp\/v2\/product"}],"about":[{"href":"https:\/\/lofimusic.com.es\/index.php\/wp-json\/wp\/v2\/types\/product"}],"replies":[{"embeddable":true,"href":"https:\/\/lofimusic.com.es\/index.php\/wp-json\/wp\/v2\/comments?post=9800"}],"wp:featuredmedia":[{"embeddable":true,"href":"https:\/\/lofimusic.com.es\/index.php\/wp-json\/wp\/v2\/media\/9799"}],"wp:attachment":[{"href":"https:\/\/lofimusic.com.es\/index.php\/wp-json\/wp\/v2\/media?parent=9800"}],"wp:term":[{"taxonomy":"product_cat","embeddable":true,"href":"https:\/\/lofimusic.com.es\/index.php\/wp-json\/wp\/v2\/product_cat?post=9800"},{"taxonomy":"product_tag","embeddable":true,"href":"https:\/\/lofimusic.com.es\/index.php\/wp-json\/wp\/v2\/product_tag?post=9800"}],"curies":[{"name":"wp","href":"https:\/\/api.w.org\/{rel}","templated":true}]}}