{"id":9798,"date":"2025-01-17T13:17:45","date_gmt":"2025-01-17T13:17:45","guid":{"rendered":"https:\/\/lofimusic.com.es\/index.php\/producto\/b0dfyrvg8c_de\/"},"modified":"2025-01-17T13:17:45","modified_gmt":"2025-01-17T13:17:45","slug":"b0dfyrvg8c_de","status":"publish","type":"product","link":"https:\/\/lofimusic.com.es\/index.php\/producto\/b0dfyrvg8c_de\/","title":{"rendered":"B0DFYRVG8C_DE"},"content":{"rendered":"<p>&#8211; \u3010Konzentrieren Sie sich auf Ihre Stimme\u3011Dieses hochwertige Mikrofon kabellos ist mit einer Nierencharakteristik und DSP-Rauschunterdr\u00fcckungstechnologie ausgestattet, die Hintergrundger\u00e4usche minimieren und menschliche Stimmen deutlich aufnehmen kann, sich auf die Zielschallquelle konzentriert und f\u00fcr W\u00e4rme, Klarheit sorgt Der Klang zieht das Publikum an.<br \/>\n&#8211; \u3010Plug and Play\u3011 Schalten Sie das Mikrofon kabellos und den Empf\u00e4nger ein und sie werden automatisch gekoppelt. Sehr einfach zu bedienen. HINWEIS: Nur kompatibel mit 3,5-mm- oder 6,35-mm-\u201eMIC\u201c-Buchsen, kann nicht an \u201eAUX\u201c-Buchsen angeschlossen werden. Kompatibel mit Karaoke-Ger\u00e4ten, Audioverst\u00e4rkern, PA-Systemen, Mixern, Sprachverst\u00e4rkern und mehr. (Bitte beachten Sie: Nicht kompatibel mit Laptops, iPads oder Mobiltelefonen)<br \/>\n&#8211; \u3010Gro\u00dfer Empfangsbereich\u3011Genie\u00dfen Sie mit unserem Mikrofon kabellos und Empf\u00e4nger eine hervorragende Sichtweite von bis zu 200 Fu\u00df, sodass Sie sich drinnen und drau\u00dfen problemlos frei bewegen k\u00f6nnen. Es kann f\u00fcr verschiedene Aktivit\u00e4ten wie Familien-Karaoke, Kirchentreffen, Hochzeiten, Konferenzen, Reden usw. verwendet werden.<br \/>\n&#8211; \u30102 Karaoke-Mikrofone\u3011\u2460 Das Mikrofon kabellos wurde verbessert und nutzt die neueste Ultrahochfrequenz-Technologie, um ein stabiles Signal beim Singen zu gew\u00e4hrleisten. \u2461Die beiden Mikrofon kabellosverwenden ausschlie\u00dflich Rauschunterdr\u00fcckungstechnologie, und der professionelle Audioprozessor kann hohe und niedrige Frequenzen anpassen, um die Klangqualit\u00e4t zu gew\u00e4hrleisten und gleichzeitig Ihre Stimme effektiver zu \u00fcbertragen, um ein besseres Gesangserlebnis zu erzielen.<br \/>\n&#8211; \u3010Kundendienst\u3011 Bitte lesen Sie die Anweisungen sorgf\u00e4ltig durch, bevor Sie das Produkt verwenden. Wenn Sie Fragen haben, wenden Sie sich bitte an unseren 7*24-Online-Kundendienst. F\u00fcr unsere Mikrofone gilt eine halbj\u00e4hrige kostenlose Ersatzgarantie.<br \/>\n&#8211; Tipp: Bitte warten Sie vor der ersten Verwendung einige Minuten, bis der Empf\u00e4nger und das Mikrofon gekoppelt sind.<\/p>\n","protected":false},"excerpt":{"rendered":"<p>Werbung<br \/>\nFOLTUSYMY Mikrofon kabellos, dynamisches Dual-Handmikrofonsystem mit wiederaufladbarem Empf\u00e4nger, 200 Fu\u00df, f\u00fcr Karaoke-Gesang, Konferenzen, Partys, Vortr\u00e4ge, Kirche<\/p>\n","protected":false},"featured_media":9796,"comment_status":"open","ping_status":"closed","template":"","meta":[],"product_cat":[15],"product_tag":[],"class_list":{"0":"post-9798","1":"product","2":"type-product","3":"status-publish","4":"has-post-thumbnail","6":"product_cat-sin-categorizar","7":"nodate","8":"item-wrap","10":"first","11":"instock","12":"shipping-taxable","13":"product-type-external"},"_links":{"self":[{"href":"https:\/\/lofimusic.com.es\/index.php\/wp-json\/wp\/v2\/product\/9798","targetHints":{"allow":["GET"]}}],"collection":[{"href":"https:\/\/lofimusic.com.es\/index.php\/wp-json\/wp\/v2\/product"}],"about":[{"href":"https:\/\/lofimusic.com.es\/index.php\/wp-json\/wp\/v2\/types\/product"}],"replies":[{"embeddable":true,"href":"https:\/\/lofimusic.com.es\/index.php\/wp-json\/wp\/v2\/comments?post=9798"}],"wp:featuredmedia":[{"embeddable":true,"href":"https:\/\/lofimusic.com.es\/index.php\/wp-json\/wp\/v2\/media\/9796"}],"wp:attachment":[{"href":"https:\/\/lofimusic.com.es\/index.php\/wp-json\/wp\/v2\/media?parent=9798"}],"wp:term":[{"taxonomy":"product_cat","embeddable":true,"href":"https:\/\/lofimusic.com.es\/index.php\/wp-json\/wp\/v2\/product_cat?post=9798"},{"taxonomy":"product_tag","embeddable":true,"href":"https:\/\/lofimusic.com.es\/index.php\/wp-json\/wp\/v2\/product_tag?post=9798"}],"curies":[{"name":"wp","href":"https:\/\/api.w.org\/{rel}","templated":true}]}}