{"id":9797,"date":"2025-01-17T13:17:45","date_gmt":"2025-01-17T13:17:45","guid":{"rendered":"https:\/\/lofimusic.com.es\/index.php\/producto\/b0dfyrvg8c_fr\/"},"modified":"2025-01-17T13:17:45","modified_gmt":"2025-01-17T13:17:45","slug":"b0dfyrvg8c_fr","status":"publish","type":"product","link":"https:\/\/lofimusic.com.es\/index.php\/producto\/b0dfyrvg8c_fr\/","title":{"rendered":"B0DFYRVG8C_FR"},"content":{"rendered":"<p>&#8211; Concentrez-vous sur votre voix : ce microphone sans fil de qualit\u00e9 sup\u00e9rieure est \u00e9quip\u00e9 d&#8217;une caract\u00e9ristique cardio\u00efde et de la technologie de r\u00e9duction du bruit DSP qui peut minimiser le bruit de fond et enregistrer clairement les voix humaines, se concentrer sur la source sonore cible et assurer la chaleur, la clart\u00e9. Le son attire le public.<br \/>\n&#8211; \u3010Plug and Play\u3011 Allumez le microphone sans fil et le r\u00e9cepteur et ils seront automatiquement coupl\u00e9s. Tr\u00e8s facile \u00e0 utiliser. Remarque : compatible uniquement avec les prises \u00ab MIC \u00bb de 3,5 mm ou 6,35 mm, ne peut pas \u00eatre connect\u00e9 aux prises \u00ab AUX \u00bb. Compatible avec les appareils de karaok\u00e9, les amplificateurs audio, les syst\u00e8mes PA, les m\u00e9langeurs, les amplificateurs vocaux et plus encore. (Veuillez noter : non compatible avec les ordinateurs portables, iPad ou t\u00e9l\u00e9phones portables)<br \/>\n&#8211; Grande port\u00e9e de r\u00e9ception : profitez d&#8217;une excellente port\u00e9e de vision jusqu&#8217;\u00e0 200 pieds avec notre microphone sans fil et r\u00e9cepteur, ce qui vous permet de vous d\u00e9placer librement \u00e0 l&#8217;int\u00e9rieur et \u00e0 l&#8217;ext\u00e9rieur. Il peut \u00eatre utilis\u00e9 pour diverses activit\u00e9s telles que le karaok\u00e9 familial, les r\u00e9unions d&#8217;\u00e9glise, les mariages, les conf\u00e9rences, les discours, etc.<br \/>\n&#8211; \u30102 microphones de karaok\u00e9\u3011\u2460 Le microphone sans fil a \u00e9t\u00e9 am\u00e9lior\u00e9 et utilise la derni\u00e8re technologie \u00e0 ultra haute fr\u00e9quence pour assurer un signal stable lors du chant. Les deux microphones sans fil utilisent exclusivement la technologie de r\u00e9duction du bruit, et le processeur audio professionnel peut ajuster les fr\u00e9quences hautes et basses pour assurer la qualit\u00e9 sonore tout en transmettant votre voix plus efficacement pour une meilleure exp\u00e9rience de chant.<br \/>\n&#8211; Veuillez lire attentivement les instructions avant d&#8217;utiliser le produit. Si vous avez des questions, veuillez contacter notre service client en ligne 7*24. Nos microphones sont couverts par une garantie de remplacement gratuite de six ans.<br \/>\n&#8211; Conseil : veuillez attendre quelques minutes avant la premi\u00e8re utilisation jusqu&#8217;\u00e0 ce que le r\u00e9cepteur et le microphone soient coupl\u00e9s.<\/p>\n","protected":false},"excerpt":{"rendered":"<p>publicit\u00e9FOLTUSYMY Microphone sans fil &#8211; Syst\u00e8me de microphone dynamique \u00e0 double main avec r\u00e9cepteur rechargeable &#8211; 200 pieds &#8211; Pour le chant karaok\u00e9, les conf\u00e9rences, les f\u00eates, les conf\u00e9rences, l&#8217;\u00e9glise<\/p>\n","protected":false},"featured_media":9795,"comment_status":"open","ping_status":"closed","template":"","meta":[],"product_cat":[15],"product_tag":[],"class_list":{"0":"post-9797","1":"product","2":"type-product","3":"status-publish","4":"has-post-thumbnail","6":"product_cat-sin-categorizar","7":"nodate","8":"item-wrap","10":"first","11":"instock","12":"shipping-taxable","13":"product-type-external"},"_links":{"self":[{"href":"https:\/\/lofimusic.com.es\/index.php\/wp-json\/wp\/v2\/product\/9797","targetHints":{"allow":["GET"]}}],"collection":[{"href":"https:\/\/lofimusic.com.es\/index.php\/wp-json\/wp\/v2\/product"}],"about":[{"href":"https:\/\/lofimusic.com.es\/index.php\/wp-json\/wp\/v2\/types\/product"}],"replies":[{"embeddable":true,"href":"https:\/\/lofimusic.com.es\/index.php\/wp-json\/wp\/v2\/comments?post=9797"}],"wp:featuredmedia":[{"embeddable":true,"href":"https:\/\/lofimusic.com.es\/index.php\/wp-json\/wp\/v2\/media\/9795"}],"wp:attachment":[{"href":"https:\/\/lofimusic.com.es\/index.php\/wp-json\/wp\/v2\/media?parent=9797"}],"wp:term":[{"taxonomy":"product_cat","embeddable":true,"href":"https:\/\/lofimusic.com.es\/index.php\/wp-json\/wp\/v2\/product_cat?post=9797"},{"taxonomy":"product_tag","embeddable":true,"href":"https:\/\/lofimusic.com.es\/index.php\/wp-json\/wp\/v2\/product_tag?post=9797"}],"curies":[{"name":"wp","href":"https:\/\/api.w.org\/{rel}","templated":true}]}}