{"id":9794,"date":"2025-01-17T11:16:56","date_gmt":"2025-01-17T11:16:56","guid":{"rendered":"https:\/\/lofimusic.com.es\/index.php\/producto\/b0dnqbc5ty_es\/"},"modified":"2025-01-17T11:16:56","modified_gmt":"2025-01-17T11:16:56","slug":"b0dnqbc5ty_es","status":"publish","type":"product","link":"https:\/\/lofimusic.com.es\/index.php\/producto\/b0dnqbc5ty_es\/","title":{"rendered":"B0DNQBC5TY_ES"},"content":{"rendered":"<p>&#8211; Tama\u00f1o: 8cm*3cm*2.8cm, con dos ganchos en el gancho, que pueden acomodar dos o m\u00e1s objetos, es muy adecuado para ahorrar espacio.<br \/>\n&#8211; Hermosa apariencia: Con un hermoso dise\u00f1o, hecho de metal resistente, los ganchos de adorno se ven modernos, muy atractivos, minimalistas y elegantes.<br \/>\n&#8211; Resistente al agua y al \u00f3xido: Estos ganchos adhesivos est\u00e1n fabricados con acero inoxidable de primera calidad tipo 304, son resistentes al agua y protegen contra la corrosi\u00f3n y el \u00f3xido, adem\u00e1s de garantizar la calidad y la longevidad para un uso a largo plazo.<br \/>\n&#8211; F\u00e1cil de Instalar: Este gancho para puerta para colgar es muy f\u00e1cil de instalar. Simplemente retira la capa protectora de los ganchos adhesivos en la parte posterior y p\u00e9galos en el lugar deseado. La pared debe mantenerse seca y limpia durante la instalaci\u00f3n. Es mejor esperar 24 horas antes de usar estos ganchos para tazas, Al desmontar, derrita el pegamento calentando con un secador de pelo, que se desmonta f\u00e1cilmente.<br \/>\n&#8211; Superficies aplicables: Estos ganchos autoadhesivos son adecuados para superficies planas y lisas sin polvo ni agua, como azulejos, vidrio y metal. Perfecto para colgar batas, toallas, pa\u00f1os, sombreros, bolsos, bolsos, ropa, abrigos, llaves, utensilios de cocina, cepillos, cinturones. Es imprescindible para el hogar, la pared del ba\u00f1o, la pared de la ducha y la puerta del dormitorio.<\/p>\n","protected":false},"excerpt":{"rendered":"<p>Publicidad peiqiup Ganchos Adhesivos Para Pared Negro (5 Piezas), Inoxidables Colgador Toalla Ba\u00f1o Adhesivo, Accesorio De Pared Sin Taladrar, Impermeable, Para Ba\u00f1o y Cocina, Negro, Conexi\u00f3n arriba y abajo<\/p>\n","protected":false},"featured_media":9793,"comment_status":"open","ping_status":"closed","template":"","meta":[],"product_cat":[15],"product_tag":[],"class_list":{"0":"post-9794","1":"product","2":"type-product","3":"status-publish","4":"has-post-thumbnail","6":"product_cat-sin-categorizar","7":"nodate","8":"item-wrap","10":"first","11":"instock","12":"shipping-taxable","13":"product-type-external"},"_links":{"self":[{"href":"https:\/\/lofimusic.com.es\/index.php\/wp-json\/wp\/v2\/product\/9794","targetHints":{"allow":["GET"]}}],"collection":[{"href":"https:\/\/lofimusic.com.es\/index.php\/wp-json\/wp\/v2\/product"}],"about":[{"href":"https:\/\/lofimusic.com.es\/index.php\/wp-json\/wp\/v2\/types\/product"}],"replies":[{"embeddable":true,"href":"https:\/\/lofimusic.com.es\/index.php\/wp-json\/wp\/v2\/comments?post=9794"}],"wp:featuredmedia":[{"embeddable":true,"href":"https:\/\/lofimusic.com.es\/index.php\/wp-json\/wp\/v2\/media\/9793"}],"wp:attachment":[{"href":"https:\/\/lofimusic.com.es\/index.php\/wp-json\/wp\/v2\/media?parent=9794"}],"wp:term":[{"taxonomy":"product_cat","embeddable":true,"href":"https:\/\/lofimusic.com.es\/index.php\/wp-json\/wp\/v2\/product_cat?post=9794"},{"taxonomy":"product_tag","embeddable":true,"href":"https:\/\/lofimusic.com.es\/index.php\/wp-json\/wp\/v2\/product_tag?post=9794"}],"curies":[{"name":"wp","href":"https:\/\/api.w.org\/{rel}","templated":true}]}}