{"id":9792,"date":"2025-01-17T10:59:41","date_gmt":"2025-01-17T10:59:41","guid":{"rendered":"https:\/\/lofimusic.com.es\/index.php\/producto\/b0dp9q9pq2_es\/"},"modified":"2025-01-17T10:59:41","modified_gmt":"2025-01-17T10:59:41","slug":"b0dp9q9pq2_es","status":"publish","type":"product","link":"https:\/\/lofimusic.com.es\/index.php\/producto\/b0dp9q9pq2_es\/","title":{"rendered":"B0DP9Q9PQ2_ES"},"content":{"rendered":"<p>&#8211; LISTA DE PAQUETES: Recibir\u00e1 un par de guantes cortos de cachemira negros de punto de medio dedo para oto\u00f1o e invierno, perfectos para usar en casa o en la oficina.<br \/>\n&#8211; TEJIDO DE ALTA CALIDAD: Hecho de tela de cachemira de alta calidad, suave y delicada sensaci\u00f3n en la mano, textura gruesa, alta elasticidad, de moda y c\u00e1lido.<br \/>\n&#8211; DISE\u00d1O DE MEDIA BOCA: El dise\u00f1o de media boca con los dedos expuestos le mantiene caliente mientras le permite operar f\u00e1cilmente su tel\u00e9fono m\u00f3vil u ordenador sin afectar a su oficina.<br \/>\n&#8211; Guantes antideslizantes: los guantes aumentan la seda de alta elasticidad en ambos extremos, antideslizante no apretado, c\u00f3modo de llevar, adecuado para la forma de la mano de la mayor\u00eda de la gente.<br \/>\n&#8211; USO AMPLIO: Los guantes cortos son pr\u00e1cticos y adecuados para la mayor\u00eda de las ocasiones, como la oficina, el estudio, el ciclismo al aire libre, los viajes y el senderismo.<\/p>\n","protected":false},"excerpt":{"rendered":"<p>Publicidad JJHXM 1 Pares Guantes sin Dedos,guantes invierno,guantes lana,guantes mujer invierno,Manoplas de Punto de Invierno,para Hombres y Mujeres,para Trabajar Correr Ciclismo Conducir(Negro)<\/p>\n","protected":false},"featured_media":9791,"comment_status":"open","ping_status":"closed","template":"","meta":[],"product_cat":[15],"product_tag":[],"class_list":{"0":"post-9792","1":"product","2":"type-product","3":"status-publish","4":"has-post-thumbnail","6":"product_cat-sin-categorizar","7":"nodate","8":"item-wrap","10":"first","11":"instock","12":"shipping-taxable","13":"product-type-external"},"_links":{"self":[{"href":"https:\/\/lofimusic.com.es\/index.php\/wp-json\/wp\/v2\/product\/9792","targetHints":{"allow":["GET"]}}],"collection":[{"href":"https:\/\/lofimusic.com.es\/index.php\/wp-json\/wp\/v2\/product"}],"about":[{"href":"https:\/\/lofimusic.com.es\/index.php\/wp-json\/wp\/v2\/types\/product"}],"replies":[{"embeddable":true,"href":"https:\/\/lofimusic.com.es\/index.php\/wp-json\/wp\/v2\/comments?post=9792"}],"wp:featuredmedia":[{"embeddable":true,"href":"https:\/\/lofimusic.com.es\/index.php\/wp-json\/wp\/v2\/media\/9791"}],"wp:attachment":[{"href":"https:\/\/lofimusic.com.es\/index.php\/wp-json\/wp\/v2\/media?parent=9792"}],"wp:term":[{"taxonomy":"product_cat","embeddable":true,"href":"https:\/\/lofimusic.com.es\/index.php\/wp-json\/wp\/v2\/product_cat?post=9792"},{"taxonomy":"product_tag","embeddable":true,"href":"https:\/\/lofimusic.com.es\/index.php\/wp-json\/wp\/v2\/product_tag?post=9792"}],"curies":[{"name":"wp","href":"https:\/\/api.w.org\/{rel}","templated":true}]}}