{"id":9790,"date":"2025-01-17T10:59:13","date_gmt":"2025-01-17T10:59:13","guid":{"rendered":"https:\/\/lofimusic.com.es\/index.php\/producto\/b0cgx4l4xl_es\/"},"modified":"2025-01-17T10:59:13","modified_gmt":"2025-01-17T10:59:13","slug":"b0cgx4l4xl_es","status":"publish","type":"product","link":"https:\/\/lofimusic.com.es\/index.php\/producto\/b0cgx4l4xl_es\/","title":{"rendered":"B0CGX4L4XL_ES"},"content":{"rendered":"<p>&#8211; \ud83d\udc20Contenido del producto: Recibir\u00e1s 9 pegatinas de ba\u00f1o antideslizantes con temas de vida marina, con 9 estilos diferentes, suficientes para satisfacer tus necesidades de uso diario.<br \/>\n&#8211; \ud83d\udc22Excelente calidad: hecho de material PEVA suave de alta calidad, seguro e inodoro, no se decolora f\u00e1cilmente, impermeable y antideslizante, fuerte adherencia, f\u00e1cil de pegar y se puede utilizar durante mucho tiempo.<br \/>\n&#8211; \ud83d\udc21Material antideslizante: la superficie de cada pegatina de ba\u00f1o antideslizante est\u00e1 hecha de arena antideslizante seleccionada y material antideslizante especial para aumentar la fricci\u00f3n. Reduce el riesgo de resbalones y ca\u00eddas en el ba\u00f1o. Proporciona una mejor protecci\u00f3n para tu familia.<br \/>\n&#8211; \ud83e\udd80F\u00e1cil de usar: simplemente retire el papel recubierto y p\u00e9guelo en su superficie lisa favorita (limpie la superficie de grasa o suciedad antes de la instalaci\u00f3n) y no quedar\u00e1n residuos durante el proceso de eliminaci\u00f3n. Recordatorio c\u00e1lido: apl\u00edquelo cuando est\u00e9 seco y no toque el agua dentro de 2 horas.<br \/>\n&#8211; \ud83d\udc1fHermoso y pr\u00e1ctico: este adhesivo antideslizante para ba\u00f1o contiene diferentes tipos de patrones de dibujos animados de animales marinos, lo que agrega m\u00e1s colores a su ba\u00f1o. Adecuado para usar en cualquier superficie lisa como: ba\u00f1eras, pisos de ba\u00f1os, piscinas y otras \u00e1reas lisas. Al mismo tiempo, tambi\u00e9n se puede utilizar como adorno para decorar la habitaci\u00f3n de un ni\u00f1o.<\/p>\n","protected":false},"excerpt":{"rendered":"<p>Publicidad QianFenShi 9 Piezas Pegatinas Antideslizantes Ba\u00f1era,Pegatinas Ba\u00f1era,Pegatinas Antideslizantes Ducha,Pegatinas Ba\u00f1era Antideslizantes,Antideslizante Ba\u00f1era Ni\u00f1os,Antideslizante Ducha (Mar Criatura)<\/p>\n","protected":false},"featured_media":9789,"comment_status":"open","ping_status":"closed","template":"","meta":[],"product_cat":[15],"product_tag":[],"class_list":{"0":"post-9790","1":"product","2":"type-product","3":"status-publish","4":"has-post-thumbnail","6":"product_cat-sin-categorizar","7":"nodate","8":"item-wrap","10":"first","11":"instock","12":"shipping-taxable","13":"product-type-external"},"_links":{"self":[{"href":"https:\/\/lofimusic.com.es\/index.php\/wp-json\/wp\/v2\/product\/9790","targetHints":{"allow":["GET"]}}],"collection":[{"href":"https:\/\/lofimusic.com.es\/index.php\/wp-json\/wp\/v2\/product"}],"about":[{"href":"https:\/\/lofimusic.com.es\/index.php\/wp-json\/wp\/v2\/types\/product"}],"replies":[{"embeddable":true,"href":"https:\/\/lofimusic.com.es\/index.php\/wp-json\/wp\/v2\/comments?post=9790"}],"wp:featuredmedia":[{"embeddable":true,"href":"https:\/\/lofimusic.com.es\/index.php\/wp-json\/wp\/v2\/media\/9789"}],"wp:attachment":[{"href":"https:\/\/lofimusic.com.es\/index.php\/wp-json\/wp\/v2\/media?parent=9790"}],"wp:term":[{"taxonomy":"product_cat","embeddable":true,"href":"https:\/\/lofimusic.com.es\/index.php\/wp-json\/wp\/v2\/product_cat?post=9790"},{"taxonomy":"product_tag","embeddable":true,"href":"https:\/\/lofimusic.com.es\/index.php\/wp-json\/wp\/v2\/product_tag?post=9790"}],"curies":[{"name":"wp","href":"https:\/\/api.w.org\/{rel}","templated":true}]}}