{"id":9788,"date":"2025-01-17T10:50:20","date_gmt":"2025-01-17T10:50:20","guid":{"rendered":"https:\/\/lofimusic.com.es\/index.php\/producto\/b0dqq1j29j_es\/"},"modified":"2025-01-17T10:50:20","modified_gmt":"2025-01-17T10:50:20","slug":"b0dqq1j29j_es","status":"publish","type":"product","link":"https:\/\/lofimusic.com.es\/index.php\/producto\/b0dqq1j29j_es\/","title":{"rendered":"B0DQQ1J29J_ES"},"content":{"rendered":"<p>&#8211; Cada conjunto de tapones para los o\u00eddos est\u00e1 equipado con una caja compacta de aluminio de llavero que se puede llevar y almacenar f\u00e1cilmente en cualquier lugar.<br \/>\n&#8211; F\u00e1cil de limpiar, reutilizable y luego limpiarlo con un pa\u00f1o limpio y secarlo naturalmente al aire.<br \/>\n&#8211; Forma espiral, perfectamente ajustada al Canal auditivo, f\u00e1cil de insertar en el canal auditivo.<\/p>\n","protected":false},"excerpt":{"rendered":"<p>Publicidad Saleependent 2 Pares Tapones para los o\u00eddos Reutilizables, tapones de protecci\u00f3n auditiva para reducir el ruido<\/p>\n","protected":false},"featured_media":9787,"comment_status":"open","ping_status":"closed","template":"","meta":[],"product_cat":[15],"product_tag":[],"class_list":{"0":"post-9788","1":"product","2":"type-product","3":"status-publish","4":"has-post-thumbnail","6":"product_cat-sin-categorizar","7":"nodate","8":"item-wrap","10":"first","11":"instock","12":"shipping-taxable","13":"product-type-external"},"_links":{"self":[{"href":"https:\/\/lofimusic.com.es\/index.php\/wp-json\/wp\/v2\/product\/9788","targetHints":{"allow":["GET"]}}],"collection":[{"href":"https:\/\/lofimusic.com.es\/index.php\/wp-json\/wp\/v2\/product"}],"about":[{"href":"https:\/\/lofimusic.com.es\/index.php\/wp-json\/wp\/v2\/types\/product"}],"replies":[{"embeddable":true,"href":"https:\/\/lofimusic.com.es\/index.php\/wp-json\/wp\/v2\/comments?post=9788"}],"wp:featuredmedia":[{"embeddable":true,"href":"https:\/\/lofimusic.com.es\/index.php\/wp-json\/wp\/v2\/media\/9787"}],"wp:attachment":[{"href":"https:\/\/lofimusic.com.es\/index.php\/wp-json\/wp\/v2\/media?parent=9788"}],"wp:term":[{"taxonomy":"product_cat","embeddable":true,"href":"https:\/\/lofimusic.com.es\/index.php\/wp-json\/wp\/v2\/product_cat?post=9788"},{"taxonomy":"product_tag","embeddable":true,"href":"https:\/\/lofimusic.com.es\/index.php\/wp-json\/wp\/v2\/product_tag?post=9788"}],"curies":[{"name":"wp","href":"https:\/\/api.w.org\/{rel}","templated":true}]}}