{"id":9786,"date":"2025-01-17T10:48:22","date_gmt":"2025-01-17T10:48:22","guid":{"rendered":"https:\/\/lofimusic.com.es\/index.php\/producto\/b0djqqqj7x_es\/"},"modified":"2025-01-17T10:48:22","modified_gmt":"2025-01-17T10:48:22","slug":"b0djqqqj7x_es","status":"publish","type":"product","link":"https:\/\/lofimusic.com.es\/index.php\/producto\/b0djqqqj7x_es\/","title":{"rendered":"B0DJQQQJ7X_ES"},"content":{"rendered":"<p>&#8211; Llamadas y notificaciones inteligentes: Este smartwatch hombre est\u00e1 equipado con un altavoz de 60 decibelios y un micr\u00f3fono con reducci\u00f3n de ruido. Permite la sincronizaci\u00f3n con contactos habituales, lo que facilita realizar llamadas de manera oportuna. Despu\u00e9s de conectar el reloj inteligente hombre a trav\u00e9s de la aplicaci\u00f3n GloryFit y habilitar los permisos de notificaci\u00f3n en GloryFit, podr\u00e1s recibir notificaciones de aplicaciones como WhatsApp, Facebook, Twitter en tu rastreador de fitness.<br \/>\n&#8211; Pantalla HD de 1.39 pulgadas: El smartwatch cuenta con una carcasa de metal y materiales especiales que lo hacen resistente al calor, al fr\u00edo, a la humedad y al polvo. La pantalla full touch HD de 1.39 pulgadas ofrece colores vibrantes y una operaci\u00f3n r\u00e1pida. El reloj inteligente soporta m\u00e1s de 300 esferas, y puedes a\u00f1adir cualquier foto para personalizar tu pulsera inteligente hombre, \u00a1lo que lo hace muy adecuado para actividades al aire libre!<br \/>\n&#8211; 110 modos de deporte: Este reloj smartwatch hombre tiene m\u00e1s de 110 modos de deporte integrados, que cubren todas las actividades f\u00edsicas diarias, como correr, montar en bicicleta, patinar, etc. No importa cu\u00e1n inusual sea tu hobby, por ejemplo, esqu\u00ed, escalada o boxeo, tambi\u00e9n podemos ayudarte a proporcionar un seguimiento adecuado para esas actividades. El reloj deportivo registrar\u00e1 tus datos durante el ejercicio (pasos, distancia, calor\u00edas, tiempo de entrenamiento, etc.).<br \/>\n&#8211; Monitoreo de salud: El reloj con llamada cuenta con funciones de monitoreo del sue\u00f1o, monitoreo de la frecuencia card\u00edaca y pod\u00f3metro, que registran tus datos corporales. Los datos de salud recopilados por el reloj deportivo hombre son solo para referencia diaria y no se pueden utilizar con fines m\u00e9dicos. El smart watch pod\u00f3metro puede ayudarte a comprender mejor tu condici\u00f3n f\u00edsica y ajustar tus h\u00e1bitos a tiempo seg\u00fan los datos de salud.<br \/>\n&#8211; Multifuncional e impermeable IP68: El smart watch men incluye funciones como reproducci\u00f3n\/pausa de m\u00fasica, control de c\u00e1mara, asistente de voz, pron\u00f3stico del tiempo, recordatorio de sedentarismo, cron\u00f3metro, alarma, calculadora y encontrar mi tel\u00e9fono.El nivel de impermeabilidad del pulsera actividad hombre es IP68, lo que permite su uso en d\u00edas de lluvia o durante la ducha. (Nota: no es adecuado para saunas, agua caliente, nataci\u00f3n o buceo.)<br \/>\n&#8211; Amplia compatibilidad y larga duraci\u00f3n de la bater\u00eda: Este reloj running hombre es compatible con Android 5.0\/iOS 9.0 y versiones superiores, lo que le permite ser compatible con la mayor\u00eda de los smartphones. El relojes militares hombre cuenta con una bater\u00eda de 400mAh, que se carga por completo en aproximadamente 2 horas, con un tiempo de uso normal de 10 d\u00edas y un tiempo de espera de aproximadamente 30 d\u00edas. \u00a1Dile adi\u00f3s a las cargas frecuentes, siendo ideal para viajes largos!<\/p>\n","protected":false},"excerpt":{"rendered":"<p>Publicidad Reloj Inteligente Hombre, 1,39&#8243; Smartwatch con Llamada Bluetooth, Impermeable IP68 Reloj Deportivo con 110 Modos, Pulsera Actividad con Pod\u00f3metro\/Monitoreo de Sue\u00f1o\/Puls\u00f3metro para Android\/IOS, Gris<\/p>\n","protected":false},"featured_media":9785,"comment_status":"open","ping_status":"closed","template":"","meta":[],"product_cat":[15],"product_tag":[],"class_list":{"0":"post-9786","1":"product","2":"type-product","3":"status-publish","4":"has-post-thumbnail","6":"product_cat-sin-categorizar","7":"nodate","8":"item-wrap","10":"first","11":"instock","12":"shipping-taxable","13":"product-type-external"},"_links":{"self":[{"href":"https:\/\/lofimusic.com.es\/index.php\/wp-json\/wp\/v2\/product\/9786","targetHints":{"allow":["GET"]}}],"collection":[{"href":"https:\/\/lofimusic.com.es\/index.php\/wp-json\/wp\/v2\/product"}],"about":[{"href":"https:\/\/lofimusic.com.es\/index.php\/wp-json\/wp\/v2\/types\/product"}],"replies":[{"embeddable":true,"href":"https:\/\/lofimusic.com.es\/index.php\/wp-json\/wp\/v2\/comments?post=9786"}],"wp:featuredmedia":[{"embeddable":true,"href":"https:\/\/lofimusic.com.es\/index.php\/wp-json\/wp\/v2\/media\/9785"}],"wp:attachment":[{"href":"https:\/\/lofimusic.com.es\/index.php\/wp-json\/wp\/v2\/media?parent=9786"}],"wp:term":[{"taxonomy":"product_cat","embeddable":true,"href":"https:\/\/lofimusic.com.es\/index.php\/wp-json\/wp\/v2\/product_cat?post=9786"},{"taxonomy":"product_tag","embeddable":true,"href":"https:\/\/lofimusic.com.es\/index.php\/wp-json\/wp\/v2\/product_tag?post=9786"}],"curies":[{"name":"wp","href":"https:\/\/api.w.org\/{rel}","templated":true}]}}