{"id":9780,"date":"2025-01-17T10:33:57","date_gmt":"2025-01-17T10:33:57","guid":{"rendered":"https:\/\/lofimusic.com.es\/index.php\/producto\/b0b8zcspt6_fr\/"},"modified":"2025-01-17T10:33:57","modified_gmt":"2025-01-17T10:33:57","slug":"b0b8zcspt6_fr","status":"publish","type":"product","link":"https:\/\/lofimusic.com.es\/index.php\/producto\/b0b8zcspt6_fr\/","title":{"rendered":"B0B8ZCSPT6_FR"},"content":{"rendered":"<p>&#8211; \ud83d\udef4\u3010Conduite impressionnante et fluide:\u3011La trottinette est \u00e9quip\u00e9e de 2 roues en plastique PU clignotantes, qui s&#8217;allument automatiquement et ne n\u00e9cessitent aucune batterie.Les roues qui s&#8217;allument la nuit peuvent \u00e9galement am\u00e9liorer la s\u00e9curit\u00e9 des enfants lors de leurs d\u00e9placements.<br \/>\n&#8211; \ud83d\udef4\u3010Guidon r\u00e9glable \u00e0 3 hauteurs:\u3011Le support et ce moyen de transport ludique peuvent grandir avec vos enfants car il offre 3 options de hauteur (70\/75\/80 cm) pour correspondre \u00e0 la taille de votre tout-petit.<br \/>\n&#8211; \ud83d\udef4\u3010Design pliable et portable:\u3011La trottinette pour tout-petits est l\u00e9g\u00e8re et facile \u00e0 transporter. Il ne faut que 2 \u00e9tapes pour plier le guidon et la fourche vers le bas pour rendre la trottinette de taille compacte.<br \/>\n&#8211; \ud83d\udef4\u3010Excellent cadeau:\u3011En plus des lumi\u00e8res incroyables et des multiples fonctions, les poign\u00e9es antid\u00e9rapantes TPR (issu du caoutchouc) offrent une prise en main facile, le pont antid\u00e9rapant donne \u00e0 vos enfants une position large et stable.<br \/>\n&#8211; \ud83d\udef4\u3010Id\u00e9al pour le d\u00e9veloppement:\u3011Le trottinette \u00e0 2 roues est facile \u00e0 man\u0153uvrer pour les enfants. En marchant sur le pont et en glissant, ils peuvent d\u00e9velopper leur sens de l&#8217;\u00e9quilibre, leur physique sain et leurs capacit\u00e9s motrices.<\/p>\n","protected":false},"excerpt":{"rendered":"<p>publicit\u00e9COSTWAY Trottinette Enfant Pliable avec Roulements ABEC-5 &amp; 3 Hauteurs R\u00e9glables, Trottinette Pro Enfants avec 2 Roues de 120mm, Pont Elargi, Charge 50kg pour Enfants de 3 Ans+<\/p>\n","protected":false},"featured_media":9779,"comment_status":"open","ping_status":"closed","template":"","meta":[],"product_cat":[15],"product_tag":[],"class_list":{"0":"post-9780","1":"product","2":"type-product","3":"status-publish","4":"has-post-thumbnail","6":"product_cat-sin-categorizar","7":"nodate","8":"item-wrap","10":"first","11":"instock","12":"shipping-taxable","13":"product-type-external"},"_links":{"self":[{"href":"https:\/\/lofimusic.com.es\/index.php\/wp-json\/wp\/v2\/product\/9780","targetHints":{"allow":["GET"]}}],"collection":[{"href":"https:\/\/lofimusic.com.es\/index.php\/wp-json\/wp\/v2\/product"}],"about":[{"href":"https:\/\/lofimusic.com.es\/index.php\/wp-json\/wp\/v2\/types\/product"}],"replies":[{"embeddable":true,"href":"https:\/\/lofimusic.com.es\/index.php\/wp-json\/wp\/v2\/comments?post=9780"}],"wp:featuredmedia":[{"embeddable":true,"href":"https:\/\/lofimusic.com.es\/index.php\/wp-json\/wp\/v2\/media\/9779"}],"wp:attachment":[{"href":"https:\/\/lofimusic.com.es\/index.php\/wp-json\/wp\/v2\/media?parent=9780"}],"wp:term":[{"taxonomy":"product_cat","embeddable":true,"href":"https:\/\/lofimusic.com.es\/index.php\/wp-json\/wp\/v2\/product_cat?post=9780"},{"taxonomy":"product_tag","embeddable":true,"href":"https:\/\/lofimusic.com.es\/index.php\/wp-json\/wp\/v2\/product_tag?post=9780"}],"curies":[{"name":"wp","href":"https:\/\/api.w.org\/{rel}","templated":true}]}}