{"id":9778,"date":"2025-01-17T10:33:55","date_gmt":"2025-01-17T10:33:55","guid":{"rendered":"https:\/\/lofimusic.com.es\/index.php\/producto\/b0dnmh3v23_fr\/"},"modified":"2025-01-17T10:33:55","modified_gmt":"2025-01-17T10:33:55","slug":"b0dnmh3v23_fr","status":"publish","type":"product","link":"https:\/\/lofimusic.com.es\/index.php\/producto\/b0dnmh3v23_fr\/","title":{"rendered":"B0DNMH3V23_FR"},"content":{"rendered":"<p>&#8211; \ud83d\udc76Conception polyvalente 6 en 1\ud83d\udc76 : Combinant un trotteur pour b\u00e9b\u00e9, une cuisine de jeu simul\u00e9e, un rangement pour jouets, une horloge p\u00e9dagogique, une correspondance de forme et un curseur mobile avec des blocs alimentaires, le centre d&#8217;activit\u00e9s en bois r\u00e9pond parfaitement \u00e0 diverses demandes et apporte aux tout-petits un plaisir sans fin. Les nombreux accessoires que nous avons fournis ajoutent encore plus d\u2019amusement \u00e0 votre enfant.<br \/>\n&#8211; \ud83d\udc76Mat\u00e9riaux s\u00fbrs et de qualit\u00e9\ud83d\udc76 : Le trotteur \u00e9volutif est fabriqu\u00e9 dans un mat\u00e9riau sans BPA, permettant aux tout-petits de l&#8217;utiliser en toute confiance. Les mat\u00e9riaux durables peuvent \u00eatre utilis\u00e9s par les enfants pendant longtemps. De plus, les bords s\u00fbrs et arrondis et la surface sans bavures prot\u00e8gent la peau d\u00e9licate des enfants.<br \/>\n&#8211; \ud83d\udc76Trotteur ergonomique\ud83d\udc76 : Le trotteur en bois est con\u00e7u pour aider les enfants \u00e0 prendre la bonne posture de marche, \u00e0 former des jambes normales et \u00e0 offrir aux enfants un soutien fiable pour leur premier pas. En outre, la poign\u00e9e lisse avec 3 anneaux et les roues antid\u00e9rapantes et silencieuses apportent une meilleure exp\u00e9rience d&#8217;utilisation.<br \/>\n&#8211; \ud83d\udc76Jeu de cuisine r\u00e9aliste\ud83d\udc76 : La cuisine de jeu en bois comprend un \u00e9vier avec robinet, un bouton rotatif avec des clics et une cuisini\u00e8re, permettant aux enfants et \u00e0 leurs amis de jouer un jeu de r\u00f4le et de profiter d&#8217;une exp\u00e9rience culinaire r\u00e9aliste. De plus, les ustensiles de cuisine, les jouets alimentaires et les glaces fournis ajoutent du plaisir suppl\u00e9mentaire.<br \/>\n&#8211; \ud83d\udc76Cadeau parfait pour les enfants\ud83d\udc76 : Le marcheur d&#8217;activit\u00e9s d&#8217;apprentissage est un cadeau parfait pour les enfants de plus de 12 mois et les aide \u00e0 am\u00e9liorer leurs capacit\u00e9s manuelles, leur cognition, leur motricit\u00e9, leur imagination, leur cr\u00e9ativit\u00e9 et augmente l&#8217;interaction parent-enfant. Ce trotteur \u00e9ducatif et mignon sera le compagnon de jeu id\u00e9al pour votre enfant !<\/p>\n","protected":false},"excerpt":{"rendered":"<p>publicit\u00e9GOPLUS Chariot de Marche en Bois pour B\u00e9b\u00e9, Centre d&#8217;Activit\u00e9s Polyvalent avec Cuisine de Jeu, Curseur Mobile, Cuisine d&#8217;Imitation, Horloge P\u00e9dagogique, Trotteur Bebe Gar\u00e7on Fille avec Roues (Bleu)<\/p>\n","protected":false},"featured_media":9777,"comment_status":"open","ping_status":"closed","template":"","meta":[],"product_cat":[15],"product_tag":[],"class_list":{"0":"post-9778","1":"product","2":"type-product","3":"status-publish","4":"has-post-thumbnail","6":"product_cat-sin-categorizar","7":"nodate","8":"item-wrap","10":"first","11":"instock","12":"shipping-taxable","13":"product-type-external"},"_links":{"self":[{"href":"https:\/\/lofimusic.com.es\/index.php\/wp-json\/wp\/v2\/product\/9778","targetHints":{"allow":["GET"]}}],"collection":[{"href":"https:\/\/lofimusic.com.es\/index.php\/wp-json\/wp\/v2\/product"}],"about":[{"href":"https:\/\/lofimusic.com.es\/index.php\/wp-json\/wp\/v2\/types\/product"}],"replies":[{"embeddable":true,"href":"https:\/\/lofimusic.com.es\/index.php\/wp-json\/wp\/v2\/comments?post=9778"}],"wp:featuredmedia":[{"embeddable":true,"href":"https:\/\/lofimusic.com.es\/index.php\/wp-json\/wp\/v2\/media\/9777"}],"wp:attachment":[{"href":"https:\/\/lofimusic.com.es\/index.php\/wp-json\/wp\/v2\/media?parent=9778"}],"wp:term":[{"taxonomy":"product_cat","embeddable":true,"href":"https:\/\/lofimusic.com.es\/index.php\/wp-json\/wp\/v2\/product_cat?post=9778"},{"taxonomy":"product_tag","embeddable":true,"href":"https:\/\/lofimusic.com.es\/index.php\/wp-json\/wp\/v2\/product_tag?post=9778"}],"curies":[{"name":"wp","href":"https:\/\/api.w.org\/{rel}","templated":true}]}}