{"id":9761,"date":"2025-01-16T18:47:12","date_gmt":"2025-01-16T18:47:12","guid":{"rendered":"https:\/\/lofimusic.com.es\/index.php\/producto\/b0db26s6yh_fr\/"},"modified":"2025-01-16T18:47:12","modified_gmt":"2025-01-16T18:47:12","slug":"b0db26s6yh_fr","status":"publish","type":"product","link":"https:\/\/lofimusic.com.es\/index.php\/producto\/b0db26s6yh_fr\/","title":{"rendered":"B0DB26S6YH_FR"},"content":{"rendered":"<p>&#8211; [Essai de stockage cloud de 30 jours] Notre mini cam\u00e9ra surveillance dispose de fonctions de stockage cloud et de stockage sur carte TF locale. Cet appareil peut \u00eatre \u00e9tendu avec une carte m\u00e9moire 128G (non incluse). En m\u00eame temps, nous proposons une p\u00e9riode d&#8217;essai de 30 jours pour le stockage cloud. Peu importe o\u00f9 vous \u00eates, vous pouvez lire des vid\u00e9os \u00e0 distance via des services cloud crypt\u00e9s, afin de ne manquer aucun moment merveilleux. Lorsque votre appareil et votre carte m\u00e9moire sont perdus, le stockage cloud peut prot\u00e9ger en toute s\u00e9curit\u00e9 vos donn\u00e9es contre la perte et vous pouvez visualiser les fichiers enregistr\u00e9s \u00e0 tout moment<br \/>\n&#8211; [Vid\u00e9o 4K et fonction de vision nocturne am\u00e9lior\u00e9e] La r\u00e9solution de cette mini cam\u00e9ra sans fil est aussi \u00e9lev\u00e9e que 4K. La fonction de vision nocturne automatique apporte une surveillance par tous les temps, et l&#8217;objectif grand angle de 145\u00b0 offre une large plage de couverture<br \/>\n&#8211; [120 jours en veille] Notre cam\u00e9ra de s\u00e9curit\u00e9 WiFi dispose d&#8217;une batterie int\u00e9gr\u00e9e de grande capacit\u00e9, qui peut vous fournir 120 jours de veille et 15 \u00e0 30 jours de temps de travail<br \/>\n&#8211; [D\u00e9tection de mouvement infrarouge et fonction d&#8217;alarme en temps r\u00e9el] Le capteur infrarouge intelligent peut d\u00e9tecter facilement et rapidement les personnes, les voitures, les animaux domestiques et les colis. Le syst\u00e8me de cam\u00e9ra de s\u00e9curit\u00e9 peut se r\u00e9veiller et capturer tous les mouvements humains en peu de temps. En m\u00eame temps, une zone sp\u00e9cifique peut \u00eatre d\u00e9finie pour la surveillance. Les alertes et notifications du t\u00e9l\u00e9phone portable pour les activit\u00e9s vous en informeront imm\u00e9diatement<br \/>\n&#8211; [Fonction de vision nocturne infrarouge de 15 m\u00e8tres] La cam\u00e9ras de surveillance sans fil WiFi fournit des vid\u00e9os et des images de haute qualit\u00e9 et peut fonctionner dans un environnement sans lumi\u00e8re. En m\u00eame temps, la cam\u00e9ra int\u00e9rieure dispose d&#8217;une fonction de vision nocturne automatique pour garantir que la surveillance n&#8217;est pas perturb\u00e9e par des environnements \u00e0 faible luminosit\u00e9<\/p>\n","protected":false},"excerpt":{"rendered":"<p>publicit\u00e9DJFNJH Camera Espion WiFi 4K HD Bluetooth Mini Cam\u00e9ra de Surveillance Interieur\/ext\u00e9rieur Mini Cach\u00e9e D\u00e9tection Mouvement Spy Cam Vision D\u00e9tection de Mouvement avec APP<\/p>\n","protected":false},"featured_media":9760,"comment_status":"open","ping_status":"closed","template":"","meta":[],"product_cat":[15],"product_tag":[],"class_list":{"0":"post-9761","1":"product","2":"type-product","3":"status-publish","4":"has-post-thumbnail","6":"product_cat-sin-categorizar","7":"nodate","8":"item-wrap","10":"first","11":"instock","12":"shipping-taxable","13":"product-type-external"},"_links":{"self":[{"href":"https:\/\/lofimusic.com.es\/index.php\/wp-json\/wp\/v2\/product\/9761","targetHints":{"allow":["GET"]}}],"collection":[{"href":"https:\/\/lofimusic.com.es\/index.php\/wp-json\/wp\/v2\/product"}],"about":[{"href":"https:\/\/lofimusic.com.es\/index.php\/wp-json\/wp\/v2\/types\/product"}],"replies":[{"embeddable":true,"href":"https:\/\/lofimusic.com.es\/index.php\/wp-json\/wp\/v2\/comments?post=9761"}],"wp:featuredmedia":[{"embeddable":true,"href":"https:\/\/lofimusic.com.es\/index.php\/wp-json\/wp\/v2\/media\/9760"}],"wp:attachment":[{"href":"https:\/\/lofimusic.com.es\/index.php\/wp-json\/wp\/v2\/media?parent=9761"}],"wp:term":[{"taxonomy":"product_cat","embeddable":true,"href":"https:\/\/lofimusic.com.es\/index.php\/wp-json\/wp\/v2\/product_cat?post=9761"},{"taxonomy":"product_tag","embeddable":true,"href":"https:\/\/lofimusic.com.es\/index.php\/wp-json\/wp\/v2\/product_tag?post=9761"}],"curies":[{"name":"wp","href":"https:\/\/api.w.org\/{rel}","templated":true}]}}