{"id":971,"date":"2024-09-14T03:04:04","date_gmt":"2024-09-14T03:04:04","guid":{"rendered":"https:\/\/lofimusic.com.es\/index.php\/producto\/b0ddkc4qbj_de\/"},"modified":"2024-09-14T03:04:04","modified_gmt":"2024-09-14T03:04:04","slug":"b0ddkc4qbj_de","status":"publish","type":"product","link":"https:\/\/lofimusic.com.es\/index.php\/producto\/b0ddkc4qbj_de\/","title":{"rendered":"B0DDKC4QBJ_DE"},"content":{"rendered":"<p>&#8211; Gro\u00dfe Reichweite: Winkel des Infrarot-PIR-Bewegungssensors bis zu 110 Grad und Erfassungsbereich bis zu 10 m durch Aktivierung des Katzenabwehrger\u00e4ts, um einen hochfrequenten Ton zu emittieren, irritierend f\u00fcr die Katze und fast freundlich zu Menschen.<br \/>\n&#8211; Solar und Akku: Die mitgelieferten akkus werden \u00fcber das solarpanel unterst\u00fctzt und erm\u00f6glichen eine kabellose nutzung. Geladen werden kann das ger\u00e4t \u00fcber USB-kabel.<br \/>\n&#8211; \u2614 WETTERFEST UND LANGLEBIG: Der HONGXIAN Tierschreck ist nach IP54 wasserdicht zertifiziert und widersteht problemlos Regen, Schnee und Wind. F\u00fcr einen langanhaltenden Schutz ihres Grundst\u00fccks.<br \/>\n&#8211; LEICHTE INSTALLATION: Die HONGXIAN Tierabwehr kann m\u00fchelos im Boden verankert oder an W\u00e4nden aufgeh\u00e4ngt werden. Das Ger\u00e4t an sonnigen Stellen platzieren um den Ladeprozess zu optimieren.<br \/>\n&#8211; Einstellbare Empfindlichkeit und Frequenz: Die Empfindlichkeit und Frequenz des Elements kann je nach Umgebung eingestellt werden, um den Schutzbereich zu erh\u00f6hen.<\/p>\n","protected":false},"excerpt":{"rendered":"<p>Werbung<br \/>\nHONGXIAN Tiervertreiber Ultraschall, Solar Katzenvertreiber, USB Lade Marderschreck Wasserdicht mit LED-Licht,Bewegungsmelder-effektiv gegen Hunde,Marder,F\u00fcchse und andere Tiere<\/p>\n","protected":false},"featured_media":970,"comment_status":"open","ping_status":"closed","template":"","meta":[],"product_cat":[15],"product_tag":[],"class_list":{"0":"post-971","1":"product","2":"type-product","3":"status-publish","4":"has-post-thumbnail","6":"product_cat-sin-categorizar","7":"nodate","8":"item-wrap","10":"first","11":"instock","12":"shipping-taxable","13":"product-type-external"},"_links":{"self":[{"href":"https:\/\/lofimusic.com.es\/index.php\/wp-json\/wp\/v2\/product\/971","targetHints":{"allow":["GET"]}}],"collection":[{"href":"https:\/\/lofimusic.com.es\/index.php\/wp-json\/wp\/v2\/product"}],"about":[{"href":"https:\/\/lofimusic.com.es\/index.php\/wp-json\/wp\/v2\/types\/product"}],"replies":[{"embeddable":true,"href":"https:\/\/lofimusic.com.es\/index.php\/wp-json\/wp\/v2\/comments?post=971"}],"wp:featuredmedia":[{"embeddable":true,"href":"https:\/\/lofimusic.com.es\/index.php\/wp-json\/wp\/v2\/media\/970"}],"wp:attachment":[{"href":"https:\/\/lofimusic.com.es\/index.php\/wp-json\/wp\/v2\/media?parent=971"}],"wp:term":[{"taxonomy":"product_cat","embeddable":true,"href":"https:\/\/lofimusic.com.es\/index.php\/wp-json\/wp\/v2\/product_cat?post=971"},{"taxonomy":"product_tag","embeddable":true,"href":"https:\/\/lofimusic.com.es\/index.php\/wp-json\/wp\/v2\/product_tag?post=971"}],"curies":[{"name":"wp","href":"https:\/\/api.w.org\/{rel}","templated":true}]}}