{"id":965,"date":"2024-09-14T02:59:04","date_gmt":"2024-09-14T02:59:04","guid":{"rendered":"https:\/\/lofimusic.com.es\/index.php\/producto\/b0ddsldsk4_de\/"},"modified":"2024-09-14T02:59:04","modified_gmt":"2024-09-14T02:59:04","slug":"b0ddsldsk4_de","status":"publish","type":"product","link":"https:\/\/lofimusic.com.es\/index.php\/producto\/b0ddsldsk4_de\/","title":{"rendered":"B0DDSLDSK4_DE"},"content":{"rendered":"<p>&#8211; \ud83c\udf40\u3010Tecnolog\u00eda Ultras\u00f3nica de Nueva Generaci\u00f3n\u3011Este repelente ultras\u00f3nico de plagas es la \u00faltima versi\u00f3n que usan un chip actualizado que es m\u00e1s poderoso y hace que las plagas y los roedores sean m\u00e1s dif\u00edciles de inmunizar que antes, trabaja bien en mosquitos ratones hormigas cucarachas moscas ara\u00f1as pulgas y m\u00e1s plagas.<br \/>\n&#8211; \ud83c\udf40Intelligenter Chip: verwendet eine sichere und fortschrittliche Technologie, um das Nervensystem von Parasiten zu unterbrechen und zu reizen. Stecken Sie den M\u00fcckenschutz Ultraschall einfach in eine Steckdose, keine Anpassungen erforderlich. Beseitigt Nagetiere in Wochen.<br \/>\n&#8211; \ud83c\udf40Principio de funcionamiento &#8211; este Repelente Ultras\u00f3nico de Plagas emite ultrasonido de frecuencia 22 &#8211; 45 kHz a trav\u00e9s de un doble ultrasonido y un chip electromagn\u00e9tico, interfiriendo con el cerebro y el sistema nervioso auditivo de la plaga, protegiendo su hogar de plagas, ratas, roedores y mosquitos.<br \/>\n&#8211; \ud83c\udf40\u3010Seguro e Inofensivo\u3011El Repelente Ultrasonidos de Plagas es 100% seguro para el medio ambiente no contamina es inofensivo para el cuerpo humano seguro para ni\u00f1os y sus frecuencias no influyen a mascotas dom\u00e9sticos.Al mismo tiempo, no tiene ninguna sustancia qu\u00edmica ni radiaci\u00f3n da\u00f1ina, por lo que es seguro de usar.<br \/>\n&#8211; \ud83c\udfe1\u3010Amplio Rango de Trabajo El\u3011Repelente de insectos ultras\u00f3nico puede cubrir un m\u00e1ximo de 80 ~ 120 metros cuadrados (\u00e1rea abierta). Dado que el ultrasonido no puede atravesar las paredes, se recomienda usar un dispositivo por habitaci\u00f3n para obtener mejores resultados. Tambi\u00e9n es ideal para dormitorios, centros comerciales, oficinas, garajes, lofts, s\u00f3tanos, almacenes.<\/p>\n","protected":false},"excerpt":{"rendered":"<p>Werbung<br \/>\nAILEDA M\u00fcckenschutz Ultraschall | Ultraschall-Abwehrmittel f\u00fcr M\u00e4use | professionell, gegen M\u00fccken, Sch\u00e4dlinge, M\u00fccken, Insekten, Spinnen, Kakerlaken, Ameisen, sicher gr\u00fcn und harmlos, 4 St\u00fcck<\/p>\n","protected":false},"featured_media":964,"comment_status":"open","ping_status":"closed","template":"","meta":[],"product_cat":[15],"product_tag":[],"class_list":{"0":"post-965","1":"product","2":"type-product","3":"status-publish","4":"has-post-thumbnail","6":"product_cat-sin-categorizar","7":"nodate","8":"item-wrap","10":"first","11":"instock","12":"shipping-taxable","13":"product-type-external"},"_links":{"self":[{"href":"https:\/\/lofimusic.com.es\/index.php\/wp-json\/wp\/v2\/product\/965","targetHints":{"allow":["GET"]}}],"collection":[{"href":"https:\/\/lofimusic.com.es\/index.php\/wp-json\/wp\/v2\/product"}],"about":[{"href":"https:\/\/lofimusic.com.es\/index.php\/wp-json\/wp\/v2\/types\/product"}],"replies":[{"embeddable":true,"href":"https:\/\/lofimusic.com.es\/index.php\/wp-json\/wp\/v2\/comments?post=965"}],"wp:featuredmedia":[{"embeddable":true,"href":"https:\/\/lofimusic.com.es\/index.php\/wp-json\/wp\/v2\/media\/964"}],"wp:attachment":[{"href":"https:\/\/lofimusic.com.es\/index.php\/wp-json\/wp\/v2\/media?parent=965"}],"wp:term":[{"taxonomy":"product_cat","embeddable":true,"href":"https:\/\/lofimusic.com.es\/index.php\/wp-json\/wp\/v2\/product_cat?post=965"},{"taxonomy":"product_tag","embeddable":true,"href":"https:\/\/lofimusic.com.es\/index.php\/wp-json\/wp\/v2\/product_tag?post=965"}],"curies":[{"name":"wp","href":"https:\/\/api.w.org\/{rel}","templated":true}]}}