{"id":961,"date":"2024-09-14T02:54:03","date_gmt":"2024-09-14T02:54:03","guid":{"rendered":"https:\/\/lofimusic.com.es\/index.php\/producto\/b0ddtf9pl5_de\/"},"modified":"2024-09-14T02:54:03","modified_gmt":"2024-09-14T02:54:03","slug":"b0ddtf9pl5_de","status":"publish","type":"product","link":"https:\/\/lofimusic.com.es\/index.php\/producto\/b0ddtf9pl5_de\/","title":{"rendered":"B0DDTF9PL5_DE"},"content":{"rendered":"<p>&#8211; ERSTKLASSIGE GER\u00c4USCHREDUKTION &#8211; WLSCTY Ohrst\u00f6psel sind ein wiederverwendbarer und langlebiger Geh\u00f6rschutz, liefert Geh\u00f6rschutz Schlafen h\u00f6chste (Schnarch-) Ger\u00e4uschreduzierung durch Zugabe von einen weichen,ger\u00e4uschd\u00e4mpfenden Kern auf der Innenseite der Ohrst\u00f6psel.Ohrst\u00f6psel Set ist ideal f\u00fcr Schlafen, Bau, Konzerte, Jagd, Schie\u00dfen, Arbeit, Test, Lernen, Schnarchen und allgemeinen Geh\u00f6rschutz, au\u00dferdem allen Arten von lauten Aktivit\u00e4ten, sowie Veranstaltungen<br \/>\n&#8211; OPTIMALER KOMFORT &#8211; Diese l\u00e4rmreduzierenden Ohrst\u00f6psel gibt es in 3 verschiedenen Gr\u00f6\u00dfen, sodass du immer die perfekte Passform findest,um einen optimalen Komfort und Stille f\u00fcr den ganzen Abend zu garantieren! Sie setzen sich nicht auf und verbleiben w\u00e4hrend des Schlafs an ihrem Platz.<br \/>\n&#8211; VIELSEITIG EINSATZBAR &#8211; WLSCTY Ohrst\u00f6psel sind vielseitige Ohrst\u00f6psel, die in vielen Situationen Schutz vor lauten Ger\u00e4uschen und Hintergrundger\u00e4uschen bieten. Sie eignen sich hervorragend zum Schlafen und k\u00f6nnen dir helfen, dich beim Lernen, Arbeiten oder Lesen zu konzentrieren. Und nat\u00fcrlich sind sie ein Muss auf Reisen oder beim Pendeln.<br \/>\n&#8211; GEPR\u00dcFT UND ZERTIFIZIERT &#8211; Gr\u00fcndlich erprobt und bewiesen, dass die hohe L\u00e4rmreduzierung von 30 dB (SNR) entsprechend den EU mit dem Geh\u00f6rschutz Schlafen erreicht wird. Die ovale 3D-Form der Ohrenst\u00f6psel schlie\u00dft perfekt ab, w\u00e4hrend der weiche, ger\u00e4uschd\u00e4mpfende Kern unerw\u00fcnschte Schallwellen wie ein Schild abschirmt.<br \/>\n&#8211; IM LIEFERUMFANG &#8211; Die umweltfreundliche Verpackung von WLSCTY enth\u00e4lt 2 Paar Ohrst\u00f6psel,3 Gr\u00f6\u00dfen weicher Silikon-Ohrst\u00f6psel-Aufs\u00e4tze (S-L) und 1 praktische Tragetasche. Unsere Ohrst\u00f6psel sind wiederverwendbar und waschbar und bieten eine nachhaltige L\u00f6sung zu Einwegst\u00f6pseln.<\/p>\n","protected":false},"excerpt":{"rendered":"<p>Werbung<br \/>\nOhrst\u00f6psel zum Schlafen &#8211; \ud835\udfd0 \ud835\udc0f\ud835\udc1a\ud835\udc1a\ud835\udc2b Wiederverwendbarer Silikon Geh\u00f6rschutz, Weiche Ohrst\u00f6psel, Ger\u00e4uschreduzierung um \ud835\udfd1\ud835\udfce \ud835\udc1d\ud835\udc1b,zum Reisen, Arbeit, Schlafen und Konzert.<\/p>\n","protected":false},"featured_media":960,"comment_status":"open","ping_status":"closed","template":"","meta":[],"product_cat":[15],"product_tag":[],"class_list":{"0":"post-961","1":"product","2":"type-product","3":"status-publish","4":"has-post-thumbnail","6":"product_cat-sin-categorizar","7":"nodate","8":"item-wrap","10":"first","11":"instock","12":"shipping-taxable","13":"product-type-external"},"_links":{"self":[{"href":"https:\/\/lofimusic.com.es\/index.php\/wp-json\/wp\/v2\/product\/961","targetHints":{"allow":["GET"]}}],"collection":[{"href":"https:\/\/lofimusic.com.es\/index.php\/wp-json\/wp\/v2\/product"}],"about":[{"href":"https:\/\/lofimusic.com.es\/index.php\/wp-json\/wp\/v2\/types\/product"}],"replies":[{"embeddable":true,"href":"https:\/\/lofimusic.com.es\/index.php\/wp-json\/wp\/v2\/comments?post=961"}],"wp:featuredmedia":[{"embeddable":true,"href":"https:\/\/lofimusic.com.es\/index.php\/wp-json\/wp\/v2\/media\/960"}],"wp:attachment":[{"href":"https:\/\/lofimusic.com.es\/index.php\/wp-json\/wp\/v2\/media?parent=961"}],"wp:term":[{"taxonomy":"product_cat","embeddable":true,"href":"https:\/\/lofimusic.com.es\/index.php\/wp-json\/wp\/v2\/product_cat?post=961"},{"taxonomy":"product_tag","embeddable":true,"href":"https:\/\/lofimusic.com.es\/index.php\/wp-json\/wp\/v2\/product_tag?post=961"}],"curies":[{"name":"wp","href":"https:\/\/api.w.org\/{rel}","templated":true}]}}