{"id":957,"date":"2024-09-14T02:49:04","date_gmt":"2024-09-14T02:49:04","guid":{"rendered":"https:\/\/lofimusic.com.es\/index.php\/producto\/b0d5hcbnyh_de\/"},"modified":"2024-09-14T02:49:04","modified_gmt":"2024-09-14T02:49:04","slug":"b0d5hcbnyh_de","status":"publish","type":"product","link":"https:\/\/lofimusic.com.es\/index.php\/producto\/b0d5hcbnyh_de\/","title":{"rendered":"B0D5HCBNYH_DE"},"content":{"rendered":"<p>&#8211; STARTEN SIE IHREN TAG MIT PERFEKTEN AUGENBRAUEN &#8211; Das ELVASO Augenbrauen Lifting Set ist speziell formuliert, um Ihre Augenbrauen zu laminieren und ihnen mehr Charme und Pers\u00f6nlichkeit zu verleihen. Verabschieden Sie sich von Make-up und genie\u00dfen Sie den wunderbaren Salon-Effekt, der Ihre Augen aufhellt und betont, ohne dass eine Wartung erforderlich ist!<br \/>\n&#8211; BIETEN SIE SUPERMODEL-PFLEGE F\u00dcR IHRE AUGENBRAUEN &#8211; Verabschieden Sie sich von sp\u00e4rlichen, unregelm\u00e4\u00dfigen Augenbrauen, die Sie m\u00fcde aussehen lassen. Unser brow lifting set wird sofort die Richtung Ihrer Augenbrauen neu trainieren und verbessern, so dass sie voller, dicker und perfekt geformt aussehen.<br \/>\n&#8211; EINFACH ZU VERWENDENES, ALL-IN-ONE AUGENBRAUEN-KIT &#8211; Enth\u00e4lt alles, was Sie brauchen, um vollere, dickere, sch\u00f6ne Augenbrauen zu kreieren. Wir stellen Ihnen Werkzeuge f\u00fcr 6-10 umfassende Behandlungen von Anfang bis Ende zur Verf\u00fcgung. Wir bieten auch unseren exklusiven, leicht verst\u00e4ndlichen Expertenleitfaden an, um Ihnen zu helfen, die besten Ergebnisse zu erzielen!<br \/>\n&#8211; SALON-GEPR\u00dcFT &amp; TIERVERSUCHSFREI &#8211; Alle ELVASO Brow-Produkte werden von qualifizierten Wimpern- und Augenbrauenprofis getestet und zertifiziert, um sicherzustellen, dass sie h\u00f6chsten Standards entsprechen. Dar\u00fcber hinaus verpflichten wir uns, niemals Tierversuche durchzuf\u00fchren. Mit \u00fcber 16 Jahren Erfahrung in der Augenbrauenpflege k\u00f6nnen Sie sich darauf verlassen, dass Sie immer die besten Werkzeuge, Accessoires und Materialien von ELVASO Brow erhalten!<br \/>\n&#8211; SUPER ERSCHWINGLICH &#8211; Die Kosten f\u00fcr das Augenbrauen-Laminieren liegen in Sch\u00f6nheitssalons zwischen 80 und 200 EUR. Das ELVASO Brow Kit bietet Ihnen den gleichen Reiz, jedoch zu einem erschwinglichen Preis.<\/p>\n","protected":false},"excerpt":{"rendered":"<p>Werbung<br \/>\nAugenbrauen Lifting Set, DIY Brow Lifting Set f\u00fcr Ihre Brauen zu Hause, Sofortiges Professionelles Brow Lamination Kit f\u00fcr Vollere Augenbrauen, Einfach zu Verwenden und Lang Anhaltende Ergebnisse<\/p>\n","protected":false},"featured_media":956,"comment_status":"open","ping_status":"closed","template":"","meta":[],"product_cat":[15],"product_tag":[],"class_list":{"0":"post-957","1":"product","2":"type-product","3":"status-publish","4":"has-post-thumbnail","6":"product_cat-sin-categorizar","7":"nodate","8":"item-wrap","10":"first","11":"instock","12":"shipping-taxable","13":"product-type-external"},"_links":{"self":[{"href":"https:\/\/lofimusic.com.es\/index.php\/wp-json\/wp\/v2\/product\/957","targetHints":{"allow":["GET"]}}],"collection":[{"href":"https:\/\/lofimusic.com.es\/index.php\/wp-json\/wp\/v2\/product"}],"about":[{"href":"https:\/\/lofimusic.com.es\/index.php\/wp-json\/wp\/v2\/types\/product"}],"replies":[{"embeddable":true,"href":"https:\/\/lofimusic.com.es\/index.php\/wp-json\/wp\/v2\/comments?post=957"}],"wp:featuredmedia":[{"embeddable":true,"href":"https:\/\/lofimusic.com.es\/index.php\/wp-json\/wp\/v2\/media\/956"}],"wp:attachment":[{"href":"https:\/\/lofimusic.com.es\/index.php\/wp-json\/wp\/v2\/media?parent=957"}],"wp:term":[{"taxonomy":"product_cat","embeddable":true,"href":"https:\/\/lofimusic.com.es\/index.php\/wp-json\/wp\/v2\/product_cat?post=957"},{"taxonomy":"product_tag","embeddable":true,"href":"https:\/\/lofimusic.com.es\/index.php\/wp-json\/wp\/v2\/product_tag?post=957"}],"curies":[{"name":"wp","href":"https:\/\/api.w.org\/{rel}","templated":true}]}}