{"id":953,"date":"2024-09-14T02:44:05","date_gmt":"2024-09-14T02:44:05","guid":{"rendered":"https:\/\/lofimusic.com.es\/index.php\/producto\/b0dbv5wztz_de\/"},"modified":"2024-09-14T02:44:05","modified_gmt":"2024-09-14T02:44:05","slug":"b0dbv5wztz_de","status":"publish","type":"product","link":"https:\/\/lofimusic.com.es\/index.php\/producto\/b0dbv5wztz_de\/","title":{"rendered":"B0DBV5WZTZ_DE"},"content":{"rendered":"<p>&#8211; \u30104-in-1-Multifunktions-bodenmessger\u00e4t\u3011:Dieser ph messger\u00e4t boden kann den PH-Wert des Bodens, die Feuchtigkeit der Umgebung, die Feuchtigkeit und die Temperatur des Bodens und die Intensit\u00e4t des Lichts testen, was Sie genau wissen l\u00e4sst, wann Ihre Pflanzen bew\u00e4ssert werden m\u00fcssen, ein guter Begleiter f\u00fcr die Pflanzen und ein Must-Have f\u00fcr G\u00e4rten und Farmen!<br \/>\n&#8211; \u3010LCD-Display mit gr\u00fcner Hintergrundbeleuchtung\u3011Genauer als herk\u00f6mmliche Feuchtigkeitsmesser Pflanzen, k\u00f6nnen die Testdaten intuitiv auf dem Bildschirm angezeigt werden, und die Verwendung eines gro\u00dfen LCD-Displays mit gr\u00fcner Hintergrundbeleuchtung kann den Wert von Tag und Nacht deutlich anzeigen. Dieses Produkt ben\u00f6tigt drei AAA1,5V-Batterien und gibt einen Alarm aus, wenn die Batterien schwach sind. (Batterien sind nicht im Lieferumfang des Bodentesters enthalten).<br \/>\n&#8211; \u3010Bequemlichkeit und Benutzerfreundlichkeit\u3011: Schrubben Sie einfach die ph wert messger\u00e4t erde -Sonde sauber und stecken Sie es 7-10cm in den Boden vor jedem Test, warten Sie 5-10 Sekunden und das Display zeigt Ihnen die Daten an, Sie k\u00f6nnen auch die obere Taste dr\u00fccken, um zwischen den verschiedenen Werten zu wechseln.Hinweis: Entfernen Sie die rote Schutzh\u00fclle von der Sonde, bevor Sie den boden ph messger\u00e4t verwenden.<br \/>\n&#8211; \u3010Breiter Einsatzbereich\u3011: Innen- und Au\u00dfengebrauch, der Pflanzenwasserz\u00e4hler kann im Garten, Bauernhof, Topfpflanzen, Sukkulenten und vielen anderen Gelegenheiten verwendet werden, um zu helfen, Ihren Garten oder Rasen im besten Zustand zu halten!<br \/>\n&#8211; \u3010Zufriedenstellender Kundendienst\u3011\uff1aWenn Sie Fragen und Anregungen zu diesem ph tester erde haben, werden wir uns Ihre Fragen anh\u00f6ren und Ihre Probleme schnell l\u00f6sen. Wir werden jedem Kunden helfen, alle Probleme mit dem Produkt zu l\u00f6sen!<\/p>\n","protected":false},"excerpt":{"rendered":"<p>Werbung<br \/>\nCaewous ph messger\u00e4t Erde, 4-in-1 Digital Plant bodenmessger\u00e4t with PH Value\/Temperature\/Feuchtigkeit\/Licht f\u00fcr Gartenarbeit, Farm, Rasen, Landwirtschaft und Outdoor-Pflanzen<\/p>\n","protected":false},"featured_media":952,"comment_status":"open","ping_status":"closed","template":"","meta":[],"product_cat":[15],"product_tag":[],"class_list":{"0":"post-953","1":"product","2":"type-product","3":"status-publish","4":"has-post-thumbnail","6":"product_cat-sin-categorizar","7":"nodate","8":"item-wrap","10":"first","11":"instock","12":"shipping-taxable","13":"product-type-external"},"_links":{"self":[{"href":"https:\/\/lofimusic.com.es\/index.php\/wp-json\/wp\/v2\/product\/953","targetHints":{"allow":["GET"]}}],"collection":[{"href":"https:\/\/lofimusic.com.es\/index.php\/wp-json\/wp\/v2\/product"}],"about":[{"href":"https:\/\/lofimusic.com.es\/index.php\/wp-json\/wp\/v2\/types\/product"}],"replies":[{"embeddable":true,"href":"https:\/\/lofimusic.com.es\/index.php\/wp-json\/wp\/v2\/comments?post=953"}],"wp:featuredmedia":[{"embeddable":true,"href":"https:\/\/lofimusic.com.es\/index.php\/wp-json\/wp\/v2\/media\/952"}],"wp:attachment":[{"href":"https:\/\/lofimusic.com.es\/index.php\/wp-json\/wp\/v2\/media?parent=953"}],"wp:term":[{"taxonomy":"product_cat","embeddable":true,"href":"https:\/\/lofimusic.com.es\/index.php\/wp-json\/wp\/v2\/product_cat?post=953"},{"taxonomy":"product_tag","embeddable":true,"href":"https:\/\/lofimusic.com.es\/index.php\/wp-json\/wp\/v2\/product_tag?post=953"}],"curies":[{"name":"wp","href":"https:\/\/api.w.org\/{rel}","templated":true}]}}