{"id":941,"date":"2024-09-14T02:29:03","date_gmt":"2024-09-14T02:29:03","guid":{"rendered":"https:\/\/lofimusic.com.es\/index.php\/producto\/b0dbhskgs3_de\/"},"modified":"2024-09-14T02:29:03","modified_gmt":"2024-09-14T02:29:03","slug":"b0dbhskgs3_de","status":"publish","type":"product","link":"https:\/\/lofimusic.com.es\/index.php\/producto\/b0dbhskgs3_de\/","title":{"rendered":"B0DBHSKGS3_DE"},"content":{"rendered":"<p>&#8211; \u3010 Effektive Ohrenschmalz Entferner\u3011 Die elektrische Ohrensp\u00fclung von verwendet einen warmen Wasserstrahl, um Ohrenschmalz, Schmutz und Ablagerungen sicher, effektiv und schonend zu entfernen, ohne die Ohrhaut zu besch\u00e4digen. Der stabile und komfortable Wasserdruck sp\u00fclt sanft den Geh\u00f6rgang,weiche Silikon-Ohrst\u00f6psel verhindern, dass der Geh\u00f6rgang gestochen wird, und die aufgeweiteten Spitzen sorgen daf\u00fcr, dass Sie den Ohrreiniger nicht zu tief einf\u00fchren und Ihr Trommelfell sch\u00fctzen.<br \/>\n&#8211; \u3010Temperature Display\u3011Die Verwendung von zu kaltem\/hei\u00dfem Wasser kann Ihre Ohren sch\u00e4digen und zu Schwindel, Migr\u00e4ne usw. f\u00fchren. Bitte f\u00fcgen Sie warmes Wasser hinzu, dessen Temperatur Ihrer K\u00f6rpertemperatur entspricht (37\u00b0C\u00b12\u00b0C) (95\u00b0F~102\u00b0F).Die Ohrenschmalzentfernung verf\u00fcgt \u00fcber eine Funktion zur Erkennung der Wassertemperatur, um sicherzustellen, dass die Wassertemperatur vor der Verwendung zum Sp\u00fclen geeignet ist.<br \/>\n&#8211; \u3010Mehrere Reinigungsmodi und D\u00fcsenkonstruktion\u3011 Unser Ohrenreiniger bietet 4 Reinigungsmodi, von sanfter Reinigung bis gr\u00fcndliche Entfernung von Ohrenschmalz, um den Bed\u00fcrfnissen unterschiedlicher Personen gerecht zu werden. Er wird mit zwei D\u00fcsenoptionen (Diffusionsd\u00fcse und Zentralisierte D\u00fcse) geliefert, um bessere Reinigungsergebnisse zu erzielen.<br \/>\n&#8211; \u3010IPX7 Wasserdicht \u3011Dieses ohrenschmalz entferner ist f\u00fcr eine einfache Einhandbedienung konzipiert! Die gut sitzenden Ohrensch\u00fctzer und das automatische Abflussdesign verhindern, dass das Abwasser spritzt und Ihre Kleidung oder Ihren Hals w\u00e4hrend der ohrensp\u00fclung nass macht. Die Reinigung Ihrer Ohren ist jetzt so einfach wie das Telefonieren. Die Wasserdichtigkeit nach IPX7 erm\u00f6glicht eine bequeme Verwendung beim Duschen.<br \/>\n&#8211; \u3010Komplettes Ohrenreiniger\u3011Dieser wasserbetriebene Ohrenschmalzentferner ist mit einem 2000mAh-Akku ausgestattet, der in der Regel etwa 3 Stunden lang arbeiten kann. Im Lieferumfang enthalten sind eine Ohrreinigungsmaschine, ein Wasserbecken, 6 austauschbare D\u00fcsen (3*Diffusionsd\u00fcse und 3*Zentralisierte D\u00fcse), ein USB-C-Kabel und ein Benutzerhandbuch.<\/p>\n","protected":false},"excerpt":{"rendered":"<p>Werbung<br \/>\nHassoKon Ohrenreiniger Ohrenschmalz Entferner,Elektrischer Ohrreiniger f\u00fcr Erwachsene,Ohrsp\u00fclung f\u00fcr den Heimgebrauch, Wiederaufladbar Ohrreiniger f\u00fcr Erwachsene Kinder, IPX7 Wasserdicht (Schwarz)<\/p>\n","protected":false},"featured_media":940,"comment_status":"open","ping_status":"closed","template":"","meta":[],"product_cat":[15],"product_tag":[],"class_list":{"0":"post-941","1":"product","2":"type-product","3":"status-publish","4":"has-post-thumbnail","6":"product_cat-sin-categorizar","7":"nodate","8":"item-wrap","10":"first","11":"instock","12":"shipping-taxable","13":"product-type-external"},"_links":{"self":[{"href":"https:\/\/lofimusic.com.es\/index.php\/wp-json\/wp\/v2\/product\/941","targetHints":{"allow":["GET"]}}],"collection":[{"href":"https:\/\/lofimusic.com.es\/index.php\/wp-json\/wp\/v2\/product"}],"about":[{"href":"https:\/\/lofimusic.com.es\/index.php\/wp-json\/wp\/v2\/types\/product"}],"replies":[{"embeddable":true,"href":"https:\/\/lofimusic.com.es\/index.php\/wp-json\/wp\/v2\/comments?post=941"}],"wp:featuredmedia":[{"embeddable":true,"href":"https:\/\/lofimusic.com.es\/index.php\/wp-json\/wp\/v2\/media\/940"}],"wp:attachment":[{"href":"https:\/\/lofimusic.com.es\/index.php\/wp-json\/wp\/v2\/media?parent=941"}],"wp:term":[{"taxonomy":"product_cat","embeddable":true,"href":"https:\/\/lofimusic.com.es\/index.php\/wp-json\/wp\/v2\/product_cat?post=941"},{"taxonomy":"product_tag","embeddable":true,"href":"https:\/\/lofimusic.com.es\/index.php\/wp-json\/wp\/v2\/product_tag?post=941"}],"curies":[{"name":"wp","href":"https:\/\/api.w.org\/{rel}","templated":true}]}}