{"id":937,"date":"2024-09-14T02:24:05","date_gmt":"2024-09-14T02:24:05","guid":{"rendered":"https:\/\/lofimusic.com.es\/index.php\/producto\/b0ddg94h8f_de\/"},"modified":"2024-09-14T02:24:05","modified_gmt":"2024-09-14T02:24:05","slug":"b0ddg94h8f_de","status":"publish","type":"product","link":"https:\/\/lofimusic.com.es\/index.php\/producto\/b0ddg94h8f_de\/","title":{"rendered":"B0DDG94H8F_DE"},"content":{"rendered":"<p>&#8211; \u3010Wie funktioniert der Ultraschall-Maulwurfvertreiber\u3011 Stimuliert das zentrale Nervensystem der M\u00e4use durch Vibrieren und Aussendung von Schallwellen von 400 bis 1000 Hz, dann jagen Sie sie. Dadurch f\u00fchlen sich Tiere unwohl und kann abgelehnt werden, ohne sie zu besch\u00e4digen. Es kann Maulw\u00fcrfe, Schlangen, Kakerlaken, Nagetiere, Ratten, M\u00e4use und andere zerst\u00f6rerische Nagetiere vertreiben. Sicher f\u00fcr die Umwelt, Mensch und Tier.<br \/>\n&#8211; Wasserdicht und IP65 wasserdicht: Solar-Maulwurfschreck mit ausgezeichneter Wasserbest\u00e4ndigkeit und kann auch an regnerischen Tagen kontinuierlich arbeiten. Hergestellt aus strapazierf\u00e4higem ABS-Kunststoff und korrosionsbest\u00e4ndigem Aluminium, keine Strahlung, Chemikalien oder Ger\u00fcche, sicher f\u00fcr Menschen und unsere Haustiere.<br \/>\n&#8211; \u3010Solarladung\u3011 Angetrieben durch eine Solarzelle, keine zus\u00e4tzliche Batterie erforderlich. Wenn Sie es an einem sonnigen Ort installieren, k\u00f6nnen Sie den eingebauten Akku jederzeit aufladen und m\u00fcssen sich keine Sorgen machen, dass der Akku verloren geht. Da die Pr\u00e4zisionsleistung des Solarpanels verbessert wurde. Eine volle Ladung kann 5-7 Tage lang arbeiten, um die normale Arbeit an regnerischen oder bew\u00f6lkten Tagen zu gew\u00e4hrleisten.<br \/>\n&#8211; \u3010Unsch\u00e4dlich f\u00fcr Mensch und Tier\u3011 Der Ultraschall-Solar-Repellent sendet starke Vibrationswellen und akustische Signale aus. Es macht die Tiere unangenehm und kann abgelehnt werden, ohne sie zu verletzen. Da dies ein Ultraschallsensor ist, k\u00f6nnen Sie ein kleines Ger\u00e4usch h\u00f6ren. Es ist unsch\u00e4dlich f\u00fcr Mensch und Tier, aber es wird empfohlen, es drau\u00dfen zu platzieren.<br \/>\n&#8211; EFFIZIENTE MAULWURFBEK\u00c4MPFUNG OHNE CHEMIE: Die solarbetriebene Sch\u00e4dlingsabwehr von bek\u00e4mpft effektiv Maulw\u00fcrfe, W\u00fchlm\u00e4use und andere Nagetiere mit Ultraschallwellen und Vibrationen.<\/p>\n","protected":false},"excerpt":{"rendered":"<p>Werbung<br \/>\nHENESE 4 St\u00fcck Maulwurf Vertreiber Solar Maulwurfabwehr Maulwurfschreck M\u00e4use Vertreiben W\u00fchlmaus Schussfalle Ultraschall Tiervertreiber Sch\u00e4dlingsbek\u00e4mpfung f\u00fcr Drau\u00dfen Rasen Gartenh\u00f6fe<\/p>\n","protected":false},"featured_media":935,"comment_status":"open","ping_status":"closed","template":"","meta":[],"product_cat":[15],"product_tag":[],"class_list":{"0":"post-937","1":"product","2":"type-product","3":"status-publish","4":"has-post-thumbnail","6":"product_cat-sin-categorizar","7":"nodate","8":"item-wrap","10":"first","11":"instock","12":"shipping-taxable","13":"product-type-external"},"_links":{"self":[{"href":"https:\/\/lofimusic.com.es\/index.php\/wp-json\/wp\/v2\/product\/937","targetHints":{"allow":["GET"]}}],"collection":[{"href":"https:\/\/lofimusic.com.es\/index.php\/wp-json\/wp\/v2\/product"}],"about":[{"href":"https:\/\/lofimusic.com.es\/index.php\/wp-json\/wp\/v2\/types\/product"}],"replies":[{"embeddable":true,"href":"https:\/\/lofimusic.com.es\/index.php\/wp-json\/wp\/v2\/comments?post=937"}],"wp:featuredmedia":[{"embeddable":true,"href":"https:\/\/lofimusic.com.es\/index.php\/wp-json\/wp\/v2\/media\/935"}],"wp:attachment":[{"href":"https:\/\/lofimusic.com.es\/index.php\/wp-json\/wp\/v2\/media?parent=937"}],"wp:term":[{"taxonomy":"product_cat","embeddable":true,"href":"https:\/\/lofimusic.com.es\/index.php\/wp-json\/wp\/v2\/product_cat?post=937"},{"taxonomy":"product_tag","embeddable":true,"href":"https:\/\/lofimusic.com.es\/index.php\/wp-json\/wp\/v2\/product_tag?post=937"}],"curies":[{"name":"wp","href":"https:\/\/api.w.org\/{rel}","templated":true}]}}