{"id":931,"date":"2024-09-14T02:19:03","date_gmt":"2024-09-14T02:19:03","guid":{"rendered":"https:\/\/lofimusic.com.es\/index.php\/producto\/b0d72hwp9l_de\/"},"modified":"2024-09-14T02:19:03","modified_gmt":"2024-09-14T02:19:03","slug":"b0d72hwp9l_de","status":"publish","type":"product","link":"https:\/\/lofimusic.com.es\/index.php\/producto\/b0d72hwp9l_de\/","title":{"rendered":"B0D72HWP9L_DE"},"content":{"rendered":"<p>&#8211; \ud83c\udf87\ud83e\udd9f\u3010Hohe Qualit\u00e4t &amp; Effektive Insektenvernichtung\u3011 Die M\u00fcckenabwehr wurde von einem soliden Eisennetz umgeben, die Schale ist aus hochwertigem ABS-Material gefertigt. Verwenden Sie das UV-Licht, um fliegende Insekten anzulocken und fliegende Insekten durch ein Hochdrucknetz zu t\u00f6ten.<br \/>\n&#8211; \ud83c\udf87\ud83e\udd9f\u3010Gro\u00dfe effektive Reichweite\u3011 Unser Plug-in-Insektenvernichter ist mit fortschrittlicher UV-Lichttechnologie ausgestattet, die Sch\u00e4dlinge in einem gro\u00dfz\u00fcgigen Radius von bis zu 100 Fu\u00df effektiv anlockt. Diese hochmoderne Funktion sorgt f\u00fcr eine umfassende Abdeckung und bek\u00e4mpft ein breites Spektrum fliegender Insekten, darunter M\u00fccken, M\u00fccken, Fliegen und mehr. Verabschieden Sie sich von l\u00e4stigen Sch\u00e4dlingen, die in Ihre Innenr\u00e4ume eindringen, mit unserem hocheffizienten M\u00fcckenvernichter.<br \/>\n&#8211; \ud83c\udf384\ufe0f\u20e3\u3010 Praktisches 4 Pack f\u00fcr verbesserte Abdeckung \u3011 Jeder Kauf beinhaltet zwei Plug-in-Insektenvernichter, Ihnen doppelten Schutz f\u00fcr Ihre Innenr\u00e4ume bieten. Ganz gleich, ob Sie mehrere R\u00e4ume abdecken m\u00fcssen oder ein Backup-Ger\u00e4t f\u00fcr zus\u00e4tzliche Sicherheit w\u00fcnschen, unser 4 Pack sorgt daf\u00fcr, Sie ausreichend Abdeckung haben, um Insektenbel\u00e4stigungen effektiv zu bek\u00e4mpfen. Genie\u00dfen Sie Gewissheit, Ihr gesamtes Zuhause mit unserer umfassenden L\u00f6sung vor unerw\u00fcnschten Sch\u00e4dlingen gesch\u00fctzt ist.<br \/>\n&#8211; \ud83c\udf40\u26a1\u3010Sichere und chemische Insektenfalle \u3011 &#8211; Die Insektenschutzlampe beseitigt M\u00fccken in aller Sicherheit durch die Verwendung der hohen Empfindlichkeit von M\u00fccken auf Licht. Die Anti-M\u00fcckenlampe befreit alle fliegenden Insekten. Es gibt keine Chemikalien in diesem kleinen Insektenblitz. Ungiftig, keine Nebenwirkungen. Erh\u00e4ltlich f\u00fcr Kinder, Schwangere und \u00e4ltere Menschen.<br \/>\n&#8211; \ud83e\uddf9\u26a1\u3010Einfach zu bedienen und zu reinigen\u3011 Einfach in die Steckdose einstecken und an einem trockenen Ort platzieren. \u00d6ffnen Sie H\u00fclse, um das Ger\u00e4t vor toten M\u00fccken zu reinigen, stellen Sie sicher, dass das Ger\u00e4t von der Steckdose getrennt ist.<\/p>\n","protected":false},"excerpt":{"rendered":"<p>Werbung<br \/>\nHENESE Insektenfalle M\u00fcckenlampe -4 St\u00fcck Elektronische Insektenfalle &#8211; Insektenvernichter &#8211; Lampe Insektenlampe f\u00fcr Schlafzimmer &#8211; Elektrisches Moskitonetz M\u00fcckenvernichterlampe<\/p>\n","protected":false},"featured_media":930,"comment_status":"open","ping_status":"closed","template":"","meta":[],"product_cat":[15],"product_tag":[],"class_list":{"0":"post-931","1":"product","2":"type-product","3":"status-publish","4":"has-post-thumbnail","6":"product_cat-sin-categorizar","7":"nodate","8":"item-wrap","10":"first","11":"instock","12":"shipping-taxable","13":"product-type-external"},"_links":{"self":[{"href":"https:\/\/lofimusic.com.es\/index.php\/wp-json\/wp\/v2\/product\/931","targetHints":{"allow":["GET"]}}],"collection":[{"href":"https:\/\/lofimusic.com.es\/index.php\/wp-json\/wp\/v2\/product"}],"about":[{"href":"https:\/\/lofimusic.com.es\/index.php\/wp-json\/wp\/v2\/types\/product"}],"replies":[{"embeddable":true,"href":"https:\/\/lofimusic.com.es\/index.php\/wp-json\/wp\/v2\/comments?post=931"}],"wp:featuredmedia":[{"embeddable":true,"href":"https:\/\/lofimusic.com.es\/index.php\/wp-json\/wp\/v2\/media\/930"}],"wp:attachment":[{"href":"https:\/\/lofimusic.com.es\/index.php\/wp-json\/wp\/v2\/media?parent=931"}],"wp:term":[{"taxonomy":"product_cat","embeddable":true,"href":"https:\/\/lofimusic.com.es\/index.php\/wp-json\/wp\/v2\/product_cat?post=931"},{"taxonomy":"product_tag","embeddable":true,"href":"https:\/\/lofimusic.com.es\/index.php\/wp-json\/wp\/v2\/product_tag?post=931"}],"curies":[{"name":"wp","href":"https:\/\/api.w.org\/{rel}","templated":true}]}}